{"id":730786,"date":"2025-03-03T16:08:23","date_gmt":"2025-03-03T15:08:23","guid":{"rendered":"https:\/\/stoic-curie.212-227-153-4.plesk.page\/producto\/fermeture-de-panneau-etanche-en-inox-roca-70t\/"},"modified":"2026-02-24T23:08:42","modified_gmt":"2026-02-24T23:08:42","slug":"fermeture-de-panneau-etanche-en-inox-roca-70t","status":"publish","type":"product","link":"https:\/\/stoic-curie.212-227-153-4.plesk.page\/fr\/product\/fermeture-de-panneau-etanche-en-inox-roca-70t\/","title":{"rendered":"Fermeture de panneau \u00e9tanche en inox Roca 70T"},"content":{"rendered":"<p>Fermeture de panneau \u00e9tanche en inox Roca 70T &#8211; <\/p>\n<p>Loquet de compression en acier inoxydable 316 poli miroir avec poign\u00e9e en T et barre de came r\u00e9glable. Utilis\u00e9 pour ouvrir et fermer des cloisons et des trappes. Le loquet doit \u00eatre compl\u00e9t\u00e9 par une barre de came de votre choix.<\/p>\n","protected":false},"excerpt":{"rendered":"<p>Fermeture de panneau \u00e9tanche en inox Roca 70T &#8211; Loquet de compression en acier inoxydable 316 poli miroir avec poign\u00e9e<\/p>\n","protected":false},"featured_media":5946077,"comment_status":"open","ping_status":"closed","template":"","meta":[],"product_brand":[3314],"product_cat":[1113,1134],"product_tag":[],"class_list":{"0":"post-730786","1":"product","2":"type-product","3":"status-publish","4":"has-post-thumbnail","6":"product_brand-roca-marine-fr","7":"product_cat-loquets-et-poignees","8":"product_cat-serrures","10":"first","11":"instock","12":"shipping-taxable","13":"purchasable","14":"product-type-simple"},"_links":{"self":[{"href":"https:\/\/stoic-curie.212-227-153-4.plesk.page\/fr\/wp-json\/wp\/v2\/product\/730786","targetHints":{"allow":["GET"]}}],"collection":[{"href":"https:\/\/stoic-curie.212-227-153-4.plesk.page\/fr\/wp-json\/wp\/v2\/product"}],"about":[{"href":"https:\/\/stoic-curie.212-227-153-4.plesk.page\/fr\/wp-json\/wp\/v2\/types\/product"}],"replies":[{"embeddable":true,"href":"https:\/\/stoic-curie.212-227-153-4.plesk.page\/fr\/wp-json\/wp\/v2\/comments?post=730786"}],"version-history":[{"count":0,"href":"https:\/\/stoic-curie.212-227-153-4.plesk.page\/fr\/wp-json\/wp\/v2\/product\/730786\/revisions"}],"wp:featuredmedia":[{"embeddable":true,"href":"https:\/\/stoic-curie.212-227-153-4.plesk.page\/fr\/wp-json\/wp\/v2\/media\/5946077"}],"wp:attachment":[{"href":"https:\/\/stoic-curie.212-227-153-4.plesk.page\/fr\/wp-json\/wp\/v2\/media?parent=730786"}],"wp:term":[{"taxonomy":"product_brand","embeddable":true,"href":"https:\/\/stoic-curie.212-227-153-4.plesk.page\/fr\/wp-json\/wp\/v2\/product_brand?post=730786"},{"taxonomy":"product_cat","embeddable":true,"href":"https:\/\/stoic-curie.212-227-153-4.plesk.page\/fr\/wp-json\/wp\/v2\/product_cat?post=730786"},{"taxonomy":"product_tag","embeddable":true,"href":"https:\/\/stoic-curie.212-227-153-4.plesk.page\/fr\/wp-json\/wp\/v2\/product_tag?post=730786"}],"curies":[{"name":"wp","href":"https:\/\/api.w.org\/{rel}","templated":true}]}}