{"id":730790,"date":"2025-03-03T16:08:24","date_gmt":"2025-03-03T15:08:24","guid":{"rendered":"https:\/\/stoic-curie.212-227-153-4.plesk.page\/producto\/radio-vhf-icom-ic-m85e\/"},"modified":"2026-02-24T23:08:42","modified_gmt":"2026-02-24T23:08:42","slug":"radio-vhf-icom-ic-m85e","status":"publish","type":"product","link":"https:\/\/stoic-curie.212-227-153-4.plesk.page\/fr\/product\/radio-vhf-icom-ic-m85e\/","title":{"rendered":"Radio VHF Icom IC-M85E"},"content":{"rendered":"<p>Radio VHF Icom IC-M85E &#8211; <\/p>\n<p>IPx7 \u00e9tanche (30 minutes \u00e0 1 m de profondeur) ICOM IC-M87 VHF compact avec une longue autonomie de batterie. VHF marine et bande PMR r\u00e9unies dans un seul appareil. Canaux internationaux et 22 canaux programmables. Fonction Dual\/TriWatch. Puissance d&#8217;\u00e9mission de 5W. Batterie lithium rechargeable et chargeur de batterie. Acc\u00e8s instantan\u00e9 au canal d&#8217;urgence 16. Balayage TAG \u00e0 une touche pour une s\u00e9lection facile. Fonction de verrouillage des touches. Livr\u00e9 avec c\u00e2ble d&#8217;alimentation, microphone, support de montage et manuel d&#8217;utilisation.<\/p>\n","protected":false},"excerpt":{"rendered":"<p>Radio VHF Icom IC-M85E &#8211; IPx7 \u00e9tanche (30 minutes \u00e0 1 m de profondeur) ICOM IC-M87 VHF compact avec une<\/p>\n","protected":false},"featured_media":5946089,"comment_status":"open","ping_status":"closed","template":"","meta":[],"product_brand":[3009],"product_cat":[1170],"product_tag":[],"class_list":{"0":"post-730790","1":"product","2":"type-product","3":"status-publish","4":"has-post-thumbnail","6":"product_brand-icom-marine-fr","7":"product_cat-electronique","9":"first","10":"instock","11":"shipping-taxable","12":"purchasable","13":"product-type-simple"},"_links":{"self":[{"href":"https:\/\/stoic-curie.212-227-153-4.plesk.page\/fr\/wp-json\/wp\/v2\/product\/730790","targetHints":{"allow":["GET"]}}],"collection":[{"href":"https:\/\/stoic-curie.212-227-153-4.plesk.page\/fr\/wp-json\/wp\/v2\/product"}],"about":[{"href":"https:\/\/stoic-curie.212-227-153-4.plesk.page\/fr\/wp-json\/wp\/v2\/types\/product"}],"replies":[{"embeddable":true,"href":"https:\/\/stoic-curie.212-227-153-4.plesk.page\/fr\/wp-json\/wp\/v2\/comments?post=730790"}],"version-history":[{"count":0,"href":"https:\/\/stoic-curie.212-227-153-4.plesk.page\/fr\/wp-json\/wp\/v2\/product\/730790\/revisions"}],"wp:featuredmedia":[{"embeddable":true,"href":"https:\/\/stoic-curie.212-227-153-4.plesk.page\/fr\/wp-json\/wp\/v2\/media\/5946089"}],"wp:attachment":[{"href":"https:\/\/stoic-curie.212-227-153-4.plesk.page\/fr\/wp-json\/wp\/v2\/media?parent=730790"}],"wp:term":[{"taxonomy":"product_brand","embeddable":true,"href":"https:\/\/stoic-curie.212-227-153-4.plesk.page\/fr\/wp-json\/wp\/v2\/product_brand?post=730790"},{"taxonomy":"product_cat","embeddable":true,"href":"https:\/\/stoic-curie.212-227-153-4.plesk.page\/fr\/wp-json\/wp\/v2\/product_cat?post=730790"},{"taxonomy":"product_tag","embeddable":true,"href":"https:\/\/stoic-curie.212-227-153-4.plesk.page\/fr\/wp-json\/wp\/v2\/product_tag?post=730790"}],"curies":[{"name":"wp","href":"https:\/\/api.w.org\/{rel}","templated":true}]}}