{"id":730796,"date":"2025-03-03T16:08:25","date_gmt":"2025-03-03T15:08:25","guid":{"rendered":"https:\/\/stoic-curie.212-227-153-4.plesk.page\/producto\/bottes-de-marin-en-cuir-orca-bay-couleur-charbon-pointure-44\/"},"modified":"2026-02-24T23:08:42","modified_gmt":"2026-02-24T23:08:42","slug":"bottes-de-marin-en-cuir-orca-bay-couleur-charbon-pointure-44","status":"publish","type":"product","link":"https:\/\/stoic-curie.212-227-153-4.plesk.page\/fr\/product\/bottes-de-marin-en-cuir-orca-bay-couleur-charbon-pointure-44\/","title":{"rendered":"Bottes de marin en cuir Orca Bay couleur charbon, pointure 44"},"content":{"rendered":"<p>Bottes de marin en cuir Orca Bay couleur charbon, pointure 44 &#8211; <\/p>\n<p>Bottes de voile Orca Bay Storm \u00e0 triple couche, imperm\u00e9ables et respirantes, pour des performances \u00e9lev\u00e9es et un confort maximal. Semelle en caoutchouc antid\u00e9rapante pour une excellente adh\u00e9rence sur les ponts glissants. Pour un usage r\u00e9cr\u00e9atif, professionnel et en garage en toute saison. Conseils d&#8217;entretien: utilisez une brosse pour enlever les d\u00e9bris et rincez \u00e0 l&#8217;eau froide ou avec un chiffon humide. Laissez s\u00e9cher naturellement. Appliquez occasionnellement un spray imperm\u00e9abilisant pour prot\u00e9ger le cuir et maintenir son imperm\u00e9abilit\u00e9. Il est ensuite conseill\u00e9 d&#8217;appliquer une cr\u00e8me nourrissante transparente pour pr\u00e9server l&#8217;\u00e9lasticit\u00e9 de la peau et laissez s\u00e9cher.<\/p>\n","protected":false},"excerpt":{"rendered":"<p>Bottes de marin en cuir Orca Bay couleur charbon, pointure 44 &#8211; Bottes de voile Orca Bay Storm \u00e0 triple<\/p>\n","protected":false},"featured_media":5946091,"comment_status":"open","ping_status":"closed","template":"","meta":[],"product_brand":[3229],"product_cat":[1285],"product_tag":[],"class_list":{"0":"post-730796","1":"product","2":"type-product","3":"status-publish","4":"has-post-thumbnail","6":"product_brand-orca-bay-fr","7":"product_cat-bottes-de-voile","9":"first","10":"instock","11":"shipping-taxable","12":"purchasable","13":"product-type-simple"},"_links":{"self":[{"href":"https:\/\/stoic-curie.212-227-153-4.plesk.page\/fr\/wp-json\/wp\/v2\/product\/730796","targetHints":{"allow":["GET"]}}],"collection":[{"href":"https:\/\/stoic-curie.212-227-153-4.plesk.page\/fr\/wp-json\/wp\/v2\/product"}],"about":[{"href":"https:\/\/stoic-curie.212-227-153-4.plesk.page\/fr\/wp-json\/wp\/v2\/types\/product"}],"replies":[{"embeddable":true,"href":"https:\/\/stoic-curie.212-227-153-4.plesk.page\/fr\/wp-json\/wp\/v2\/comments?post=730796"}],"version-history":[{"count":0,"href":"https:\/\/stoic-curie.212-227-153-4.plesk.page\/fr\/wp-json\/wp\/v2\/product\/730796\/revisions"}],"wp:featuredmedia":[{"embeddable":true,"href":"https:\/\/stoic-curie.212-227-153-4.plesk.page\/fr\/wp-json\/wp\/v2\/media\/5946091"}],"wp:attachment":[{"href":"https:\/\/stoic-curie.212-227-153-4.plesk.page\/fr\/wp-json\/wp\/v2\/media?parent=730796"}],"wp:term":[{"taxonomy":"product_brand","embeddable":true,"href":"https:\/\/stoic-curie.212-227-153-4.plesk.page\/fr\/wp-json\/wp\/v2\/product_brand?post=730796"},{"taxonomy":"product_cat","embeddable":true,"href":"https:\/\/stoic-curie.212-227-153-4.plesk.page\/fr\/wp-json\/wp\/v2\/product_cat?post=730796"},{"taxonomy":"product_tag","embeddable":true,"href":"https:\/\/stoic-curie.212-227-153-4.plesk.page\/fr\/wp-json\/wp\/v2\/product_tag?post=730796"}],"curies":[{"name":"wp","href":"https:\/\/api.w.org\/{rel}","templated":true}]}}