{"id":730801,"date":"2025-03-03T16:08:26","date_gmt":"2025-03-03T15:08:26","guid":{"rendered":"https:\/\/stoic-curie.212-227-153-4.plesk.page\/producto\/sangle-damarrage-seares-2-m-resistance-20-t\/"},"modified":"2026-02-24T23:08:42","modified_gmt":"2026-02-24T23:08:42","slug":"sangle-damarrage-seares-2-m-resistance-20-t","status":"publish","type":"product","link":"https:\/\/stoic-curie.212-227-153-4.plesk.page\/fr\/product\/sangle-damarrage-seares-2-m-resistance-20-t\/","title":{"rendered":"Sangle d\u2019amarrage Seares, 2\u00a0m, r\u00e9sistance 20\u00a0t"},"content":{"rendered":"<p>Sangle d\u2019amarrage Seares, 2\u00a0m, r\u00e9sistance 20\u00a0t &#8211; <\/p>\n<p>Les ceintures d&#8217;amarrage Seares sont en polyester double couche 100% r\u00e9sistant \u00e0 l&#8217;usure. Elles garantissent \u00e9lasticit\u00e9 et r\u00e9sistance \u00e0 l&#8217;amarrage, id\u00e9ales pour les points d&#8217;amarrage o\u00f9 la corde pourrait \u00eatre endommag\u00e9e par abrasion. Avec une tr\u00e8s haute charge de rupture de 20000 kg (charge de travail 10000 kg).<\/p>\n","protected":false},"excerpt":{"rendered":"<p>Sangle d\u2019amarrage Seares, 2\u00a0m, r\u00e9sistance 20\u00a0t &#8211; Les ceintures d&#8217;amarrage Seares sont en polyester double couche 100% r\u00e9sistant \u00e0 l&#8217;usure.<\/p>\n","protected":false},"featured_media":5946099,"comment_status":"open","ping_status":"closed","template":"","meta":[],"product_brand":[3504],"product_cat":[1050],"product_tag":[],"class_list":{"0":"post-730801","1":"product","2":"type-product","3":"status-publish","4":"has-post-thumbnail","6":"product_brand-unimer-fr","7":"product_cat-amortisseurs-mooring-springs","9":"first","10":"instock","11":"shipping-taxable","12":"purchasable","13":"product-type-simple"},"_links":{"self":[{"href":"https:\/\/stoic-curie.212-227-153-4.plesk.page\/fr\/wp-json\/wp\/v2\/product\/730801","targetHints":{"allow":["GET"]}}],"collection":[{"href":"https:\/\/stoic-curie.212-227-153-4.plesk.page\/fr\/wp-json\/wp\/v2\/product"}],"about":[{"href":"https:\/\/stoic-curie.212-227-153-4.plesk.page\/fr\/wp-json\/wp\/v2\/types\/product"}],"replies":[{"embeddable":true,"href":"https:\/\/stoic-curie.212-227-153-4.plesk.page\/fr\/wp-json\/wp\/v2\/comments?post=730801"}],"version-history":[{"count":0,"href":"https:\/\/stoic-curie.212-227-153-4.plesk.page\/fr\/wp-json\/wp\/v2\/product\/730801\/revisions"}],"wp:featuredmedia":[{"embeddable":true,"href":"https:\/\/stoic-curie.212-227-153-4.plesk.page\/fr\/wp-json\/wp\/v2\/media\/5946099"}],"wp:attachment":[{"href":"https:\/\/stoic-curie.212-227-153-4.plesk.page\/fr\/wp-json\/wp\/v2\/media?parent=730801"}],"wp:term":[{"taxonomy":"product_brand","embeddable":true,"href":"https:\/\/stoic-curie.212-227-153-4.plesk.page\/fr\/wp-json\/wp\/v2\/product_brand?post=730801"},{"taxonomy":"product_cat","embeddable":true,"href":"https:\/\/stoic-curie.212-227-153-4.plesk.page\/fr\/wp-json\/wp\/v2\/product_cat?post=730801"},{"taxonomy":"product_tag","embeddable":true,"href":"https:\/\/stoic-curie.212-227-153-4.plesk.page\/fr\/wp-json\/wp\/v2\/product_tag?post=730801"}],"curies":[{"name":"wp","href":"https:\/\/api.w.org\/{rel}","templated":true}]}}