{"id":730802,"date":"2025-03-03T16:08:26","date_gmt":"2025-03-03T15:08:26","guid":{"rendered":"https:\/\/stoic-curie.212-227-153-4.plesk.page\/producto\/verres-a-eau-antiderapants-mb-select-6-unites\/"},"modified":"2026-02-24T23:08:42","modified_gmt":"2026-02-24T23:08:42","slug":"verres-a-eau-antiderapants-mb-select-6-unites","status":"publish","type":"product","link":"https:\/\/stoic-curie.212-227-153-4.plesk.page\/fr\/product\/verres-a-eau-antiderapants-mb-select-6-unites\/","title":{"rendered":"Verres \u00e0 eau antid\u00e9rapants MB Select, 6\u00a0unit\u00e9s"},"content":{"rendered":"<p>Verres \u00e0 eau antid\u00e9rapants MB Select, 6\u00a0unit\u00e9s &#8211; <\/p>\n<p>Verres \u00e9l\u00e9gants avec une base antid\u00e9rapante. Fabriqu\u00e9s en Tritan certifi\u00e9 100% sans danger pour les aliments. Lavables au lave-vaisselle, incassables et r\u00e9sistants aux taches. 6 pi\u00e8ces par paquet.<\/p>\n","protected":false},"excerpt":{"rendered":"<p>Verres \u00e0 eau antid\u00e9rapants MB Select, 6\u00a0unit\u00e9s &#8211; Verres \u00e9l\u00e9gants avec une base antid\u00e9rapante. Fabriqu\u00e9s en Tritan certifi\u00e9 100% sans<\/p>\n","protected":false},"featured_media":5946101,"comment_status":"open","ping_status":"closed","template":"","meta":[],"product_brand":[3109],"product_cat":[1071],"product_tag":[],"class_list":{"0":"post-730802","1":"product","2":"type-product","3":"status-publish","4":"has-post-thumbnail","6":"product_brand-marine-business-mb-fr","7":"product_cat-vaisselle-de-melamine","9":"first","10":"instock","11":"shipping-taxable","12":"purchasable","13":"product-type-simple"},"_links":{"self":[{"href":"https:\/\/stoic-curie.212-227-153-4.plesk.page\/fr\/wp-json\/wp\/v2\/product\/730802","targetHints":{"allow":["GET"]}}],"collection":[{"href":"https:\/\/stoic-curie.212-227-153-4.plesk.page\/fr\/wp-json\/wp\/v2\/product"}],"about":[{"href":"https:\/\/stoic-curie.212-227-153-4.plesk.page\/fr\/wp-json\/wp\/v2\/types\/product"}],"replies":[{"embeddable":true,"href":"https:\/\/stoic-curie.212-227-153-4.plesk.page\/fr\/wp-json\/wp\/v2\/comments?post=730802"}],"version-history":[{"count":0,"href":"https:\/\/stoic-curie.212-227-153-4.plesk.page\/fr\/wp-json\/wp\/v2\/product\/730802\/revisions"}],"wp:featuredmedia":[{"embeddable":true,"href":"https:\/\/stoic-curie.212-227-153-4.plesk.page\/fr\/wp-json\/wp\/v2\/media\/5946101"}],"wp:attachment":[{"href":"https:\/\/stoic-curie.212-227-153-4.plesk.page\/fr\/wp-json\/wp\/v2\/media?parent=730802"}],"wp:term":[{"taxonomy":"product_brand","embeddable":true,"href":"https:\/\/stoic-curie.212-227-153-4.plesk.page\/fr\/wp-json\/wp\/v2\/product_brand?post=730802"},{"taxonomy":"product_cat","embeddable":true,"href":"https:\/\/stoic-curie.212-227-153-4.plesk.page\/fr\/wp-json\/wp\/v2\/product_cat?post=730802"},{"taxonomy":"product_tag","embeddable":true,"href":"https:\/\/stoic-curie.212-227-153-4.plesk.page\/fr\/wp-json\/wp\/v2\/product_tag?post=730802"}],"curies":[{"name":"wp","href":"https:\/\/api.w.org\/{rel}","templated":true}]}}