{"id":730809,"date":"2025-03-03T16:09:19","date_gmt":"2025-03-03T15:09:19","guid":{"rendered":"https:\/\/stoic-curie.212-227-153-4.plesk.page\/producto\/gilet-flottant-en-neoprene-jobe-couleur-citron-vert-taille-s\/"},"modified":"2026-02-24T23:08:42","modified_gmt":"2026-02-24T23:08:42","slug":"gilet-flottant-en-neoprene-jobe-couleur-citron-vert-taille-s","status":"publish","type":"product","link":"https:\/\/stoic-curie.212-227-153-4.plesk.page\/fr\/product\/gilet-flottant-en-neoprene-jobe-couleur-citron-vert-taille-s\/","title":{"rendered":"Gilet flottant en n\u00e9opr\u00e8ne Jobe, couleur citron vert, taille S"},"content":{"rendered":"<p>Gilet flottant en n\u00e9opr\u00e8ne Jobe, couleur citron vert, taille S &#8211; <\/p>\n<p>Le gilet de flottaison Jobe ISO EN12402-5 approuv\u00e9 de 50N est adapt\u00e9 pour le ski nautique et les sports nautiques, fabriqu\u00e9 en mousse PVC recouverte de n\u00e9opr\u00e8ne pour plus de confort. Il dispose d&#8217;un syst\u00e8me de drainage d&#8217;eau, d&#8217;une fermeture \u00e9clair et d&#8217;une boucle \u00e0 d\u00e9gagement rapide, de sangles ajustables et d&#8217;un anneau D de s\u00e9curit\u00e9 pour attacher un cordon d&#8217;urgence. 50N &#8211; Dispositif de flottaison (pour nageurs r\u00e9guliers).<\/p>\n","protected":false},"excerpt":{"rendered":"<p>Gilet flottant en n\u00e9opr\u00e8ne Jobe, couleur citron vert, taille S &#8211; Le gilet de flottaison Jobe ISO EN12402-5 approuv\u00e9 de<\/p>\n","protected":false},"featured_media":5946106,"comment_status":"open","ping_status":"closed","template":"","meta":[],"product_brand":[3039],"product_cat":[1029,1268],"product_tag":[],"class_list":{"0":"post-730809","1":"product","2":"type-product","3":"status-publish","4":"has-post-thumbnail","6":"product_brand-jobe-sports-fr","7":"product_cat-gilets-bouyancy-aid","8":"product_cat-vestes-de-sport","10":"first","11":"instock","12":"shipping-taxable","13":"purchasable","14":"product-type-simple"},"_links":{"self":[{"href":"https:\/\/stoic-curie.212-227-153-4.plesk.page\/fr\/wp-json\/wp\/v2\/product\/730809","targetHints":{"allow":["GET"]}}],"collection":[{"href":"https:\/\/stoic-curie.212-227-153-4.plesk.page\/fr\/wp-json\/wp\/v2\/product"}],"about":[{"href":"https:\/\/stoic-curie.212-227-153-4.plesk.page\/fr\/wp-json\/wp\/v2\/types\/product"}],"replies":[{"embeddable":true,"href":"https:\/\/stoic-curie.212-227-153-4.plesk.page\/fr\/wp-json\/wp\/v2\/comments?post=730809"}],"version-history":[{"count":0,"href":"https:\/\/stoic-curie.212-227-153-4.plesk.page\/fr\/wp-json\/wp\/v2\/product\/730809\/revisions"}],"wp:featuredmedia":[{"embeddable":true,"href":"https:\/\/stoic-curie.212-227-153-4.plesk.page\/fr\/wp-json\/wp\/v2\/media\/5946106"}],"wp:attachment":[{"href":"https:\/\/stoic-curie.212-227-153-4.plesk.page\/fr\/wp-json\/wp\/v2\/media?parent=730809"}],"wp:term":[{"taxonomy":"product_brand","embeddable":true,"href":"https:\/\/stoic-curie.212-227-153-4.plesk.page\/fr\/wp-json\/wp\/v2\/product_brand?post=730809"},{"taxonomy":"product_cat","embeddable":true,"href":"https:\/\/stoic-curie.212-227-153-4.plesk.page\/fr\/wp-json\/wp\/v2\/product_cat?post=730809"},{"taxonomy":"product_tag","embeddable":true,"href":"https:\/\/stoic-curie.212-227-153-4.plesk.page\/fr\/wp-json\/wp\/v2\/product_tag?post=730809"}],"curies":[{"name":"wp","href":"https:\/\/api.w.org\/{rel}","templated":true}]}}