{"id":730820,"date":"2025-03-03T16:09:22","date_gmt":"2025-03-03T15:09:22","guid":{"rendered":"https:\/\/stoic-curie.212-227-153-4.plesk.page\/producto\/porte-canne-a-peche-reglable-h-300-x-d-40-mm\/"},"modified":"2026-02-24T23:08:42","modified_gmt":"2026-02-24T23:08:42","slug":"porte-canne-a-peche-reglable-h-300-x-d-40-mm","status":"publish","type":"product","link":"https:\/\/stoic-curie.212-227-153-4.plesk.page\/fr\/product\/porte-canne-a-peche-reglable-h-300-x-d-40-mm\/","title":{"rendered":"Porte-canne \u00e0 p\u00eache r\u00e9glable, H\u00a0300\u00a0x\u00a0D\u00a040\u00a0mm"},"content":{"rendered":"<p>Porte-canne \u00e0 p\u00eache r\u00e9glable, H\u00a0300\u00a0x\u00a0D\u00a040\u00a0mm &#8211; <\/p>\n<p>Support de canne r\u00e9glable en laiton chrom\u00e9 avec base plate et protection en caoutchouc. Gr\u00e2ce \u00e0 la fixation \u00e0 clic, il se retire facilement et garde le pont d\u00e9gag\u00e9.<\/p>\n","protected":false},"excerpt":{"rendered":"<p>Porte-canne \u00e0 p\u00eache r\u00e9glable, H\u00a0300\u00a0x\u00a0D\u00a040\u00a0mm &#8211; Support de canne r\u00e9glable en laiton chrom\u00e9 avec base plate et protection en caoutchouc.<\/p>\n","protected":false},"featured_media":5946107,"comment_status":"open","ping_status":"closed","template":"","meta":[],"product_brand":[2944],"product_cat":[1106],"product_tag":[],"class_list":{"0":"post-730820","1":"product","2":"type-product","3":"status-publish","4":"has-post-thumbnail","6":"product_brand-foresti-suardi-fr","7":"product_cat-porte-cannes","9":"first","10":"instock","11":"shipping-taxable","12":"purchasable","13":"product-type-simple"},"_links":{"self":[{"href":"https:\/\/stoic-curie.212-227-153-4.plesk.page\/fr\/wp-json\/wp\/v2\/product\/730820","targetHints":{"allow":["GET"]}}],"collection":[{"href":"https:\/\/stoic-curie.212-227-153-4.plesk.page\/fr\/wp-json\/wp\/v2\/product"}],"about":[{"href":"https:\/\/stoic-curie.212-227-153-4.plesk.page\/fr\/wp-json\/wp\/v2\/types\/product"}],"replies":[{"embeddable":true,"href":"https:\/\/stoic-curie.212-227-153-4.plesk.page\/fr\/wp-json\/wp\/v2\/comments?post=730820"}],"version-history":[{"count":0,"href":"https:\/\/stoic-curie.212-227-153-4.plesk.page\/fr\/wp-json\/wp\/v2\/product\/730820\/revisions"}],"wp:featuredmedia":[{"embeddable":true,"href":"https:\/\/stoic-curie.212-227-153-4.plesk.page\/fr\/wp-json\/wp\/v2\/media\/5946107"}],"wp:attachment":[{"href":"https:\/\/stoic-curie.212-227-153-4.plesk.page\/fr\/wp-json\/wp\/v2\/media?parent=730820"}],"wp:term":[{"taxonomy":"product_brand","embeddable":true,"href":"https:\/\/stoic-curie.212-227-153-4.plesk.page\/fr\/wp-json\/wp\/v2\/product_brand?post=730820"},{"taxonomy":"product_cat","embeddable":true,"href":"https:\/\/stoic-curie.212-227-153-4.plesk.page\/fr\/wp-json\/wp\/v2\/product_cat?post=730820"},{"taxonomy":"product_tag","embeddable":true,"href":"https:\/\/stoic-curie.212-227-153-4.plesk.page\/fr\/wp-json\/wp\/v2\/product_tag?post=730820"}],"curies":[{"name":"wp","href":"https:\/\/api.w.org\/{rel}","templated":true}]}}