{"id":730821,"date":"2025-03-03T16:09:22","date_gmt":"2025-03-03T15:09:22","guid":{"rendered":"https:\/\/stoic-curie.212-227-153-4.plesk.page\/producto\/nable-a-carburant-chrome-a-cle-d-38-mm\/"},"modified":"2026-02-24T23:08:42","modified_gmt":"2026-02-24T23:08:42","slug":"nable-a-carburant-chrome-a-cle-d-38-mm","status":"publish","type":"product","link":"https:\/\/stoic-curie.212-227-153-4.plesk.page\/fr\/product\/nable-a-carburant-chrome-a-cle-d-38-mm\/","title":{"rendered":"Nable \u00e0 carburant chrom\u00e9 \u00e0 cl\u00e9, D\u00a038\u00a0mm"},"content":{"rendered":"<p>Nable \u00e0 carburant chrom\u00e9 \u00e0 cl\u00e9, D\u00a038\u00a0mm &#8211; <\/p>\n<p>Verrou \u00e0 cl\u00e9 en laiton chrom\u00e9 avec levier pour l&#8217;ouverture et la fermeture. Fermeture \u00e9tanche et imperm\u00e9able.<\/p>\n","protected":false},"excerpt":{"rendered":"<p>Nable \u00e0 carburant chrom\u00e9 \u00e0 cl\u00e9, D\u00a038\u00a0mm &#8211; Verrou \u00e0 cl\u00e9 en laiton chrom\u00e9 avec levier pour l&#8217;ouverture et la<\/p>\n","protected":false},"featured_media":5946111,"comment_status":"open","ping_status":"closed","template":"","meta":[],"product_brand":[2944],"product_cat":[1227],"product_tag":[],"class_list":{"0":"post-730821","1":"product","2":"type-product","3":"status-publish","4":"has-post-thumbnail","6":"product_brand-foresti-suardi-fr","7":"product_cat-remplisseurs-de-carburant","9":"first","10":"instock","11":"shipping-taxable","12":"purchasable","13":"product-type-simple"},"_links":{"self":[{"href":"https:\/\/stoic-curie.212-227-153-4.plesk.page\/fr\/wp-json\/wp\/v2\/product\/730821","targetHints":{"allow":["GET"]}}],"collection":[{"href":"https:\/\/stoic-curie.212-227-153-4.plesk.page\/fr\/wp-json\/wp\/v2\/product"}],"about":[{"href":"https:\/\/stoic-curie.212-227-153-4.plesk.page\/fr\/wp-json\/wp\/v2\/types\/product"}],"replies":[{"embeddable":true,"href":"https:\/\/stoic-curie.212-227-153-4.plesk.page\/fr\/wp-json\/wp\/v2\/comments?post=730821"}],"version-history":[{"count":0,"href":"https:\/\/stoic-curie.212-227-153-4.plesk.page\/fr\/wp-json\/wp\/v2\/product\/730821\/revisions"}],"wp:featuredmedia":[{"embeddable":true,"href":"https:\/\/stoic-curie.212-227-153-4.plesk.page\/fr\/wp-json\/wp\/v2\/media\/5946111"}],"wp:attachment":[{"href":"https:\/\/stoic-curie.212-227-153-4.plesk.page\/fr\/wp-json\/wp\/v2\/media?parent=730821"}],"wp:term":[{"taxonomy":"product_brand","embeddable":true,"href":"https:\/\/stoic-curie.212-227-153-4.plesk.page\/fr\/wp-json\/wp\/v2\/product_brand?post=730821"},{"taxonomy":"product_cat","embeddable":true,"href":"https:\/\/stoic-curie.212-227-153-4.plesk.page\/fr\/wp-json\/wp\/v2\/product_cat?post=730821"},{"taxonomy":"product_tag","embeddable":true,"href":"https:\/\/stoic-curie.212-227-153-4.plesk.page\/fr\/wp-json\/wp\/v2\/product_tag?post=730821"}],"curies":[{"name":"wp","href":"https:\/\/api.w.org\/{rel}","templated":true}]}}