{"id":730826,"date":"2025-03-03T16:09:23","date_gmt":"2025-03-03T15:09:23","guid":{"rendered":"https:\/\/stoic-curie.212-227-153-4.plesk.page\/producto\/pompe-de-vidange-dhuile-manuelle-10-l-h-590-mm\/"},"modified":"2026-02-24T23:08:42","modified_gmt":"2026-02-24T23:08:42","slug":"pompe-de-vidange-dhuile-manuelle-10-l-h-590-mm","status":"publish","type":"product","link":"https:\/\/stoic-curie.212-227-153-4.plesk.page\/fr\/product\/pompe-de-vidange-dhuile-manuelle-10-l-h-590-mm\/","title":{"rendered":"Pompe de vidange d\u2019huile manuelle, 10\u00a0l, H\u00a0590\u00a0mm"},"content":{"rendered":"<p>Pompe de vidange d\u2019huile manuelle, 10\u00a0l, H\u00a0590\u00a0mm &#8211; <\/p>\n<p>Pompe de changement d&#8217;huile de qualit\u00e9 professionnelle. R\u00e9servoir transparent robuste avec vanne de blocage automatique au niveau plein. Livr\u00e9e avec des ports et 3 tubes de diam\u00e8tre 5,8\/6,7\/9,8 mm avec leurs longueurs respectives de 85\/85\/100 cm.<\/p>\n","protected":false},"excerpt":{"rendered":"<p>Pompe de vidange d\u2019huile manuelle, 10\u00a0l, H\u00a0590\u00a0mm &#8211; Pompe de changement d&#8217;huile de qualit\u00e9 professionnelle. R\u00e9servoir transparent robuste avec vanne<\/p>\n","protected":false},"featured_media":5946114,"comment_status":"open","ping_status":"closed","template":"","meta":[],"product_brand":[3489],"product_cat":[1213],"product_tag":[],"class_list":{"0":"post-730826","1":"product","2":"type-product","3":"status-publish","4":"has-post-thumbnail","6":"product_brand-trem-fr","7":"product_cat-pompes-pour-huile-et-carburant","9":"first","10":"instock","11":"shipping-taxable","12":"purchasable","13":"product-type-simple"},"_links":{"self":[{"href":"https:\/\/stoic-curie.212-227-153-4.plesk.page\/fr\/wp-json\/wp\/v2\/product\/730826","targetHints":{"allow":["GET"]}}],"collection":[{"href":"https:\/\/stoic-curie.212-227-153-4.plesk.page\/fr\/wp-json\/wp\/v2\/product"}],"about":[{"href":"https:\/\/stoic-curie.212-227-153-4.plesk.page\/fr\/wp-json\/wp\/v2\/types\/product"}],"replies":[{"embeddable":true,"href":"https:\/\/stoic-curie.212-227-153-4.plesk.page\/fr\/wp-json\/wp\/v2\/comments?post=730826"}],"version-history":[{"count":0,"href":"https:\/\/stoic-curie.212-227-153-4.plesk.page\/fr\/wp-json\/wp\/v2\/product\/730826\/revisions"}],"wp:featuredmedia":[{"embeddable":true,"href":"https:\/\/stoic-curie.212-227-153-4.plesk.page\/fr\/wp-json\/wp\/v2\/media\/5946114"}],"wp:attachment":[{"href":"https:\/\/stoic-curie.212-227-153-4.plesk.page\/fr\/wp-json\/wp\/v2\/media?parent=730826"}],"wp:term":[{"taxonomy":"product_brand","embeddable":true,"href":"https:\/\/stoic-curie.212-227-153-4.plesk.page\/fr\/wp-json\/wp\/v2\/product_brand?post=730826"},{"taxonomy":"product_cat","embeddable":true,"href":"https:\/\/stoic-curie.212-227-153-4.plesk.page\/fr\/wp-json\/wp\/v2\/product_cat?post=730826"},{"taxonomy":"product_tag","embeddable":true,"href":"https:\/\/stoic-curie.212-227-153-4.plesk.page\/fr\/wp-json\/wp\/v2\/product_tag?post=730826"}],"curies":[{"name":"wp","href":"https:\/\/api.w.org\/{rel}","templated":true}]}}