{"id":730830,"date":"2025-03-03T16:09:24","date_gmt":"2025-03-03T15:09:24","guid":{"rendered":"https:\/\/stoic-curie.212-227-153-4.plesk.page\/producto\/amplificateur-fusion-ms-ap82400\/"},"modified":"2026-02-24T23:08:42","modified_gmt":"2026-02-24T23:08:42","slug":"amplificateur-fusion-ms-ap82400","status":"publish","type":"product","link":"https:\/\/stoic-curie.212-227-153-4.plesk.page\/fr\/product\/amplificateur-fusion-ms-ap82400\/","title":{"rendered":"Amplificateur Fusion MS-AP82400 8 canaux"},"content":{"rendered":"<p>Amplificateur Fusion MS-AP82400 8 canaux &#8211; <\/p>\n<p>L&#8217;amplificateur marin Fusion MS-AP82400 est un \u00e9l\u00e9ment cl\u00e9 du syst\u00e8me de divertissement marin Apollo de Fusion. Ce syst\u00e8me offre une exp\u00e9rience audio haute-fid\u00e9lit\u00e9 compl\u00e8te, garantissant que chaque composant, de la source \u00e0 l&#8217;alimentation et aux haut-parleurs, fonctionne harmonieusement. Les r\u00e9cepteurs, amplificateurs et haut-parleurs de la s\u00e9rie Apollo sont con\u00e7us pour fonctionner en parfaite harmonie, \u00e9liminant ainsi le besoin de contr\u00f4les complexes \u00e0 bord. \u00c0 la place, vous pouvez tout g\u00e9rer facilement via le logiciel Easy Tune de Fusion.<\/p>\n<p>Cette s\u00e9rie comprend des amplificateurs marins Fusion Apollo de classe D \u00e0 deux, quatre et huit canaux, sp\u00e9cifiquement con\u00e7us pour \u00eatre utilis\u00e9s avec les autoradios Fusion Apollo dot\u00e9s de la technologie DSP (traitement num\u00e9rique du signal). Gr\u00e2ce \u00e0 la fonction Easy Tune2, ces amplificateurs peuvent automatiquement ajuster les param\u00e8tres sonores pour am\u00e9liorer la qualit\u00e9 audio. Ils sont dot\u00e9s d&#8217;indicateurs LED, d&#8217;une pleine protection contre les dommages \u00e9lectriques et sont construits pour r\u00e9sister aux vibrations et aux environnements salins, tout en optimisant la consommation d&#8217;\u00e9nergie. L&#8217;emballage comprend des supports, des vis, des caches de vis, un connecteur d&#8217;alimentation, des connecteurs de haut-parleurs et un manuel avec un gabarit.<\/p>\n<p><strong>R\u00e9glage Personnalis\u00e9<\/strong><\/p>\n<p>En utilisant l&#8217;application Fusion-Link\u2122 sur votre smartphone compatible, vous pouvez s\u00e9lectionner l&#8217;amplificateur, les haut-parleurs et les subwoofers de la s\u00e9rie Apollo que vous utilisez. Le r\u00e9cepteur DSP cr\u00e9era ensuite un signal finement r\u00e9gl\u00e9 pour des param\u00e8tres optimaux de gain d&#8217;amplificateur, de filtrage et de contr\u00f4le des tonalit\u00e9s. Vous pouvez m\u00eame choisir diff\u00e9rents profils sonores pour les cabines closes, la zone du poste de pilotage ou le pont ouvert, assurant une qualit\u00e9 sonore parfaite \u00e0 chaque emplacement.<\/p>\n<p><strong>Puissance pour Votre Syst\u00e8me Fusion Apollo<\/strong><\/p>\n<p>L&#8217;amplificateur \u00e0 huit canaux Fusion Apollo MS-AP82400 d\u00e9livre 150 watts RMS par canal, fournissant la puissance n\u00e9cessaire \u00e0 votre musique dans toutes les zones de votre bateau. Un adaptateur de pont inclus permet de combiner deux des canaux de l&#8217;amplificateur pour alimenter un subwoofer avec jusqu&#8217;\u00e0 580 watts RMS tout en maintenant l&#8217;alimentation de six autres haut-parleurs \u00e0 150 watts chacun. Le design efficace de classe D maximise la puissance de sortie tout en minimisant la d\u00e9charge de la batterie.<\/p>\n<p><strong>Con\u00e7u pour la Vie en Mer<\/strong><\/p>\n<p>Cet amplificateur est dot\u00e9 d&#8217;une protection contre l&#8217;allumage et d&#8217;un fusible \u00e9lectronique intelligent pour pr\u00e9venir les dommages dus \u00e0 des d\u00e9fauts \u00e9lectriques. Son ch\u00e2ssis r\u00e9sistant aux intemp\u00e9ries, class\u00e9 IPX2 (r\u00e9sistant aux \u00e9claboussures), sa finition en aluminium rev\u00eatue et ses circuits imprim\u00e9s conformes garantissent que l&#8217;amplificateur hyper-r\u00e9sistant au design marin de Fusion peut supporter des conditions maritimes difficiles.<\/p>\n<p><strong>Points Forts du Produit :<\/strong><\/p>\n<ul>\n<li>Amplificateur marin \u00e0 8 canaux pour un syst\u00e8me st\u00e9r\u00e9o Fusion Apollo DSP<\/li>\n<li>150 watts RMS x 8 \u00e0 4 ohms<\/li>\n<li>290 watts RMS x 8 \u00e0 2 ohms<\/li>\n<li>580 watts RMS x 4 en pont* \u00e0 4 ohms<\/li>\n<li>Conforme \u00e0 la norme CEA-2006<\/li>\n<li>Design de classe D<\/li>\n<li>Pas de contr\u00f4les d&#8217;alimentation ou audio \u00e0 bord<\/li>\n<\/ul>\n<p><strong>Fonctionnalit\u00e9s Easy Tune :<\/strong><\/p>\n<ul>\n<li>Contr\u00f4l\u00e9 via l&#8217;application Fusion-Link depuis votre smartphone via Bluetooth pour des r\u00e9cepteurs DSP Fusion, haut-parleurs et subwoofers compatibles<\/li>\n<li>R\u00e9cepteurs Fusion compatibles : MS-RA770, MS-RA670, WB670 et MS-RA210<\/li>\n<\/ul>\n<p><strong>Fonctionnalit\u00e9s Suppl\u00e9mentaires :<\/strong><\/p>\n<ul>\n<li>Support de montage inclus<\/li>\n<li>R\u00e9sistant aux intemp\u00e9ries : ch\u00e2ssis class\u00e9 IPX2 et circuits imprim\u00e9s conformes<\/li>\n<li>Un adaptateur de pont haute puissance inclus ; adaptateurs suppl\u00e9mentaires disponibles aupr\u00e8s de Fusion<\/li>\n<li>C\u00e2blage et mat\u00e9riel non inclus avec l&#8217;amplificateur<\/li>\n<li>Fil d&#8217;alimentation et de mise \u00e0 la terre de 4 AWG recommand\u00e9<\/li>\n<li>\u00c9valuation du fusible : 125A x 1<\/li>\n<li>Dimensions (avec support de montage) : 14-1\/8 &#8220;L x 2-1\/4 &#8220;H x 8-5\/16 &#8220;P<\/li>\n<li>Garantie : 3 ans<\/li>\n<\/ul>\n","protected":false},"excerpt":{"rendered":"<p>Amplificateur Fusion MS-AP82400 8 canaux &#8211; L&#8217;amplificateur marin Fusion MS-AP82400 est un \u00e9l\u00e9ment cl\u00e9 du syst\u00e8me de divertissement marin Apollo<\/p>\n","protected":false},"featured_media":5946121,"comment_status":"open","ping_status":"closed","template":"","meta":[],"product_brand":[2959],"product_cat":[1159],"product_tag":[],"class_list":{"0":"post-730830","1":"product","2":"type-product","3":"status-publish","4":"has-post-thumbnail","6":"product_brand-fusion-fr","7":"product_cat-stereo-et-haut-parleurs","9":"first","10":"instock","11":"shipping-taxable","12":"purchasable","13":"product-type-simple"},"_links":{"self":[{"href":"https:\/\/stoic-curie.212-227-153-4.plesk.page\/fr\/wp-json\/wp\/v2\/product\/730830","targetHints":{"allow":["GET"]}}],"collection":[{"href":"https:\/\/stoic-curie.212-227-153-4.plesk.page\/fr\/wp-json\/wp\/v2\/product"}],"about":[{"href":"https:\/\/stoic-curie.212-227-153-4.plesk.page\/fr\/wp-json\/wp\/v2\/types\/product"}],"replies":[{"embeddable":true,"href":"https:\/\/stoic-curie.212-227-153-4.plesk.page\/fr\/wp-json\/wp\/v2\/comments?post=730830"}],"version-history":[{"count":0,"href":"https:\/\/stoic-curie.212-227-153-4.plesk.page\/fr\/wp-json\/wp\/v2\/product\/730830\/revisions"}],"wp:featuredmedia":[{"embeddable":true,"href":"https:\/\/stoic-curie.212-227-153-4.plesk.page\/fr\/wp-json\/wp\/v2\/media\/5946121"}],"wp:attachment":[{"href":"https:\/\/stoic-curie.212-227-153-4.plesk.page\/fr\/wp-json\/wp\/v2\/media?parent=730830"}],"wp:term":[{"taxonomy":"product_brand","embeddable":true,"href":"https:\/\/stoic-curie.212-227-153-4.plesk.page\/fr\/wp-json\/wp\/v2\/product_brand?post=730830"},{"taxonomy":"product_cat","embeddable":true,"href":"https:\/\/stoic-curie.212-227-153-4.plesk.page\/fr\/wp-json\/wp\/v2\/product_cat?post=730830"},{"taxonomy":"product_tag","embeddable":true,"href":"https:\/\/stoic-curie.212-227-153-4.plesk.page\/fr\/wp-json\/wp\/v2\/product_tag?post=730830"}],"curies":[{"name":"wp","href":"https:\/\/api.w.org\/{rel}","templated":true}]}}