{"id":730833,"date":"2025-03-03T16:09:25","date_gmt":"2025-03-03T15:09:25","guid":{"rendered":"https:\/\/stoic-curie.212-227-153-4.plesk.page\/producto\/pressostat-60-psi-41-bar-pour-pompe-jabsco-par-max\/"},"modified":"2026-02-24T23:08:42","modified_gmt":"2026-02-24T23:08:42","slug":"pressostat-60-psi-41-bar-pour-pompe-jabsco-par-max","status":"publish","type":"product","link":"https:\/\/stoic-curie.212-227-153-4.plesk.page\/fr\/product\/pressostat-60-psi-41-bar-pour-pompe-jabsco-par-max\/","title":{"rendered":"Pressostat 60\u00a0psi\u00a0\/ 4,1\u00a0bar, pour pompe Jabsco Par\u00a0Max\u00a0"},"content":{"rendered":"<p>Pressostat 60\u00a0psi\u00a0\/ 4,1\u00a0bar, pour pompe Jabsco Par\u00a0Max\u00a0 &#8211; <\/p>\n<p>La pompe \u00e0 pression d&#8217;eau douce Jabsco Par-Max HD pour \u00e9viers et douches est adapt\u00e9e pour 2 \u00e0 4 points d&#8217;utilisation. Auto-amor\u00e7ante jusqu&#8217;\u00e0 2 m\u00e8tres, elle est \u00e9quip\u00e9e d&#8217;un moteur \u00e0 aimant permanent et d&#8217;un syst\u00e8me de d\u00e9rivation garantissant un d\u00e9bit constant et un fonctionnement silencieux. Compl\u00e8te avec filtre et raccords rapides.<\/p>\n","protected":false},"excerpt":{"rendered":"<p>Pressostat 60\u00a0psi\u00a0\/ 4,1\u00a0bar, pour pompe Jabsco Par\u00a0Max\u00a0 &#8211; La pompe \u00e0 pression d&#8217;eau douce Jabsco Par-Max HD pour \u00e9viers et<\/p>\n","protected":false},"featured_media":5946126,"comment_status":"open","ping_status":"closed","template":"","meta":[],"product_brand":[3029],"product_cat":[1086],"product_tag":[],"class_list":{"0":"post-730833","1":"product","2":"type-product","3":"status-publish","4":"has-post-thumbnail","6":"product_brand-jabsco-marine-fr","7":"product_cat-pompes-a-pression-deau","9":"first","10":"instock","11":"shipping-taxable","12":"purchasable","13":"product-type-simple"},"_links":{"self":[{"href":"https:\/\/stoic-curie.212-227-153-4.plesk.page\/fr\/wp-json\/wp\/v2\/product\/730833","targetHints":{"allow":["GET"]}}],"collection":[{"href":"https:\/\/stoic-curie.212-227-153-4.plesk.page\/fr\/wp-json\/wp\/v2\/product"}],"about":[{"href":"https:\/\/stoic-curie.212-227-153-4.plesk.page\/fr\/wp-json\/wp\/v2\/types\/product"}],"replies":[{"embeddable":true,"href":"https:\/\/stoic-curie.212-227-153-4.plesk.page\/fr\/wp-json\/wp\/v2\/comments?post=730833"}],"version-history":[{"count":0,"href":"https:\/\/stoic-curie.212-227-153-4.plesk.page\/fr\/wp-json\/wp\/v2\/product\/730833\/revisions"}],"wp:featuredmedia":[{"embeddable":true,"href":"https:\/\/stoic-curie.212-227-153-4.plesk.page\/fr\/wp-json\/wp\/v2\/media\/5946126"}],"wp:attachment":[{"href":"https:\/\/stoic-curie.212-227-153-4.plesk.page\/fr\/wp-json\/wp\/v2\/media?parent=730833"}],"wp:term":[{"taxonomy":"product_brand","embeddable":true,"href":"https:\/\/stoic-curie.212-227-153-4.plesk.page\/fr\/wp-json\/wp\/v2\/product_brand?post=730833"},{"taxonomy":"product_cat","embeddable":true,"href":"https:\/\/stoic-curie.212-227-153-4.plesk.page\/fr\/wp-json\/wp\/v2\/product_cat?post=730833"},{"taxonomy":"product_tag","embeddable":true,"href":"https:\/\/stoic-curie.212-227-153-4.plesk.page\/fr\/wp-json\/wp\/v2\/product_tag?post=730833"}],"curies":[{"name":"wp","href":"https:\/\/api.w.org\/{rel}","templated":true}]}}