{"id":730834,"date":"2025-03-03T16:09:25","date_gmt":"2025-03-03T15:09:25","guid":{"rendered":"https:\/\/stoic-curie.212-227-153-4.plesk.page\/producto\/jabsco-par-max-hd4-40psi-24v\/"},"modified":"2026-02-24T23:08:42","modified_gmt":"2026-02-24T23:08:42","slug":"jabsco-par-max-hd4-40psi-24v","status":"publish","type":"product","link":"https:\/\/stoic-curie.212-227-153-4.plesk.page\/fr\/product\/jabsco-par-max-hd4-40psi-24v\/","title":{"rendered":"Jabsco Par-Max HD4 40PSI 24v"},"content":{"rendered":"<p>Jabsco Par-Max HD4 40PSI 24v &#8211; La Jabsco Xylem HotShot HD4 24V DC est une pompe \u00e0 membrane de lavage fiable \u00e0 haut d\u00e9bit et haute pression. Ce mod\u00e8le HD (heavy duty) est \u00e9quip\u00e9 d&#8217;un moteur de plus grand diam\u00e8tre (par rapport aux mod\u00e8les standards non-HD) avec un bo\u00eetier peint en poudre, des capots en aluminium moul\u00e9 et un logement inf\u00e9rieur pour am\u00e9liorer la capacit\u00e9 de pression et la dur\u00e9e de vie.<\/p>\n<p>La pompe est dot\u00e9e de pieds anti-vibrations pour un fonctionnement silencieux et d&#8217;un interrupteur de pression scell\u00e9 int\u00e9gr\u00e9 pour un fonctionnement \u00e0 la demande. Elle poss\u00e8de une capacit\u00e9 d&#8217;auto-amor\u00e7age \u00e0 sec de 2,1 m\u00e8tres (7 pieds) et peut fonctionner \u00e0 sec sans dommage.<\/p>\n<p>La Jabsco Xylem HotShot HD4 est fournie avec un raccord rapide pour un tuyau droit et des accessoires GHT, un filtre d&#8217;aspiration \u00e0 mailles 20 de connexion rapide \u00e0 90\u00b0, et des adaptateurs de tuyau \u00e0 connexion rapide.<\/p>\n<ul>\n<li>Tension : 24V DC<\/li>\n<li>D\u00e9bit ouvert : 4 GPM (15 LPM)<\/li>\n<li>Pression de coupure : 60 BAR (4,1 PSI)<\/li>\n<li>Courant maximum : 6,0 Amperes<\/li>\n<li>Taille de fusible recommand\u00e9e : 10A<\/li>\n<li>Dimensions : 239mm (L) x 104mm (l) x 97mm (H)<\/li>\n<\/ul>\n","protected":false},"excerpt":{"rendered":"<p>Jabsco Par-Max HD4 40PSI 24v &#8211; La Jabsco Xylem HotShot HD4 24V DC est une pompe \u00e0 membrane de lavage<\/p>\n","protected":false},"featured_media":5946127,"comment_status":"open","ping_status":"closed","template":"","meta":[],"product_brand":[3029],"product_cat":[1074,1086],"product_tag":[],"class_list":{"0":"post-730834","1":"product","2":"type-product","3":"status-publish","4":"has-post-thumbnail","6":"product_brand-jabsco-marine-fr","7":"product_cat-pompes-a-laver","8":"product_cat-pompes-a-pression-deau","10":"first","11":"instock","12":"shipping-taxable","13":"purchasable","14":"product-type-simple"},"_links":{"self":[{"href":"https:\/\/stoic-curie.212-227-153-4.plesk.page\/fr\/wp-json\/wp\/v2\/product\/730834","targetHints":{"allow":["GET"]}}],"collection":[{"href":"https:\/\/stoic-curie.212-227-153-4.plesk.page\/fr\/wp-json\/wp\/v2\/product"}],"about":[{"href":"https:\/\/stoic-curie.212-227-153-4.plesk.page\/fr\/wp-json\/wp\/v2\/types\/product"}],"replies":[{"embeddable":true,"href":"https:\/\/stoic-curie.212-227-153-4.plesk.page\/fr\/wp-json\/wp\/v2\/comments?post=730834"}],"version-history":[{"count":0,"href":"https:\/\/stoic-curie.212-227-153-4.plesk.page\/fr\/wp-json\/wp\/v2\/product\/730834\/revisions"}],"wp:featuredmedia":[{"embeddable":true,"href":"https:\/\/stoic-curie.212-227-153-4.plesk.page\/fr\/wp-json\/wp\/v2\/media\/5946127"}],"wp:attachment":[{"href":"https:\/\/stoic-curie.212-227-153-4.plesk.page\/fr\/wp-json\/wp\/v2\/media?parent=730834"}],"wp:term":[{"taxonomy":"product_brand","embeddable":true,"href":"https:\/\/stoic-curie.212-227-153-4.plesk.page\/fr\/wp-json\/wp\/v2\/product_brand?post=730834"},{"taxonomy":"product_cat","embeddable":true,"href":"https:\/\/stoic-curie.212-227-153-4.plesk.page\/fr\/wp-json\/wp\/v2\/product_cat?post=730834"},{"taxonomy":"product_tag","embeddable":true,"href":"https:\/\/stoic-curie.212-227-153-4.plesk.page\/fr\/wp-json\/wp\/v2\/product_tag?post=730834"}],"curies":[{"name":"wp","href":"https:\/\/api.w.org\/{rel}","templated":true}]}}