{"id":730836,"date":"2025-03-03T16:09:25","date_gmt":"2025-03-03T15:09:25","guid":{"rendered":"https:\/\/stoic-curie.212-227-153-4.plesk.page\/producto\/jabsco-par-max-hd6-40psi-24v\/"},"modified":"2026-02-24T23:08:42","modified_gmt":"2026-02-24T23:08:42","slug":"jabsco-par-max-hd6-40psi-24v","status":"publish","type":"product","link":"https:\/\/stoic-curie.212-227-153-4.plesk.page\/fr\/product\/jabsco-par-max-hd6-40psi-24v\/","title":{"rendered":"Jabsco Par-Max HD6 40PSI 24v"},"content":{"rendered":"<p>Jabsco Par-Max HD6 40PSI 24v &#8211; <\/p>\n<div class=\"col-24 col-md-15\">\n<p>Une pompe \u00e0 diaphragme haute pression et haute capacit\u00e9 de d\u00e9bit 24V DC de Jabsco Xylem. Ce mod\u00e8le HD6 HotShot est robuste et dispose d&#8217;un moteur de grand diam\u00e8tre (par rapport aux mod\u00e8les standards non-HD), d&#8217;une coque en peinture poudre, de capots en aluminium coul\u00e9 et d&#8217;un bo\u00eetier inf\u00e9rieur pour am\u00e9liorer la capacit\u00e9 de pression et la dur\u00e9e de vie.<\/p>\n<p>La pompe est \u00e9quip\u00e9e de pieds anti-vibrations pour un fonctionnement silencieux et d&#8217;un interrupteur de pression scell\u00e9 int\u00e9gr\u00e9 pour un fonctionnement \u00e0 la demande. Elle a une capacit\u00e9 d&#8217;auto-amor\u00e7age \u00e0 sec de 2,1 m\u00e8tres et peut fonctionner \u00e0 sec sans dommages.<\/p>\n<p>La Jabsco Xylem HotShot HD6 est livr\u00e9e avec un raccord de tuyau droit \u00e0 connexion rapide et des raccords GHT, un filtre \u00e0 mailles 90\u00b0 20 et un pistolet pulv\u00e9risateur ainsi que des adaptateurs de tuyau \u00e0 connexion rapide.<\/p>\n<p>\u2022 Tension : 24V DC<\/p>\n<p>\u2022 D\u00e9bit ouvert GPM (LPM) : 6 (23)<\/p>\n<p>\u2022 Pression de coupure PSI (BAR) : 70 (4.8)<\/p>\n<p>\u2022 Courant max AMPS : 9.4<\/p>\n<p>\u2022 Taille de fusible recommand\u00e9e : 15<\/p>\n<p>\u2022 Dimensions : 10,2&#8243; de long, 5,1&#8243; de large, 4,7&#8243; de haut \/ 259 (L) x 129 (l) x 119 (H) mm<\/p>\n<\/div>\n","protected":false},"excerpt":{"rendered":"<p>Jabsco Par-Max HD6 40PSI 24v &#8211; Une pompe \u00e0 diaphragme haute pression et haute capacit\u00e9 de d\u00e9bit 24V DC de<\/p>\n","protected":false},"featured_media":5946129,"comment_status":"open","ping_status":"closed","template":"","meta":[],"product_brand":[3029],"product_cat":[1074,1086],"product_tag":[],"class_list":{"0":"post-730836","1":"product","2":"type-product","3":"status-publish","4":"has-post-thumbnail","6":"product_brand-jabsco-marine-fr","7":"product_cat-pompes-a-laver","8":"product_cat-pompes-a-pression-deau","10":"first","11":"instock","12":"shipping-taxable","13":"purchasable","14":"product-type-simple"},"_links":{"self":[{"href":"https:\/\/stoic-curie.212-227-153-4.plesk.page\/fr\/wp-json\/wp\/v2\/product\/730836","targetHints":{"allow":["GET"]}}],"collection":[{"href":"https:\/\/stoic-curie.212-227-153-4.plesk.page\/fr\/wp-json\/wp\/v2\/product"}],"about":[{"href":"https:\/\/stoic-curie.212-227-153-4.plesk.page\/fr\/wp-json\/wp\/v2\/types\/product"}],"replies":[{"embeddable":true,"href":"https:\/\/stoic-curie.212-227-153-4.plesk.page\/fr\/wp-json\/wp\/v2\/comments?post=730836"}],"version-history":[{"count":0,"href":"https:\/\/stoic-curie.212-227-153-4.plesk.page\/fr\/wp-json\/wp\/v2\/product\/730836\/revisions"}],"wp:featuredmedia":[{"embeddable":true,"href":"https:\/\/stoic-curie.212-227-153-4.plesk.page\/fr\/wp-json\/wp\/v2\/media\/5946129"}],"wp:attachment":[{"href":"https:\/\/stoic-curie.212-227-153-4.plesk.page\/fr\/wp-json\/wp\/v2\/media?parent=730836"}],"wp:term":[{"taxonomy":"product_brand","embeddable":true,"href":"https:\/\/stoic-curie.212-227-153-4.plesk.page\/fr\/wp-json\/wp\/v2\/product_brand?post=730836"},{"taxonomy":"product_cat","embeddable":true,"href":"https:\/\/stoic-curie.212-227-153-4.plesk.page\/fr\/wp-json\/wp\/v2\/product_cat?post=730836"},{"taxonomy":"product_tag","embeddable":true,"href":"https:\/\/stoic-curie.212-227-153-4.plesk.page\/fr\/wp-json\/wp\/v2\/product_tag?post=730836"}],"curies":[{"name":"wp","href":"https:\/\/api.w.org\/{rel}","templated":true}]}}