{"id":730838,"date":"2025-03-03T16:09:26","date_gmt":"2025-03-03T15:09:26","guid":{"rendered":"https:\/\/stoic-curie.212-227-153-4.plesk.page\/producto\/vanne-de-derivation-vetus-bypass10-pour-tubes-de-10-mm\/"},"modified":"2026-02-24T23:08:42","modified_gmt":"2026-02-24T23:08:42","slug":"vanne-de-derivation-vetus-bypass10-pour-tubes-de-10-mm","status":"publish","type":"product","link":"https:\/\/stoic-curie.212-227-153-4.plesk.page\/fr\/product\/vanne-de-derivation-vetus-bypass10-pour-tubes-de-10-mm\/","title":{"rendered":"Vanne De D\u00e9rivation Vetus BYPASS10 Pour Tubes De 10 mm"},"content":{"rendered":"<p>Vanne De D\u00e9rivation Vetus BYPASS10 Pour Tubes De 10 mm &#8211; <\/p>\n<div class=\"col-24 col-md-15\">\n<p>En cas d&#8217;urgence, si un changement rapide vers une commande de barre est n\u00e9cessaire, l&#8217;installation d&#8217;une vanne de d\u00e9rivation \u00e0 proximit\u00e9 du v\u00e9rin est requise. La vanne Vetus BYPASS10 est livr\u00e9e avec des raccords \u00e0 compression et des olives pour des tubes en cuivre de 10 mm.<\/p>\n<p>Pour les syst\u00e8mes utilisant le tuyau en nylon Vetus HHOSE6 (6 x 10 mm), veuillez commander les inserts de manchon HS145S.<\/p>\n<p>Laiton chrom\u00e9 avec une poign\u00e9e amovible en acier peint.<\/p>\n<\/div>\n<p><\/p>\n<table class=\"table\">\n<tbody>\n<tr>\n<td><strong>Marque<\/strong><\/td>\n<td>Vetus<\/td>\n<\/tr>\n<tr>\n<td><strong>Mod\u00e8le<\/strong><\/td>\n<td>BYPASS10<\/td>\n<\/tr>\n<tr>\n<td><strong>Pi\u00e8ces et Accessoires<\/strong><\/td>\n<td>Vanne de D\u00e9rivation<\/td>\n<\/tr>\n<\/tbody>\n<\/table>\n","protected":false},"excerpt":{"rendered":"<p>Vanne De D\u00e9rivation Vetus BYPASS10 Pour Tubes De 10 mm &#8211; En cas d&#8217;urgence, si un changement rapide vers une<\/p>\n","protected":false},"featured_media":5946134,"comment_status":"open","ping_status":"closed","template":"","meta":[],"product_brand":[3519],"product_cat":[1249],"product_tag":[],"class_list":{"0":"post-730838","1":"product","2":"type-product","3":"status-publish","4":"has-post-thumbnail","6":"product_brand-vetus-fr","7":"product_cat-direction-hydraulique","9":"first","10":"instock","11":"shipping-taxable","12":"purchasable","13":"product-type-simple"},"_links":{"self":[{"href":"https:\/\/stoic-curie.212-227-153-4.plesk.page\/fr\/wp-json\/wp\/v2\/product\/730838","targetHints":{"allow":["GET"]}}],"collection":[{"href":"https:\/\/stoic-curie.212-227-153-4.plesk.page\/fr\/wp-json\/wp\/v2\/product"}],"about":[{"href":"https:\/\/stoic-curie.212-227-153-4.plesk.page\/fr\/wp-json\/wp\/v2\/types\/product"}],"replies":[{"embeddable":true,"href":"https:\/\/stoic-curie.212-227-153-4.plesk.page\/fr\/wp-json\/wp\/v2\/comments?post=730838"}],"version-history":[{"count":0,"href":"https:\/\/stoic-curie.212-227-153-4.plesk.page\/fr\/wp-json\/wp\/v2\/product\/730838\/revisions"}],"wp:featuredmedia":[{"embeddable":true,"href":"https:\/\/stoic-curie.212-227-153-4.plesk.page\/fr\/wp-json\/wp\/v2\/media\/5946134"}],"wp:attachment":[{"href":"https:\/\/stoic-curie.212-227-153-4.plesk.page\/fr\/wp-json\/wp\/v2\/media?parent=730838"}],"wp:term":[{"taxonomy":"product_brand","embeddable":true,"href":"https:\/\/stoic-curie.212-227-153-4.plesk.page\/fr\/wp-json\/wp\/v2\/product_brand?post=730838"},{"taxonomy":"product_cat","embeddable":true,"href":"https:\/\/stoic-curie.212-227-153-4.plesk.page\/fr\/wp-json\/wp\/v2\/product_cat?post=730838"},{"taxonomy":"product_tag","embeddable":true,"href":"https:\/\/stoic-curie.212-227-153-4.plesk.page\/fr\/wp-json\/wp\/v2\/product_tag?post=730838"}],"curies":[{"name":"wp","href":"https:\/\/api.w.org\/{rel}","templated":true}]}}