{"id":730840,"date":"2025-03-03T16:09:26","date_gmt":"2025-03-03T15:09:26","guid":{"rendered":"https:\/\/stoic-curie.212-227-153-4.plesk.page\/producto\/ultraflex-m66-steering-cables-2-74-metres-9-feet-heavy-duty\/"},"modified":"2026-02-24T23:08:42","modified_gmt":"2026-02-24T23:08:42","slug":"ultraflex-m66-steering-cables-2-74-metres-9-feet-heavy-duty","status":"publish","type":"product","link":"https:\/\/stoic-curie.212-227-153-4.plesk.page\/fr\/product\/ultraflex-m66-steering-cables-2-74-metres-9-feet-heavy-duty\/","title":{"rendered":"Ultraflex M66 Steering Cables 2.74 Metres \/ 9 Feet (Heavy Duty)"},"content":{"rendered":"<p>Ultraflex M66 Steering Cables 2.74 Metres \/ 9 Feet (Heavy Duty) &#8211; <\/p>\n<div class=\"col-24 col-md-15\">\n<p>La s\u00e9rie de num\u00e9ros actuelle 6057++ est fabriqu\u00e9e et mesur\u00e9e en pieds comme unit\u00e9 principale.<\/p>\n<p>Ils ont les m\u00eames raccords d&#8217;extr\u00e9mit\u00e9 que le num\u00e9ro 6052++, qui \u00e9taient fabriqu\u00e9s en m\u00e8tres, et les remplaceront.<\/p>\n<p>Les c\u00e2bles de direction robustes ont une rainure pour le maintien \u00e0 la connexion du timon.<\/p>\n<\/p><\/div>\n<p><\/p>\n<table class=\"table\">\n<tbody>\n<tr>\n<td><strong>Longueur<\/strong><\/td>\n<td>2,74m (9&#8242;)<\/td>\n<\/tr>\n<tr>\n<td><strong>Marque<\/strong><\/td>\n<td>Uflex<\/td>\n<\/tr>\n<tr>\n<td><strong>C\u00e2ble [C\u00e2ble M\u00e9ch]<\/strong><\/td>\n<td>Heavy Duty M66<\/td>\n<\/tr>\n<tr>\n<td><strong>Couleur<\/strong><\/td>\n<td>Noir<\/td>\n<\/tr>\n<tr>\n<td><strong>Taille du filetage<\/strong><\/td>\n<td>\u00c9crou : 7\/8&#8243; UNF<\/td>\n<\/tr>\n<\/tbody>\n<\/table>\n","protected":false},"excerpt":{"rendered":"<p>Ultraflex M66 Steering Cables 2.74 Metres \/ 9 Feet (Heavy Duty) &#8211; La s\u00e9rie de num\u00e9ros actuelle 6057++ est fabriqu\u00e9e<\/p>\n","protected":false},"featured_media":5946138,"comment_status":"open","ping_status":"closed","template":"","meta":[],"product_brand":[3499],"product_cat":[1254],"product_tag":[],"class_list":{"0":"post-730840","1":"product","2":"type-product","3":"status-publish","4":"has-post-thumbnail","6":"product_brand-ultraflex-uflex-fr","7":"product_cat-direction-de-cable","9":"first","10":"instock","11":"shipping-taxable","12":"purchasable","13":"product-type-simple"},"_links":{"self":[{"href":"https:\/\/stoic-curie.212-227-153-4.plesk.page\/fr\/wp-json\/wp\/v2\/product\/730840","targetHints":{"allow":["GET"]}}],"collection":[{"href":"https:\/\/stoic-curie.212-227-153-4.plesk.page\/fr\/wp-json\/wp\/v2\/product"}],"about":[{"href":"https:\/\/stoic-curie.212-227-153-4.plesk.page\/fr\/wp-json\/wp\/v2\/types\/product"}],"replies":[{"embeddable":true,"href":"https:\/\/stoic-curie.212-227-153-4.plesk.page\/fr\/wp-json\/wp\/v2\/comments?post=730840"}],"version-history":[{"count":0,"href":"https:\/\/stoic-curie.212-227-153-4.plesk.page\/fr\/wp-json\/wp\/v2\/product\/730840\/revisions"}],"wp:featuredmedia":[{"embeddable":true,"href":"https:\/\/stoic-curie.212-227-153-4.plesk.page\/fr\/wp-json\/wp\/v2\/media\/5946138"}],"wp:attachment":[{"href":"https:\/\/stoic-curie.212-227-153-4.plesk.page\/fr\/wp-json\/wp\/v2\/media?parent=730840"}],"wp:term":[{"taxonomy":"product_brand","embeddable":true,"href":"https:\/\/stoic-curie.212-227-153-4.plesk.page\/fr\/wp-json\/wp\/v2\/product_brand?post=730840"},{"taxonomy":"product_cat","embeddable":true,"href":"https:\/\/stoic-curie.212-227-153-4.plesk.page\/fr\/wp-json\/wp\/v2\/product_cat?post=730840"},{"taxonomy":"product_tag","embeddable":true,"href":"https:\/\/stoic-curie.212-227-153-4.plesk.page\/fr\/wp-json\/wp\/v2\/product_tag?post=730840"}],"curies":[{"name":"wp","href":"https:\/\/api.w.org\/{rel}","templated":true}]}}