{"id":730843,"date":"2025-03-03T16:09:27","date_gmt":"2025-03-03T15:09:27","guid":{"rendered":"https:\/\/stoic-curie.212-227-153-4.plesk.page\/producto\/ultraflex-s62-cable-support-clamp-kit-for-steering-cable-low-55mm\/"},"modified":"2026-02-24T23:08:42","modified_gmt":"2026-02-24T23:08:42","slug":"ultraflex-s62-cable-support-clamp-kit-for-steering-cable-low-55mm","status":"publish","type":"product","link":"https:\/\/stoic-curie.212-227-153-4.plesk.page\/fr\/product\/ultraflex-s62-cable-support-clamp-kit-for-steering-cable-low-55mm\/","title":{"rendered":"Ultraflex S62 Cable Support Clamp Kit for Steering Cable (Low 55mm)"},"content":{"rendered":"<p>Ultraflex S62 Cable Support Clamp Kit for Steering Cable (Low 55mm) &#8211; <\/p>\n<div class=\"col-24 col-md-15\">\n<p>Cette pince de montage Uflex est con\u00e7ue pour \u00eatre fix\u00e9e au tableau arri\u00e8re afin de soutenir le c\u00e2ble sur son chemin vers le moteur hors-bord. Le support de c\u00e2ble directionnel pivotant est \u00e9quip\u00e9 d&#8217;un tube par lequel le c\u00e2ble passe, ce qui s\u00e9curise le c\u00e2ble et garantit un fonctionnement pr\u00e9cis et exact. Le bloc de pince Uflex est fabriqu\u00e9 en acier peint r\u00e9sistant \u00e0 la corrosion.<\/p>\n<p>Le kit de support de c\u00e2ble S39 a une position de montage basse.<\/p>\n<\/p><\/div>\n<p><\/p>\n<table class=\"table\">\n<tbody>\n<tr>\n<td><strong>Longueur<\/strong><\/td>\n<td>283mm (11.32&#8243;)<\/td>\n<\/tr>\n<tr>\n<td><strong>Marque<\/strong><\/td>\n<td>Uflex<\/td>\n<\/tr>\n<tr>\n<td><strong>Construction<\/strong><\/td>\n<td>Acier peint r\u00e9sistant \u00e0 la corrosion<\/td>\n<\/tr>\n<tr>\n<td><strong>Dimensions<\/strong><\/td>\n<td>Profondeur: 55mm (2.2&#8243;)<\/td>\n<\/tr>\n<tr>\n<td><strong>Mod\u00e8le<\/strong><\/td>\n<td>S62<\/td>\n<\/tr>\n<tr>\n<td><strong>Pi\u00e8ces de Rechange et Accessoires<\/strong><\/td>\n<td>Pince de montage de c\u00e2ble<\/td>\n<\/tr>\n<\/tbody>\n<\/table>\n","protected":false},"excerpt":{"rendered":"<p>Ultraflex S62 Cable Support Clamp Kit for Steering Cable (Low 55mm) &#8211; Cette pince de montage Uflex est con\u00e7ue pour<\/p>\n","protected":false},"featured_media":5946148,"comment_status":"open","ping_status":"closed","template":"","meta":[],"product_brand":[3499],"product_cat":[1254],"product_tag":[],"class_list":{"0":"post-730843","1":"product","2":"type-product","3":"status-publish","4":"has-post-thumbnail","6":"product_brand-ultraflex-uflex-fr","7":"product_cat-direction-de-cable","9":"first","10":"instock","11":"shipping-taxable","12":"purchasable","13":"product-type-simple"},"_links":{"self":[{"href":"https:\/\/stoic-curie.212-227-153-4.plesk.page\/fr\/wp-json\/wp\/v2\/product\/730843","targetHints":{"allow":["GET"]}}],"collection":[{"href":"https:\/\/stoic-curie.212-227-153-4.plesk.page\/fr\/wp-json\/wp\/v2\/product"}],"about":[{"href":"https:\/\/stoic-curie.212-227-153-4.plesk.page\/fr\/wp-json\/wp\/v2\/types\/product"}],"replies":[{"embeddable":true,"href":"https:\/\/stoic-curie.212-227-153-4.plesk.page\/fr\/wp-json\/wp\/v2\/comments?post=730843"}],"version-history":[{"count":0,"href":"https:\/\/stoic-curie.212-227-153-4.plesk.page\/fr\/wp-json\/wp\/v2\/product\/730843\/revisions"}],"wp:featuredmedia":[{"embeddable":true,"href":"https:\/\/stoic-curie.212-227-153-4.plesk.page\/fr\/wp-json\/wp\/v2\/media\/5946148"}],"wp:attachment":[{"href":"https:\/\/stoic-curie.212-227-153-4.plesk.page\/fr\/wp-json\/wp\/v2\/media?parent=730843"}],"wp:term":[{"taxonomy":"product_brand","embeddable":true,"href":"https:\/\/stoic-curie.212-227-153-4.plesk.page\/fr\/wp-json\/wp\/v2\/product_brand?post=730843"},{"taxonomy":"product_cat","embeddable":true,"href":"https:\/\/stoic-curie.212-227-153-4.plesk.page\/fr\/wp-json\/wp\/v2\/product_cat?post=730843"},{"taxonomy":"product_tag","embeddable":true,"href":"https:\/\/stoic-curie.212-227-153-4.plesk.page\/fr\/wp-json\/wp\/v2\/product_tag?post=730843"}],"curies":[{"name":"wp","href":"https:\/\/api.w.org\/{rel}","templated":true}]}}