{"id":730848,"date":"2025-03-03T16:09:28","date_gmt":"2025-03-03T15:09:28","guid":{"rendered":"https:\/\/stoic-curie.212-227-153-4.plesk.page\/producto\/annexe-eurovinil-ultralight-270-m\/"},"modified":"2026-02-24T23:08:42","modified_gmt":"2026-02-24T23:08:42","slug":"annexe-eurovinil-ultralight-270-m","status":"publish","type":"product","link":"https:\/\/stoic-curie.212-227-153-4.plesk.page\/fr\/product\/annexe-eurovinil-ultralight-270-m\/","title":{"rendered":"Annexe Eurovinil Ultralight, 2,70\u00a0m"},"content":{"rendered":"<p>Annexe Eurovinil Ultralight, 2,70\u00a0m &#8211; <\/p>\n<p style=\"color: rgb(34, 34, 34); font-family: Arial, Helvetica, sans-serif; font-size: small;\">Nous vous pr\u00e9sentons la gamme Ultralight, une innovation remarquable d&#8217;Eurovinil, avec un tissu en PVC double couche de 100Dtex \u00e0 haute r\u00e9sistance. Ce tender est extr\u00eamement l\u00e9ger, construit avec une coque rigide en aluminium anodis\u00e9 et de grands tubes, garantissant une navigation confortable m\u00eame avec des puissances plus faibles. Les mod\u00e8les 250 et 270 sont dot\u00e9s d&#8217;un design de coque monobloc sans compartiment de proue, tandis que les mod\u00e8les 290 et 320 sont \u00e9quip\u00e9s d&#8217;une coque moul\u00e9e incluant un compartiment de proue.<\/p>\n<p style=\"color: rgb(34, 34, 34); font-family: Arial, Helvetica, sans-serif; font-size: small;\">L&#8217;\u00e9quipement standard comprend une pompe d&#8217;inflation, un kit de r\u00e9paration, des rames, un banc, une corde d&#8217;amarrage et un sac pour la porte du bateau. Ce tender haut de gamme allie \u00e9l\u00e9gance et durabilit\u00e9, et son poids r\u00e9duit permet une performance impressionnante m\u00eame avec de plus petits moteurs. Les grandes structures tubulaires et le capot \u00e9tanche prot\u00e8gent efficacement les passagers de l&#8217;entr\u00e9e d&#8217;eau tout en offrant un excellent confort en navigation.<\/p>\n<p style=\"color: rgb(34, 34, 34); font-family: Arial, Helvetica, sans-serif; font-size: small;\">La gamme Ultralight est con\u00e7ue pour compl\u00e9ter tout type de bateau, offrant une combinaison de sophistication, de simplicit\u00e9 et de performances. Les versions 250 et 270 sont \u00e9quip\u00e9es d&#8217;une quille en V et d&#8217;un fond interne, optimisant l&#8217;espace int\u00e9rieur. Ces mod\u00e8les sont livr\u00e9s avec un banc et l&#8217;\u00e9quipement essentiel, et peuvent \u00eatre am\u00e9lior\u00e9s avec des accessoires optionnels tels qu&#8217;un coussin et un sac sous le banc, ainsi qu&#8217;un sac de proue pratique \u00e0 lib\u00e9ration rapide, tous deux amovibles.<\/p>\n<p style=\"color: rgb(34, 34, 34); font-family: Arial, Helvetica, sans-serif; font-size: small;\"><strong>Sp\u00e9cifications pour Ultralight 250 et 270 :<\/strong><\/p>\n<ul style=\"color: rgb(34, 34, 34); font-family: Arial, Helvetica, sans-serif; font-size: small;\">\n<li><strong>Longueur totale (cm) :<\/strong>&nbsp;250 \/ 270<\/li>\n<li><strong>Largeur totale (cm) :<\/strong>&nbsp;149<\/li>\n<li><strong>Hauteur de tableau arri\u00e8re (cm) :<\/strong>&nbsp;38<\/li>\n<li><strong>Diam\u00e8tre de structures tubulaires (cm, en moyenne) :<\/strong>&nbsp;42<\/li>\n<li><strong>Nombre de personnes :<\/strong>&nbsp;2 + 1<\/li>\n<li><strong>Poids maximum (kg) :<\/strong>&nbsp;298 \/ 341<\/li>\n<li><strong>Nombre de chambres :<\/strong>&nbsp;3<\/li>\n<li><strong>Poids (kg) :<\/strong>&nbsp;38 \/ 41<\/li>\n<li><strong>Puissance maximum (HP) :<\/strong>&nbsp;5 \/ 8<\/li>\n<li><strong>Arbre :<\/strong>&nbsp;Court<\/li>\n<li><strong>Poids maximum du moteur (kg) :<\/strong>&nbsp;48 \/ 55<\/li>\n<li><strong>Cat\u00e9gorie de conception :<\/strong>&nbsp;C<\/li>\n<\/ul>\n<p style=\"color: rgb(34, 34, 34); font-family: Arial, Helvetica, sans-serif; font-size: small;\">Ce tender est un excellent choix pour les propri\u00e9taires de bateaux \u00e0 la recherche de fiabilit\u00e9, de qualit\u00e9 et de clart\u00e9 dans leur exp\u00e9rience d&#8217;achat.<\/p>\n","protected":false},"excerpt":{"rendered":"<p>Annexe Eurovinil Ultralight, 2,70\u00a0m &#8211; Nous vous pr\u00e9sentons la gamme Ultralight, une innovation remarquable d&#8217;Eurovinil, avec un tissu en PVC<\/p>\n","protected":false},"featured_media":5946150,"comment_status":"open","ping_status":"closed","template":"","meta":[],"product_brand":[2924],"product_cat":[1259],"product_tag":[],"class_list":{"0":"post-730848","1":"product","2":"type-product","3":"status-publish","4":"has-post-thumbnail","6":"product_brand-eurovinil-fr","7":"product_cat-annexes-gonflables-et-tender","9":"first","10":"instock","11":"shipping-taxable","12":"purchasable","13":"product-type-simple"},"_links":{"self":[{"href":"https:\/\/stoic-curie.212-227-153-4.plesk.page\/fr\/wp-json\/wp\/v2\/product\/730848","targetHints":{"allow":["GET"]}}],"collection":[{"href":"https:\/\/stoic-curie.212-227-153-4.plesk.page\/fr\/wp-json\/wp\/v2\/product"}],"about":[{"href":"https:\/\/stoic-curie.212-227-153-4.plesk.page\/fr\/wp-json\/wp\/v2\/types\/product"}],"replies":[{"embeddable":true,"href":"https:\/\/stoic-curie.212-227-153-4.plesk.page\/fr\/wp-json\/wp\/v2\/comments?post=730848"}],"version-history":[{"count":0,"href":"https:\/\/stoic-curie.212-227-153-4.plesk.page\/fr\/wp-json\/wp\/v2\/product\/730848\/revisions"}],"wp:featuredmedia":[{"embeddable":true,"href":"https:\/\/stoic-curie.212-227-153-4.plesk.page\/fr\/wp-json\/wp\/v2\/media\/5946150"}],"wp:attachment":[{"href":"https:\/\/stoic-curie.212-227-153-4.plesk.page\/fr\/wp-json\/wp\/v2\/media?parent=730848"}],"wp:term":[{"taxonomy":"product_brand","embeddable":true,"href":"https:\/\/stoic-curie.212-227-153-4.plesk.page\/fr\/wp-json\/wp\/v2\/product_brand?post=730848"},{"taxonomy":"product_cat","embeddable":true,"href":"https:\/\/stoic-curie.212-227-153-4.plesk.page\/fr\/wp-json\/wp\/v2\/product_cat?post=730848"},{"taxonomy":"product_tag","embeddable":true,"href":"https:\/\/stoic-curie.212-227-153-4.plesk.page\/fr\/wp-json\/wp\/v2\/product_tag?post=730848"}],"curies":[{"name":"wp","href":"https:\/\/api.w.org\/{rel}","templated":true}]}}