{"id":730849,"date":"2025-03-03T16:09:28","date_gmt":"2025-03-03T15:09:28","guid":{"rendered":"https:\/\/stoic-curie.212-227-153-4.plesk.page\/producto\/annexe-eurovinil-ultralight-290-m\/"},"modified":"2026-02-24T23:08:42","modified_gmt":"2026-02-24T23:08:42","slug":"annexe-eurovinil-ultralight-290-m","status":"publish","type":"product","link":"https:\/\/stoic-curie.212-227-153-4.plesk.page\/fr\/product\/annexe-eurovinil-ultralight-290-m\/","title":{"rendered":"Annexe Eurovinil Ultralight, 2,90\u00a0m"},"content":{"rendered":"<p>Annexe Eurovinil Ultralight, 2,90\u00a0m &#8211; <\/p>\n<p>Nous vous pr\u00e9sentons notre canot de haute r\u00e9sistance \u00e0 double couche de PVC 100Dtex, con\u00e7u pour une durabilit\u00e9 et une performance exceptionnelles. Ce canot l\u00e9ger dispose d&#8217;une coque en aluminium anodis\u00e9 rigide et de grands tubes, garantissant une navigation agr\u00e9able m\u00eame avec peu de puissance. Les mod\u00e8les 250 et 270 sont \u00e9quip\u00e9s d&#8217;une coque simple et ne disposent pas de r\u00e9serve de proue, tandis que les mod\u00e8les 290 et 320 sont dot\u00e9s d&#8217;une coque moul\u00e9e avec une r\u00e9serve de proue pour plus de commodit\u00e9.<\/p>\n<p>Les \u00e9quipements standard comprennent une pompe de gonflage, un kit de r\u00e9paration, des pagaies, un banc, une corde d&#8217;amarrage et un sac de porte de bateau. Les canots ultral\u00e9gers 290 et 320 allient l\u00e9g\u00e8ret\u00e9 et robustesse, offrant des caract\u00e9ristiques de confort uniques telles qu&#8217;une coque contre-moul\u00e9e avec un design innovant antid\u00e9rapant, une r\u00e9serve de proue pour le rangement des ancres et accessoires, et un nez de proue \u00e9quip\u00e9 d&#8217;une pince.<\/p>\n<p>Les deux mod\u00e8les sont \u00e9quip\u00e9s de si\u00e8ges et d&#8217;accessoires essentiels et peuvent \u00eatre am\u00e9lior\u00e9s avec un si\u00e8ge pratique dot\u00e9 d&#8217;un coussin et d&#8217;un sac sous le banc, permettant ainsi un espace de rangement suppl\u00e9mentaire \u00e0 bord et la possibilit\u00e9 de transporter des objets depuis le canot.<\/p>\n<p><strong>GAMME DE CANOTS : ULTRALIGHT 290\/320<\/strong><\/p>\n<ul>\n<li><strong>Longueur totale (cm) :<\/strong> 290 \/ 320<\/li>\n<li><strong>Largeur totale (cm) :<\/strong> 155 \/ 156<\/li>\n<li><strong>Hauteur du tableau arri\u00e8re (cm) :<\/strong> 39 \/ 39<\/li>\n<li><strong>Diam\u00e8tre des structures tubulaires (cm, moyenne) :<\/strong> 42 \/ 42<\/li>\n<li><strong>Nombre de personnes :<\/strong> 4 \/ 4 + 1<\/li>\n<li><strong>Charge maximum (kg) :<\/strong> 50 \/ 46 \/ 64<\/li>\n<li><strong>Nombre de compartiments :<\/strong> 3 \/ 3<\/li>\n<li><strong>Poids (kg) :<\/strong> 54 \/ 64<\/li>\n<li><strong>Puissance maximale (HP) :<\/strong> 10 \/ 15<\/li>\n<li><strong>Arbre :<\/strong> Court \/ Court<\/li>\n<li><strong>Poids maximum du moteur (kg) :<\/strong> 42 \/ 55<\/li>\n<li><strong>Cat\u00e9gorie de conception :<\/strong> C<\/li>\n<\/ul>\n<p>D\u00e9couvrez l&#8217;\u00e9quilibre parfait entre performance et confort avec nos canots ultral\u00e9gers, con\u00e7us pour r\u00e9pondre aux besoins des propri\u00e9taires de bateaux exigeants.<\/p>\n","protected":false},"excerpt":{"rendered":"<p>Annexe Eurovinil Ultralight, 2,90\u00a0m &#8211; Nous vous pr\u00e9sentons notre canot de haute r\u00e9sistance \u00e0 double couche de PVC 100Dtex, con\u00e7u<\/p>\n","protected":false},"featured_media":5946150,"comment_status":"open","ping_status":"closed","template":"","meta":[],"product_brand":[2924],"product_cat":[1259],"product_tag":[],"class_list":{"0":"post-730849","1":"product","2":"type-product","3":"status-publish","4":"has-post-thumbnail","6":"product_brand-eurovinil-fr","7":"product_cat-annexes-gonflables-et-tender","9":"first","10":"instock","11":"shipping-taxable","12":"purchasable","13":"product-type-simple"},"_links":{"self":[{"href":"https:\/\/stoic-curie.212-227-153-4.plesk.page\/fr\/wp-json\/wp\/v2\/product\/730849","targetHints":{"allow":["GET"]}}],"collection":[{"href":"https:\/\/stoic-curie.212-227-153-4.plesk.page\/fr\/wp-json\/wp\/v2\/product"}],"about":[{"href":"https:\/\/stoic-curie.212-227-153-4.plesk.page\/fr\/wp-json\/wp\/v2\/types\/product"}],"replies":[{"embeddable":true,"href":"https:\/\/stoic-curie.212-227-153-4.plesk.page\/fr\/wp-json\/wp\/v2\/comments?post=730849"}],"version-history":[{"count":0,"href":"https:\/\/stoic-curie.212-227-153-4.plesk.page\/fr\/wp-json\/wp\/v2\/product\/730849\/revisions"}],"wp:featuredmedia":[{"embeddable":true,"href":"https:\/\/stoic-curie.212-227-153-4.plesk.page\/fr\/wp-json\/wp\/v2\/media\/5946150"}],"wp:attachment":[{"href":"https:\/\/stoic-curie.212-227-153-4.plesk.page\/fr\/wp-json\/wp\/v2\/media?parent=730849"}],"wp:term":[{"taxonomy":"product_brand","embeddable":true,"href":"https:\/\/stoic-curie.212-227-153-4.plesk.page\/fr\/wp-json\/wp\/v2\/product_brand?post=730849"},{"taxonomy":"product_cat","embeddable":true,"href":"https:\/\/stoic-curie.212-227-153-4.plesk.page\/fr\/wp-json\/wp\/v2\/product_cat?post=730849"},{"taxonomy":"product_tag","embeddable":true,"href":"https:\/\/stoic-curie.212-227-153-4.plesk.page\/fr\/wp-json\/wp\/v2\/product_tag?post=730849"}],"curies":[{"name":"wp","href":"https:\/\/api.w.org\/{rel}","templated":true}]}}