{"id":730850,"date":"2025-03-03T16:09:29","date_gmt":"2025-03-03T15:09:29","guid":{"rendered":"https:\/\/stoic-curie.212-227-153-4.plesk.page\/producto\/annexe-eurovinil-ultralight-320-m\/"},"modified":"2026-02-24T23:08:42","modified_gmt":"2026-02-24T23:08:42","slug":"annexe-eurovinil-ultralight-320-m","status":"publish","type":"product","link":"https:\/\/stoic-curie.212-227-153-4.plesk.page\/fr\/product\/annexe-eurovinil-ultralight-320-m\/","title":{"rendered":"Annexe Eurovinil Ultralight, 3,20\u00a0m"},"content":{"rendered":"<p>Annexe Eurovinil Ultralight, 3,20\u00a0m &#8211; <\/p>\n<p>Nous vous pr\u00e9sentons notre tender en tissu PVC 100Dtex \u00e0 double couche, con\u00e7u pour une durabilit\u00e9 et des performances exceptionnelles. Ce tender est remarquablement l\u00e9ger, avec une coque rigide en aluminium anodis\u00e9 et de grands tubes qui garantissent une navigation confortable en plan\u00e9, m\u00eame avec une faible puissance.<\/p>\n<p>Les mod\u00e8les 250 et 270 sont \u00e9quip\u00e9s d&#8217;une coque unique et ne comprennent pas de coffre avant, tandis que les mod\u00e8les 290 et 320 disposent d&#8217;une coque moul\u00e9e \u00e9quip\u00e9e d&#8217;un coffre avant pour plus de commodit\u00e9.<\/p>\n<p>L&#8217;\u00e9quipement standard de tous les mod\u00e8les comprend une pompe gonflable, un kit de r\u00e9paration, des rames, un banc, une corde d&#8217;amarrage et un sac de bateau. Les tenders ultral\u00e9gers 290 et 320 allient de mani\u00e8re unique l\u00e9g\u00e8ret\u00e9 et robustesse, offrant des caract\u00e9ristiques de confort exceptionnelles telles qu&#8217;une coque contre-moul\u00e9e avec un design antid\u00e9rapant innovant, un coffre avant pour ranger les ancrages et les accessoires, et un nez de proue \u00e9quip\u00e9 d&#8217;un clip de serrage.<\/p>\n<p>Chaque mod\u00e8le est \u00e9quip\u00e9 de si\u00e8ges et de garnitures essentiels, et peut \u00eatre am\u00e9lior\u00e9 avec un si\u00e8ge pratique dot\u00e9 d&#8217;un coussin et d&#8217;un sac sous le banc, permettant d&#8217;augmenter le rangement \u00e0 bord et la capacit\u00e9 de transporter des objets depuis le tender.<\/p>\n<p>L&#8217;\u00e9quipement inclus comprend :<\/p>\n<ul>\n<li>Pompe gonflable<\/li>\n<li>Kit de r\u00e9paration<\/li>\n<li>Rames<\/li>\n<li>Sac de bateau<\/li>\n<li>Corde d&#8217;amarrage<\/li>\n<li>Banc<\/li>\n<\/ul>\n<p>D\u00e9couvrez la combinaison parfaite de qualit\u00e9, de fonctionnalit\u00e9 et de confort avec notre gamme de tenders, con\u00e7ue pour r\u00e9pondre aux besoins de chaque propri\u00e9taire de bateau.<\/p>\n","protected":false},"excerpt":{"rendered":"<p>Annexe Eurovinil Ultralight, 3,20\u00a0m &#8211; Nous vous pr\u00e9sentons notre tender en tissu PVC 100Dtex \u00e0 double couche, con\u00e7u pour une<\/p>\n","protected":false},"featured_media":5946150,"comment_status":"open","ping_status":"closed","template":"","meta":[],"product_brand":[2924],"product_cat":[1259],"product_tag":[],"class_list":{"0":"post-730850","1":"product","2":"type-product","3":"status-publish","4":"has-post-thumbnail","6":"product_brand-eurovinil-fr","7":"product_cat-annexes-gonflables-et-tender","9":"first","10":"instock","11":"shipping-taxable","12":"purchasable","13":"product-type-simple"},"_links":{"self":[{"href":"https:\/\/stoic-curie.212-227-153-4.plesk.page\/fr\/wp-json\/wp\/v2\/product\/730850","targetHints":{"allow":["GET"]}}],"collection":[{"href":"https:\/\/stoic-curie.212-227-153-4.plesk.page\/fr\/wp-json\/wp\/v2\/product"}],"about":[{"href":"https:\/\/stoic-curie.212-227-153-4.plesk.page\/fr\/wp-json\/wp\/v2\/types\/product"}],"replies":[{"embeddable":true,"href":"https:\/\/stoic-curie.212-227-153-4.plesk.page\/fr\/wp-json\/wp\/v2\/comments?post=730850"}],"version-history":[{"count":0,"href":"https:\/\/stoic-curie.212-227-153-4.plesk.page\/fr\/wp-json\/wp\/v2\/product\/730850\/revisions"}],"wp:featuredmedia":[{"embeddable":true,"href":"https:\/\/stoic-curie.212-227-153-4.plesk.page\/fr\/wp-json\/wp\/v2\/media\/5946150"}],"wp:attachment":[{"href":"https:\/\/stoic-curie.212-227-153-4.plesk.page\/fr\/wp-json\/wp\/v2\/media?parent=730850"}],"wp:term":[{"taxonomy":"product_brand","embeddable":true,"href":"https:\/\/stoic-curie.212-227-153-4.plesk.page\/fr\/wp-json\/wp\/v2\/product_brand?post=730850"},{"taxonomy":"product_cat","embeddable":true,"href":"https:\/\/stoic-curie.212-227-153-4.plesk.page\/fr\/wp-json\/wp\/v2\/product_cat?post=730850"},{"taxonomy":"product_tag","embeddable":true,"href":"https:\/\/stoic-curie.212-227-153-4.plesk.page\/fr\/wp-json\/wp\/v2\/product_tag?post=730850"}],"curies":[{"name":"wp","href":"https:\/\/api.w.org\/{rel}","templated":true}]}}