{"id":730852,"date":"2025-03-03T16:09:29","date_gmt":"2025-03-03T15:09:29","guid":{"rendered":"https:\/\/stoic-curie.212-227-153-4.plesk.page\/producto\/socle-de-siege-pour-pied-garelick\/"},"modified":"2026-02-24T23:08:42","modified_gmt":"2026-02-24T23:08:42","slug":"socle-de-siege-pour-pied-garelick","status":"publish","type":"product","link":"https:\/\/stoic-curie.212-227-153-4.plesk.page\/fr\/product\/socle-de-siege-pour-pied-garelick\/","title":{"rendered":"Socle de si\u00e8ge pour pied Garelick"},"content":{"rendered":"<p>Socle de si\u00e8ge pour pied Garelick &#8211; <\/p>\n<p>P\u00e9destal ajustable en hauteur en aluminium anodis\u00e9 Garelick avec goupille. \u00c0 compl\u00e9ter avec un plateau standard ou avec un plateau de glissi\u00e8re de si\u00e8ge avant-arri\u00e8re. Les deux plateaux sont \u00e9quip\u00e9s d&#8217;un roulement en Delrin qui annule les frottements et permet une rotation parfaite. Diam\u00e8tre du pied : 73 mm, diam\u00e8tre de la base : 235 mm.<\/p>\n","protected":false},"excerpt":{"rendered":"<p>Socle de si\u00e8ge pour pied Garelick &#8211; P\u00e9destal ajustable en hauteur en aluminium anodis\u00e9 Garelick avec goupille. \u00c0 compl\u00e9ter avec<\/p>\n","protected":false},"featured_media":5946221,"comment_status":"open","ping_status":"closed","template":"","meta":[],"product_brand":[2964],"product_cat":[1124,1104],"product_tag":[],"class_list":{"0":"post-730852","1":"product","2":"type-product","3":"status-publish","4":"has-post-thumbnail","6":"product_brand-garelick-fr","7":"product_cat-piedestaux-de-siege","8":"product_cat-sieges","10":"first","11":"instock","12":"shipping-taxable","13":"purchasable","14":"product-type-simple"},"_links":{"self":[{"href":"https:\/\/stoic-curie.212-227-153-4.plesk.page\/fr\/wp-json\/wp\/v2\/product\/730852","targetHints":{"allow":["GET"]}}],"collection":[{"href":"https:\/\/stoic-curie.212-227-153-4.plesk.page\/fr\/wp-json\/wp\/v2\/product"}],"about":[{"href":"https:\/\/stoic-curie.212-227-153-4.plesk.page\/fr\/wp-json\/wp\/v2\/types\/product"}],"replies":[{"embeddable":true,"href":"https:\/\/stoic-curie.212-227-153-4.plesk.page\/fr\/wp-json\/wp\/v2\/comments?post=730852"}],"version-history":[{"count":0,"href":"https:\/\/stoic-curie.212-227-153-4.plesk.page\/fr\/wp-json\/wp\/v2\/product\/730852\/revisions"}],"wp:featuredmedia":[{"embeddable":true,"href":"https:\/\/stoic-curie.212-227-153-4.plesk.page\/fr\/wp-json\/wp\/v2\/media\/5946221"}],"wp:attachment":[{"href":"https:\/\/stoic-curie.212-227-153-4.plesk.page\/fr\/wp-json\/wp\/v2\/media?parent=730852"}],"wp:term":[{"taxonomy":"product_brand","embeddable":true,"href":"https:\/\/stoic-curie.212-227-153-4.plesk.page\/fr\/wp-json\/wp\/v2\/product_brand?post=730852"},{"taxonomy":"product_cat","embeddable":true,"href":"https:\/\/stoic-curie.212-227-153-4.plesk.page\/fr\/wp-json\/wp\/v2\/product_cat?post=730852"},{"taxonomy":"product_tag","embeddable":true,"href":"https:\/\/stoic-curie.212-227-153-4.plesk.page\/fr\/wp-json\/wp\/v2\/product_tag?post=730852"}],"curies":[{"name":"wp","href":"https:\/\/api.w.org\/{rel}","templated":true}]}}