{"id":730853,"date":"2025-03-03T16:09:29","date_gmt":"2025-03-03T15:09:29","guid":{"rendered":"https:\/\/stoic-curie.212-227-153-4.plesk.page\/producto\/echelle-de-bain-telescopique-a-3-echelons-garelick-84-x-28-cm\/"},"modified":"2026-02-24T23:08:42","modified_gmt":"2026-02-24T23:08:42","slug":"echelle-de-bain-telescopique-a-3-echelons-garelick-84-x-28-cm","status":"publish","type":"product","link":"https:\/\/stoic-curie.212-227-153-4.plesk.page\/fr\/product\/echelle-de-bain-telescopique-a-3-echelons-garelick-84-x-28-cm\/","title":{"rendered":"\u00c9chelle de bain t\u00e9lescopique \u00e0 3\u00a0\u00e9chelons Garelick"},"content":{"rendered":"<p>\u00c9chelle de bain t\u00e9lescopique \u00e0 3\u00a0\u00e9chelons Garelick &#8211; <\/p>\n<p>Nous sommes ravis de d\u00e9voiler notre \u00e9chelle t\u00e9lescopique \u00e0 encastrement en aluminium anodis\u00e9, qui pr\u00e9sente une finition en oxyde dur r\u00e9silient. Cette \u00e9chelle est con\u00e7ue avec un cadre central robuste et des marches r\u00e9tractables qui s&#8217;int\u00e8grent harmonieusement dans le tableau arri\u00e8re. Elle dispose d&#8217;un m\u00e9canisme de verrouillage simple, permettant une extension fluide tout en restant discr\u00e8te et facilement accessible.<\/p>\n<p>Subtile mais instantan\u00e9ment disponible, l&#8217;\u00e9chelle de tableau arri\u00e8re Garelick int\u00e9gr\u00e9e est presque enti\u00e8rement dissimul\u00e9e lorsqu&#8217;elle n&#8217;est pas utilis\u00e9e. Le seul composant visible est une plaque avant \u00e9l\u00e9gante et styl\u00e9e \u00e9quip\u00e9e d&#8217;un m\u00e9canisme de verrouillage et de d\u00e9verrouillage. L&#8217;\u00e9chelle est log\u00e9e dans un tube de rangement qui est en retrait dans les compartiments int\u00e9rieurs de la coque.<\/p>\n<p>Lorsque l&#8217;\u00e9chelle est n\u00e9cessaire, il suffit de d\u00e9sengager le loquet et de la faire glisser vers l&#8217;arri\u00e8re d&#8217;un seul mouvement fluide, permettant ainsi \u00e0 l&#8217;\u00e9chelle de se pencher dans l&#8217;eau. Une fois extraite de son tube de rangement, les marches moul\u00e9es de l&#8217;\u00e9chelle se d\u00e9plient sans effort, formant une s\u00e9rie de marches solides et pratiques pour un acc\u00e8s facile \u00e0 bord et \u00e0 la descente.<\/p>\n<p>Cette \u00e9chelle mont\u00e9e sur tableau arri\u00e8re Garelick est disponible en deux variantes avec des dimensions approximatives diff\u00e9rentes :<\/p>\n<ul>\n<li>3 marches : Longueur totale (tube de rangement) : 96,5 cm \/ Longueur de l&#8217;\u00e9chelle (d\u00e9ploy\u00e9e) : 74,9 cm<\/li>\n<\/ul>\n<p>Caract\u00e9ristiques cl\u00e9s :<\/p>\n<ul>\n<li>Permet un retour \u00e0 bord autonome<\/li>\n<li>Se r\u00e9tracte compl\u00e8tement dans le tableau arri\u00e8re et la coque<\/li>\n<li>Trois marches distinctes pour un acc\u00e8s facile<\/li>\n<li>Anneau de d\u00e9verrouillage rapide avec un loquet autobloquant pour un montage simple<\/li>\n<li>Corps de canal en aluminium anodis\u00e9 s&#8217;\u00e9tend \u00e0 un angle de 15\u00b0<\/li>\n<li>Capacit\u00e9 de poids de 250 \u00e0 300 lbs.<\/li>\n<\/ul>\n<p>D\u00e9couvrez une \u00e9chelle qui allie praticit\u00e9 et convivialit\u00e9.<\/p>\n","protected":false},"excerpt":{"rendered":"<p>\u00c9chelle de bain t\u00e9lescopique \u00e0 3\u00a0\u00e9chelons Garelick &#8211; Nous sommes ravis de d\u00e9voiler notre \u00e9chelle t\u00e9lescopique \u00e0 encastrement en aluminium<\/p>\n","protected":false},"featured_media":5946225,"comment_status":"open","ping_status":"closed","template":"","meta":[],"product_brand":[2964],"product_cat":[1044],"product_tag":[],"class_list":{"0":"post-730853","1":"product","2":"type-product","3":"status-publish","4":"has-post-thumbnail","6":"product_brand-garelick-fr","7":"product_cat-echelles","9":"first","10":"instock","11":"shipping-taxable","12":"purchasable","13":"product-type-simple"},"_links":{"self":[{"href":"https:\/\/stoic-curie.212-227-153-4.plesk.page\/fr\/wp-json\/wp\/v2\/product\/730853","targetHints":{"allow":["GET"]}}],"collection":[{"href":"https:\/\/stoic-curie.212-227-153-4.plesk.page\/fr\/wp-json\/wp\/v2\/product"}],"about":[{"href":"https:\/\/stoic-curie.212-227-153-4.plesk.page\/fr\/wp-json\/wp\/v2\/types\/product"}],"replies":[{"embeddable":true,"href":"https:\/\/stoic-curie.212-227-153-4.plesk.page\/fr\/wp-json\/wp\/v2\/comments?post=730853"}],"version-history":[{"count":0,"href":"https:\/\/stoic-curie.212-227-153-4.plesk.page\/fr\/wp-json\/wp\/v2\/product\/730853\/revisions"}],"wp:featuredmedia":[{"embeddable":true,"href":"https:\/\/stoic-curie.212-227-153-4.plesk.page\/fr\/wp-json\/wp\/v2\/media\/5946225"}],"wp:attachment":[{"href":"https:\/\/stoic-curie.212-227-153-4.plesk.page\/fr\/wp-json\/wp\/v2\/media?parent=730853"}],"wp:term":[{"taxonomy":"product_brand","embeddable":true,"href":"https:\/\/stoic-curie.212-227-153-4.plesk.page\/fr\/wp-json\/wp\/v2\/product_brand?post=730853"},{"taxonomy":"product_cat","embeddable":true,"href":"https:\/\/stoic-curie.212-227-153-4.plesk.page\/fr\/wp-json\/wp\/v2\/product_cat?post=730853"},{"taxonomy":"product_tag","embeddable":true,"href":"https:\/\/stoic-curie.212-227-153-4.plesk.page\/fr\/wp-json\/wp\/v2\/product_tag?post=730853"}],"curies":[{"name":"wp","href":"https:\/\/api.w.org\/{rel}","templated":true}]}}