{"id":730856,"date":"2025-03-03T16:09:30","date_gmt":"2025-03-03T15:09:30","guid":{"rendered":"https:\/\/stoic-curie.212-227-153-4.plesk.page\/producto\/plateforme-en-teck-390-x-450-mm-avec-echelle-retractable\/"},"modified":"2026-02-24T23:08:43","modified_gmt":"2026-02-24T23:08:43","slug":"plateforme-en-teck-390-x-450-mm-avec-echelle-retractable","status":"publish","type":"product","link":"https:\/\/stoic-curie.212-227-153-4.plesk.page\/fr\/product\/plateforme-en-teck-390-x-450-mm-avec-echelle-retractable\/","title":{"rendered":"Plateforme en teck, 390\u00a0x\u00a0450\u00a0mm avec \u00e9chelle r\u00e9tractable"},"content":{"rendered":"<p>Plateforme en teck, 390\u00a0x\u00a0450\u00a0mm avec \u00e9chelle r\u00e9tractable &#8211; <\/p>\n<p>Plateforme de baignade arri\u00e8re en acier inoxydable 316 avec des lames en teck et une \u00e9chelle t\u00e9lescopique avec 3 marches encastr\u00e9es.<\/p>\n","protected":false},"excerpt":{"rendered":"<p>Plateforme en teck, 390\u00a0x\u00a0450\u00a0mm avec \u00e9chelle r\u00e9tractable &#8211; Plateforme de baignade arri\u00e8re en acier inoxydable 316 avec des lames en<\/p>\n","protected":false},"featured_media":5946231,"comment_status":"open","ping_status":"closed","template":"","meta":[],"product_brand":[3489],"product_cat":[1120,1040],"product_tag":[],"class_list":{"0":"post-730856","1":"product","2":"type-product","3":"status-publish","4":"has-post-thumbnail","6":"product_brand-trem-fr","7":"product_cat-plates-formes-a-poupe","8":"product_cat-plates-formes-de-bain","10":"first","11":"instock","12":"shipping-taxable","13":"purchasable","14":"product-type-simple"},"_links":{"self":[{"href":"https:\/\/stoic-curie.212-227-153-4.plesk.page\/fr\/wp-json\/wp\/v2\/product\/730856","targetHints":{"allow":["GET"]}}],"collection":[{"href":"https:\/\/stoic-curie.212-227-153-4.plesk.page\/fr\/wp-json\/wp\/v2\/product"}],"about":[{"href":"https:\/\/stoic-curie.212-227-153-4.plesk.page\/fr\/wp-json\/wp\/v2\/types\/product"}],"replies":[{"embeddable":true,"href":"https:\/\/stoic-curie.212-227-153-4.plesk.page\/fr\/wp-json\/wp\/v2\/comments?post=730856"}],"version-history":[{"count":0,"href":"https:\/\/stoic-curie.212-227-153-4.plesk.page\/fr\/wp-json\/wp\/v2\/product\/730856\/revisions"}],"wp:featuredmedia":[{"embeddable":true,"href":"https:\/\/stoic-curie.212-227-153-4.plesk.page\/fr\/wp-json\/wp\/v2\/media\/5946231"}],"wp:attachment":[{"href":"https:\/\/stoic-curie.212-227-153-4.plesk.page\/fr\/wp-json\/wp\/v2\/media?parent=730856"}],"wp:term":[{"taxonomy":"product_brand","embeddable":true,"href":"https:\/\/stoic-curie.212-227-153-4.plesk.page\/fr\/wp-json\/wp\/v2\/product_brand?post=730856"},{"taxonomy":"product_cat","embeddable":true,"href":"https:\/\/stoic-curie.212-227-153-4.plesk.page\/fr\/wp-json\/wp\/v2\/product_cat?post=730856"},{"taxonomy":"product_tag","embeddable":true,"href":"https:\/\/stoic-curie.212-227-153-4.plesk.page\/fr\/wp-json\/wp\/v2\/product_tag?post=730856"}],"curies":[{"name":"wp","href":"https:\/\/api.w.org\/{rel}","templated":true}]}}