{"id":730857,"date":"2025-03-03T16:09:30","date_gmt":"2025-03-03T15:09:30","guid":{"rendered":"https:\/\/stoic-curie.212-227-153-4.plesk.page\/producto\/plateforme-en-teck-et-inox-1000-x-380-mm-avec-echelle-a-3-echelons\/"},"modified":"2026-02-24T23:08:43","modified_gmt":"2026-02-24T23:08:43","slug":"plateforme-en-teck-et-inox-1000-x-380-mm-avec-echelle-a-3-echelons","status":"publish","type":"product","link":"https:\/\/stoic-curie.212-227-153-4.plesk.page\/fr\/product\/plateforme-en-teck-et-inox-1000-x-380-mm-avec-echelle-a-3-echelons\/","title":{"rendered":"Plateforme en teck et inox, 1000\u00a0x\u00a0380\u00a0mm, avec \u00e9chelle \u00e0 3\u00a0\u00e9chelons"},"content":{"rendered":"<p>Plateforme en teck et inox, 1000\u00a0x\u00a0380\u00a0mm, avec \u00e9chelle \u00e0 3\u00a0\u00e9chelons &#8211; <\/p>\n<p>Cadre en acier inoxydable 316 et lames en teck pour une grande plateforme de baignade \u00e0 l&#8217;arri\u00e8re. \u00c9chelle t\u00e9lescopique \u00e0 3 marches pour montage sous-soul\u00e9 (L 37 cm repli\u00e9e \/ L 87 cm d\u00e9ploy\u00e9e). L&#8217;\u00e9chelle peut \u00eatre repli\u00e9e et rang\u00e9e dans une cage sous la plateforme.<\/p>\n","protected":false},"excerpt":{"rendered":"<p>Plateforme en teck et inox, 1000\u00a0x\u00a0380\u00a0mm, avec \u00e9chelle \u00e0 3\u00a0\u00e9chelons &#8211; Cadre en acier inoxydable 316 et lames en teck<\/p>\n","protected":false},"featured_media":5946233,"comment_status":"open","ping_status":"closed","template":"","meta":[],"product_brand":[3489],"product_cat":[1120,1040],"product_tag":[],"class_list":{"0":"post-730857","1":"product","2":"type-product","3":"status-publish","4":"has-post-thumbnail","6":"product_brand-trem-fr","7":"product_cat-plates-formes-a-poupe","8":"product_cat-plates-formes-de-bain","10":"first","11":"instock","12":"shipping-taxable","13":"purchasable","14":"product-type-simple"},"_links":{"self":[{"href":"https:\/\/stoic-curie.212-227-153-4.plesk.page\/fr\/wp-json\/wp\/v2\/product\/730857","targetHints":{"allow":["GET"]}}],"collection":[{"href":"https:\/\/stoic-curie.212-227-153-4.plesk.page\/fr\/wp-json\/wp\/v2\/product"}],"about":[{"href":"https:\/\/stoic-curie.212-227-153-4.plesk.page\/fr\/wp-json\/wp\/v2\/types\/product"}],"replies":[{"embeddable":true,"href":"https:\/\/stoic-curie.212-227-153-4.plesk.page\/fr\/wp-json\/wp\/v2\/comments?post=730857"}],"version-history":[{"count":0,"href":"https:\/\/stoic-curie.212-227-153-4.plesk.page\/fr\/wp-json\/wp\/v2\/product\/730857\/revisions"}],"wp:featuredmedia":[{"embeddable":true,"href":"https:\/\/stoic-curie.212-227-153-4.plesk.page\/fr\/wp-json\/wp\/v2\/media\/5946233"}],"wp:attachment":[{"href":"https:\/\/stoic-curie.212-227-153-4.plesk.page\/fr\/wp-json\/wp\/v2\/media?parent=730857"}],"wp:term":[{"taxonomy":"product_brand","embeddable":true,"href":"https:\/\/stoic-curie.212-227-153-4.plesk.page\/fr\/wp-json\/wp\/v2\/product_brand?post=730857"},{"taxonomy":"product_cat","embeddable":true,"href":"https:\/\/stoic-curie.212-227-153-4.plesk.page\/fr\/wp-json\/wp\/v2\/product_cat?post=730857"},{"taxonomy":"product_tag","embeddable":true,"href":"https:\/\/stoic-curie.212-227-153-4.plesk.page\/fr\/wp-json\/wp\/v2\/product_tag?post=730857"}],"curies":[{"name":"wp","href":"https:\/\/api.w.org\/{rel}","templated":true}]}}