{"id":730858,"date":"2025-03-03T16:09:30","date_gmt":"2025-03-03T15:09:30","guid":{"rendered":"https:\/\/stoic-curie.212-227-153-4.plesk.page\/producto\/panneau-de-pont-en-aluminium-type-g-encastre-580-x-580-mm\/"},"modified":"2026-02-24T23:08:43","modified_gmt":"2026-02-24T23:08:43","slug":"panneau-de-pont-en-aluminium-type-g-encastre-580-x-580-mm","status":"publish","type":"product","link":"https:\/\/stoic-curie.212-227-153-4.plesk.page\/fr\/product\/panneau-de-pont-en-aluminium-type-g-encastre-580-x-580-mm\/","title":{"rendered":"Panneau de pont en aluminium type\u00a0G encastr\u00e9, 580\u00a0x\u00a0580\u00a0mm"},"content":{"rendered":"<p>Panneau de pont en aluminium type\u00a0G encastr\u00e9, 580\u00a0x\u00a0580\u00a0mm &#8211; <\/p>\n<p>Hublot de type Goiot en aluminium anodis\u00e9 satin\u00e9 avec verre en m\u00e9thacrylate de 10 mm de couleur gris fum\u00e9 clair. Joint de niveau et poign\u00e9es pour une fermeture \u00e9tanche.<\/p>\n","protected":false},"excerpt":{"rendered":"<p>Panneau de pont en aluminium type\u00a0G encastr\u00e9, 580\u00a0x\u00a0580\u00a0mm &#8211; Hublot de type Goiot en aluminium anodis\u00e9 satin\u00e9 avec verre en<\/p>\n","protected":false},"featured_media":5946236,"comment_status":"open","ping_status":"closed","template":"","meta":[],"product_brand":[2854],"product_cat":[1128],"product_tag":[],"class_list":{"0":"post-730858","1":"product","2":"type-product","3":"status-publish","4":"has-post-thumbnail","6":"product_brand-can-marine-fr","7":"product_cat-panneaux-de-pont","9":"first","10":"instock","11":"shipping-taxable","12":"purchasable","13":"product-type-simple"},"_links":{"self":[{"href":"https:\/\/stoic-curie.212-227-153-4.plesk.page\/fr\/wp-json\/wp\/v2\/product\/730858","targetHints":{"allow":["GET"]}}],"collection":[{"href":"https:\/\/stoic-curie.212-227-153-4.plesk.page\/fr\/wp-json\/wp\/v2\/product"}],"about":[{"href":"https:\/\/stoic-curie.212-227-153-4.plesk.page\/fr\/wp-json\/wp\/v2\/types\/product"}],"replies":[{"embeddable":true,"href":"https:\/\/stoic-curie.212-227-153-4.plesk.page\/fr\/wp-json\/wp\/v2\/comments?post=730858"}],"version-history":[{"count":0,"href":"https:\/\/stoic-curie.212-227-153-4.plesk.page\/fr\/wp-json\/wp\/v2\/product\/730858\/revisions"}],"wp:featuredmedia":[{"embeddable":true,"href":"https:\/\/stoic-curie.212-227-153-4.plesk.page\/fr\/wp-json\/wp\/v2\/media\/5946236"}],"wp:attachment":[{"href":"https:\/\/stoic-curie.212-227-153-4.plesk.page\/fr\/wp-json\/wp\/v2\/media?parent=730858"}],"wp:term":[{"taxonomy":"product_brand","embeddable":true,"href":"https:\/\/stoic-curie.212-227-153-4.plesk.page\/fr\/wp-json\/wp\/v2\/product_brand?post=730858"},{"taxonomy":"product_cat","embeddable":true,"href":"https:\/\/stoic-curie.212-227-153-4.plesk.page\/fr\/wp-json\/wp\/v2\/product_cat?post=730858"},{"taxonomy":"product_tag","embeddable":true,"href":"https:\/\/stoic-curie.212-227-153-4.plesk.page\/fr\/wp-json\/wp\/v2\/product_tag?post=730858"}],"curies":[{"name":"wp","href":"https:\/\/api.w.org\/{rel}","templated":true}]}}