{"id":730862,"date":"2025-03-03T16:09:31","date_gmt":"2025-03-03T15:09:31","guid":{"rendered":"https:\/\/stoic-curie.212-227-153-4.plesk.page\/producto\/reservoir-a-carburant-can-sb-bravo-210-l-1100-x-1000-x-h-262-mm\/"},"modified":"2026-02-24T23:08:43","modified_gmt":"2026-02-24T23:08:43","slug":"reservoir-a-carburant-can-sb-bravo-210-l-1100-x-1000-x-h-262-mm","status":"publish","type":"product","link":"https:\/\/stoic-curie.212-227-153-4.plesk.page\/fr\/product\/reservoir-a-carburant-can-sb-bravo-210-l-1100-x-1000-x-h-262-mm\/","title":{"rendered":"R\u00e9servoir \u00e0 carburant Can-SB Bravo, 210\u00a0l, 1100\u00a0x\u00a01000\u00a0x\u00a0H\u00a0262\u00a0mm"},"content":{"rendered":"<p>R\u00e9servoir \u00e0 carburant Can-SB Bravo, 210\u00a0l, 1100\u00a0x\u00a01000\u00a0x\u00a0H\u00a0262\u00a0mm &#8211; <\/p>\n<p style=\"color: rgb(34, 34, 34); font-family: Arial, Helvetica, sans-serif; font-size: small;\">Nous sommes ravis de vous pr\u00e9senter le r\u00e9servoir de carburant BRAVO2 de 210 litres.<\/p>\n<p style=\"color: rgb(34, 34, 34); font-family: Arial, Helvetica, sans-serif; font-size: small;\">Le r\u00e9servoir de carburant BRAVO2 de 210 litres est une solution hautement fiable et durable, con\u00e7ue sp\u00e9cifiquement pour tous vos besoins de stockage de carburant. Ce r\u00e9servoir est construit en poly\u00e9thyl\u00e8ne haute densit\u00e9, un mat\u00e9riau connu pour sa r\u00e9sistance et sa long\u00e9vit\u00e9. Cela garantit que le r\u00e9servoir durera non seulement de nombreuses ann\u00e9es, mais qu&#8217;il stockera \u00e9galement en toute s\u00e9curit\u00e9 une vari\u00e9t\u00e9 de substances, y compris des acides et des carburants. Le design r\u00e9fl\u00e9chi du r\u00e9servoir BRAVO2 comprend un hublot d&#8217;inspection standard \u00e9quip\u00e9 d&#8217;un bouchon s\u00e9curis\u00e9, une ventilation pour un contr\u00f4le de pression efficace et un terminal de ventilation d&#8217;air de 3\/8\u201d qui favorise un flux d&#8217;air ad\u00e9quat, essentiel pour maintenir l&#8217;int\u00e9grit\u00e9 du carburant stock\u00e9.<\/p>\n<p style=\"color: rgb(34, 34, 34); font-family: Arial, Helvetica, sans-serif; font-size: small;\">Le r\u00e9servoir BRAVO2 est livr\u00e9 pr\u00eat \u00e0 l&#8217;emploi, avec une prise int\u00e9gr\u00e9e de carburant qui simplifie le processus de transfert de carburant. Le hublot d&#8217;inspection est con\u00e7u pour accueillir un indicateur de carburant, vous permettant de choisir entre une version m\u00e9canique ou \u00e9lectrique en fonction de vos pr\u00e9f\u00e9rences. Cette fonctionnalit\u00e9 am\u00e9liore la convivialit\u00e9 du r\u00e9servoir, facilitant le suivi pr\u00e9cis des niveaux de carburant. De plus, le r\u00e9servoir comprend un terminal coud\u00e9 de 1\/4\u201d qui peut \u00eatre connect\u00e9 \u00e0 un tuyau en caoutchouc. Cela lui permet de fonctionner comme une seconde prise de carburant ou comme une ligne de retour de diesel pour des installations fixes, offrant ainsi une polyvalence pour diverses applications.<\/p>\n<p style=\"color: rgb(34, 34, 34); font-family: Arial, Helvetica, sans-serif; font-size: small;\">Une des caract\u00e9ristiques exceptionnelles du r\u00e9servoir BRAVO2 est sa forme de coque inf\u00e9rieure sp\u00e9cialement con\u00e7ue, qui offre \u00e0 la fois stabilit\u00e9 et efficacit\u00e9. Ce r\u00e9servoir de carburant en poly\u00e9thyl\u00e8ne r\u00e9ticul\u00e9 est con\u00e7u pour fournir une solution de stockage s\u00e9curis\u00e9e et stable. Il comprend un hublot d&#8217;inspection pour un acc\u00e8s facile, une ventilation de 17\/19 mm qui assure une ventilation efficace, et un tuyau de jauge de carburant de 12 mm qui permet des mesures pr\u00e9cises du niveau de carburant. En outre, le r\u00e9servoir est \u00e9quip\u00e9 d&#8217;un bouchon \u00e0 vis qui garantit un joint s\u00e9curis\u00e9, emp\u00eachant tout risque de fuite ou de d\u00e9versement.<\/p>\n<p style=\"color: rgb(34, 34, 34); font-family: Arial, Helvetica, sans-serif; font-size: small;\">Pour ceux qui n\u00e9cessitent des personnalisations, le r\u00e9servoir BRAVO2 peut \u00eatre adapt\u00e9 \u00e0 vos besoins sp\u00e9cifiques avec des entr\u00e9es de 38\/50\/60 mm. Cette flexibilit\u00e9 vous permet d\u2019adapter le r\u00e9servoir pour diff\u00e9rents types de carburant et exigences de stockage, ce qui en fait un choix id\u00e9al tant pour un usage personnel que commercial.<\/p>\n<p style=\"color: rgb(34, 34, 34); font-family: Arial, Helvetica, sans-serif; font-size: small;\">Pour garantir les normes de qualit\u00e9 et de s\u00e9curit\u00e9 les plus \u00e9lev\u00e9es, le r\u00e9servoir de carburant BRAVO2 est certifi\u00e9 CE-ISO21487. Cette certification vous offre la confiance que vous s\u00e9lectionnez un produit conforme \u00e0 des normes industrielles strictes, garantissant fiabilit\u00e9 et s\u00e9curit\u00e9 dans vos solutions de stockage de carburant.<\/p>\n<p style=\"color: rgb(34, 34, 34); font-family: Arial, Helvetica, sans-serif; font-size: small;\">Que vous soyez un passionn\u00e9 de bateau \u00e0 la recherche d&#8217;une option de stockage de carburant fiable pour votre navire, ou un op\u00e9rateur commercial ayant besoin d&#8217;une solution robuste pour la gestion du carburant, le r\u00e9servoir de carburant BRAVO2 de 210 litres est le choix parfait. Avec sa combinaison de durabilit\u00e9, de fonctionnalit\u00e9 et de caract\u00e9ristiques de s\u00e9curit\u00e9, vous pouvez avoir confiance que ce r\u00e9servoir r\u00e9pondra efficacement et efficacement \u00e0 vos besoins de stockage de carburant. Choisissez le r\u00e9servoir BRAVO2 pour une solution fiable et durable \u00e0 vos besoins de stockage de carburant.<\/p>\n","protected":false},"excerpt":{"rendered":"<p>R\u00e9servoir \u00e0 carburant Can-SB Bravo, 210\u00a0l, 1100\u00a0x\u00a01000\u00a0x\u00a0H\u00a0262\u00a0mm &#8211; Nous sommes ravis de vous pr\u00e9senter le r\u00e9servoir de carburant BRAVO2 de<\/p>\n","protected":false},"featured_media":5946241,"comment_status":"open","ping_status":"closed","template":"","meta":[],"product_brand":[2854],"product_cat":[1226],"product_tag":[],"class_list":{"0":"post-730862","1":"product","2":"type-product","3":"status-publish","4":"has-post-thumbnail","6":"product_brand-can-marine-fr","7":"product_cat-reservoirs-de-carburant","9":"first","10":"instock","11":"shipping-taxable","12":"purchasable","13":"product-type-simple"},"_links":{"self":[{"href":"https:\/\/stoic-curie.212-227-153-4.plesk.page\/fr\/wp-json\/wp\/v2\/product\/730862","targetHints":{"allow":["GET"]}}],"collection":[{"href":"https:\/\/stoic-curie.212-227-153-4.plesk.page\/fr\/wp-json\/wp\/v2\/product"}],"about":[{"href":"https:\/\/stoic-curie.212-227-153-4.plesk.page\/fr\/wp-json\/wp\/v2\/types\/product"}],"replies":[{"embeddable":true,"href":"https:\/\/stoic-curie.212-227-153-4.plesk.page\/fr\/wp-json\/wp\/v2\/comments?post=730862"}],"version-history":[{"count":0,"href":"https:\/\/stoic-curie.212-227-153-4.plesk.page\/fr\/wp-json\/wp\/v2\/product\/730862\/revisions"}],"wp:featuredmedia":[{"embeddable":true,"href":"https:\/\/stoic-curie.212-227-153-4.plesk.page\/fr\/wp-json\/wp\/v2\/media\/5946241"}],"wp:attachment":[{"href":"https:\/\/stoic-curie.212-227-153-4.plesk.page\/fr\/wp-json\/wp\/v2\/media?parent=730862"}],"wp:term":[{"taxonomy":"product_brand","embeddable":true,"href":"https:\/\/stoic-curie.212-227-153-4.plesk.page\/fr\/wp-json\/wp\/v2\/product_brand?post=730862"},{"taxonomy":"product_cat","embeddable":true,"href":"https:\/\/stoic-curie.212-227-153-4.plesk.page\/fr\/wp-json\/wp\/v2\/product_cat?post=730862"},{"taxonomy":"product_tag","embeddable":true,"href":"https:\/\/stoic-curie.212-227-153-4.plesk.page\/fr\/wp-json\/wp\/v2\/product_tag?post=730862"}],"curies":[{"name":"wp","href":"https:\/\/api.w.org\/{rel}","templated":true}]}}