{"id":730863,"date":"2025-03-03T16:09:31","date_gmt":"2025-03-03T15:09:31","guid":{"rendered":"https:\/\/stoic-curie.212-227-153-4.plesk.page\/producto\/reservoir-a-carburant-can-sb-255-l-1100-x-1000-x-h-342-mm\/"},"modified":"2026-02-24T23:08:43","modified_gmt":"2026-02-24T23:08:43","slug":"reservoir-a-carburant-can-sb-255-l-1100-x-1000-x-h-342-mm","status":"publish","type":"product","link":"https:\/\/stoic-curie.212-227-153-4.plesk.page\/fr\/product\/reservoir-a-carburant-can-sb-255-l-1100-x-1000-x-h-342-mm\/","title":{"rendered":"R\u00e9servoir \u00e0 carburant Can-SB, 255\u00a0l, 1100\u00a0x\u00a01000\u00a0x\u00a0H\u00a0342\u00a0mm"},"content":{"rendered":"<p>R\u00e9servoir \u00e0 carburant Can-SB, 255\u00a0l, 1100\u00a0x\u00a01000\u00a0x\u00a0H\u00a0342\u00a0mm &#8211; <\/p>\n<p style=\"color: rgb(34, 34, 34); font-family: Arial, Helvetica, sans-serif; font-size: small;\">Pr\u00e9sentation du r\u00e9servoir de carburant BRAVO2 de 255 litres<\/p>\n<p style=\"color: rgb(34, 34, 34); font-family: Arial, Helvetica, sans-serif; font-size: small;\">Nous sommes ravis de vous pr\u00e9senter le r\u00e9servoir de carburant BRAVO2 de 255 litres, une solution de grande capacit\u00e9 con\u00e7ue pour r\u00e9pondre \u00e0 vos besoins de stockage de carburant avec une fiabilit\u00e9 et une durabilit\u00e9 exceptionnelles. Ce r\u00e9servoir est fabriqu\u00e9 \u00e0 partir de poly\u00e9thyl\u00e8ne haute densit\u00e9, garantissant non seulement sa long\u00e9vit\u00e9e, mais le rendant \u00e9galement apte au stockage d&#8217;une large gamme de substances, y compris des acides et des carburants. Son design int\u00e8gre un hublot d&#8217;inspection standard \u00e9quip\u00e9 d&#8217;un bouchon s\u00e9curis\u00e9, une ventilation pour la r\u00e9gulation de pression, et un terminal de ventilation d&#8217;air de 3\/8\u201d pour faciliter un flux d&#8217;air optimal.<\/p>\n<p style=\"color: rgb(34, 34, 34); font-family: Arial, Helvetica, sans-serif; font-size: small;\">Le r\u00e9servoir BRAVO2 est soigneusement \u00e9quip\u00e9 d&#8217;une prise de carburant, permettant une utilisation imm\u00e9diate d\u00e8s sa sortie de la bo\u00eete. Le hublot d&#8217;inspection est suffisamment polyvalent pour accueillir un indicateur de carburant, que vous pr\u00e9f\u00e9riez une option m\u00e9canique ou \u00e9lectrique. De plus, il dispose d&#8217;un terminal coud\u00e9 de 1\/4\u201d qui peut \u00eatre connect\u00e9 \u00e0 un tuyau en caoutchouc, offrant la flexibilit\u00e9 d&#8217;agir comme une deuxi\u00e8me prise de carburant ou comme une ligne de retour de diesel pour des installations fixes.<\/p>\n<p style=\"color: rgb(34, 34, 34); font-family: Arial, Helvetica, sans-serif; font-size: small;\">Con\u00e7u avec une forme de coque inf\u00e9rieure unique, ce r\u00e9servoir de carburant en poly\u00e9thyl\u00e8ne r\u00e9ticul\u00e9 est con\u00e7u pour la stabilit\u00e9 et l&#8217;efficacit\u00e9. Il comprend un hublot d&#8217;inspection, une ventilation de 17\/19 mm pour une ventilation efficace, un tube plongeur de 12 mm pour des mesures pr\u00e9cises, et un bouchon filet\u00e9 pour garantir un sceau s\u00e9curis\u00e9. En outre, le r\u00e9servoir peut \u00eatre personnalis\u00e9 avec des entr\u00e9es de 38\/50\/60 mm pour r\u00e9pondre \u00e0 vos besoins sp\u00e9cifiques.<\/p>\n<p style=\"color: rgb(34, 34, 34); font-family: Arial, Helvetica, sans-serif; font-size: small;\">Pour garantir qualit\u00e9 et s\u00e9curit\u00e9, le r\u00e9servoir de carburant BRAVO2 est certifi\u00e9 CE-ISO21487, vous offrant la tranquillit\u00e9 d&#8217;esprit que vous investissez dans un produit qui respecte des normes industrielles strictes. Que ce soit pour un usage personnel ou commercial, le r\u00e9servoir de carburant BRAVO2 de 255 litres est le choix id\u00e9al pour un stockage de carburant fiable.<\/p>\n","protected":false},"excerpt":{"rendered":"<p>R\u00e9servoir \u00e0 carburant Can-SB, 255\u00a0l, 1100\u00a0x\u00a01000\u00a0x\u00a0H\u00a0342\u00a0mm &#8211; Pr\u00e9sentation du r\u00e9servoir de carburant BRAVO2 de 255 litres Nous sommes ravis de<\/p>\n","protected":false},"featured_media":5946241,"comment_status":"open","ping_status":"closed","template":"","meta":[],"product_brand":[2854],"product_cat":[1226],"product_tag":[],"class_list":{"0":"post-730863","1":"product","2":"type-product","3":"status-publish","4":"has-post-thumbnail","6":"product_brand-can-marine-fr","7":"product_cat-reservoirs-de-carburant","9":"first","10":"instock","11":"shipping-taxable","12":"purchasable","13":"product-type-simple"},"_links":{"self":[{"href":"https:\/\/stoic-curie.212-227-153-4.plesk.page\/fr\/wp-json\/wp\/v2\/product\/730863","targetHints":{"allow":["GET"]}}],"collection":[{"href":"https:\/\/stoic-curie.212-227-153-4.plesk.page\/fr\/wp-json\/wp\/v2\/product"}],"about":[{"href":"https:\/\/stoic-curie.212-227-153-4.plesk.page\/fr\/wp-json\/wp\/v2\/types\/product"}],"replies":[{"embeddable":true,"href":"https:\/\/stoic-curie.212-227-153-4.plesk.page\/fr\/wp-json\/wp\/v2\/comments?post=730863"}],"version-history":[{"count":0,"href":"https:\/\/stoic-curie.212-227-153-4.plesk.page\/fr\/wp-json\/wp\/v2\/product\/730863\/revisions"}],"wp:featuredmedia":[{"embeddable":true,"href":"https:\/\/stoic-curie.212-227-153-4.plesk.page\/fr\/wp-json\/wp\/v2\/media\/5946241"}],"wp:attachment":[{"href":"https:\/\/stoic-curie.212-227-153-4.plesk.page\/fr\/wp-json\/wp\/v2\/media?parent=730863"}],"wp:term":[{"taxonomy":"product_brand","embeddable":true,"href":"https:\/\/stoic-curie.212-227-153-4.plesk.page\/fr\/wp-json\/wp\/v2\/product_brand?post=730863"},{"taxonomy":"product_cat","embeddable":true,"href":"https:\/\/stoic-curie.212-227-153-4.plesk.page\/fr\/wp-json\/wp\/v2\/product_cat?post=730863"},{"taxonomy":"product_tag","embeddable":true,"href":"https:\/\/stoic-curie.212-227-153-4.plesk.page\/fr\/wp-json\/wp\/v2\/product_tag?post=730863"}],"curies":[{"name":"wp","href":"https:\/\/api.w.org\/{rel}","templated":true}]}}