{"id":730865,"date":"2025-03-03T16:09:32","date_gmt":"2025-03-03T15:09:32","guid":{"rendered":"https:\/\/stoic-curie.212-227-153-4.plesk.page\/producto\/reservoir-a-eau-can-sb-42-l-500-x-350-x-h-300-mm\/"},"modified":"2026-02-24T23:08:43","modified_gmt":"2026-02-24T23:08:43","slug":"reservoir-a-eau-can-sb-42-l-500-x-350-x-h-300-mm","status":"publish","type":"product","link":"https:\/\/stoic-curie.212-227-153-4.plesk.page\/fr\/product\/reservoir-a-eau-can-sb-42-l-500-x-350-x-h-300-mm\/","title":{"rendered":"R\u00e9servoir \u00e0 eau Can-SB, 42\u00a0l, 500\u00a0x\u00a0350\u00a0x\u00a0H\u00a0300\u00a0mm"},"content":{"rendered":"<p>R\u00e9servoir \u00e0 eau Can-SB, 42\u00a0l, 500\u00a0x\u00a0350\u00a0x\u00a0H\u00a0300\u00a0mm &#8211; <\/p>\n<p>Cuves en poly\u00e9thyl\u00e8ne de la gamme White Line pour eau douce, compl\u00e8tes avec trappe, bouchon avec ventilation, tube d&#8217;immersion et 2 connecteurs tuyau \u00e0 tuyau 3\/8&#8243; x \u00d810\/12\/16\/18 mm.<\/p>\n","protected":false},"excerpt":{"rendered":"<p>R\u00e9servoir \u00e0 eau Can-SB, 42\u00a0l, 500\u00a0x\u00a0350\u00a0x\u00a0H\u00a0300\u00a0mm &#8211; Cuves en poly\u00e9thyl\u00e8ne de la gamme White Line pour eau douce, compl\u00e8tes avec<\/p>\n","protected":false},"featured_media":5946246,"comment_status":"open","ping_status":"closed","template":"","meta":[],"product_brand":[2854],"product_cat":[1090],"product_tag":[],"class_list":{"0":"post-730865","1":"product","2":"type-product","3":"status-publish","4":"has-post-thumbnail","6":"product_brand-can-marine-fr","7":"product_cat-reservoirs-deau","9":"first","10":"instock","11":"shipping-taxable","12":"purchasable","13":"product-type-simple"},"_links":{"self":[{"href":"https:\/\/stoic-curie.212-227-153-4.plesk.page\/fr\/wp-json\/wp\/v2\/product\/730865","targetHints":{"allow":["GET"]}}],"collection":[{"href":"https:\/\/stoic-curie.212-227-153-4.plesk.page\/fr\/wp-json\/wp\/v2\/product"}],"about":[{"href":"https:\/\/stoic-curie.212-227-153-4.plesk.page\/fr\/wp-json\/wp\/v2\/types\/product"}],"replies":[{"embeddable":true,"href":"https:\/\/stoic-curie.212-227-153-4.plesk.page\/fr\/wp-json\/wp\/v2\/comments?post=730865"}],"version-history":[{"count":0,"href":"https:\/\/stoic-curie.212-227-153-4.plesk.page\/fr\/wp-json\/wp\/v2\/product\/730865\/revisions"}],"wp:featuredmedia":[{"embeddable":true,"href":"https:\/\/stoic-curie.212-227-153-4.plesk.page\/fr\/wp-json\/wp\/v2\/media\/5946246"}],"wp:attachment":[{"href":"https:\/\/stoic-curie.212-227-153-4.plesk.page\/fr\/wp-json\/wp\/v2\/media?parent=730865"}],"wp:term":[{"taxonomy":"product_brand","embeddable":true,"href":"https:\/\/stoic-curie.212-227-153-4.plesk.page\/fr\/wp-json\/wp\/v2\/product_brand?post=730865"},{"taxonomy":"product_cat","embeddable":true,"href":"https:\/\/stoic-curie.212-227-153-4.plesk.page\/fr\/wp-json\/wp\/v2\/product_cat?post=730865"},{"taxonomy":"product_tag","embeddable":true,"href":"https:\/\/stoic-curie.212-227-153-4.plesk.page\/fr\/wp-json\/wp\/v2\/product_tag?post=730865"}],"curies":[{"name":"wp","href":"https:\/\/api.w.org\/{rel}","templated":true}]}}