{"id":730870,"date":"2025-03-03T16:09:33","date_gmt":"2025-03-03T15:09:33","guid":{"rendered":"https:\/\/stoic-curie.212-227-153-4.plesk.page\/producto\/gants-de-marin-musto-performance-dhiver-doigts-longs-taille-xs\/"},"modified":"2026-02-24T23:08:43","modified_gmt":"2026-02-24T23:08:43","slug":"gants-de-marin-musto-performance-dhiver-doigts-longs-taille-xs","status":"publish","type":"product","link":"https:\/\/stoic-curie.212-227-153-4.plesk.page\/fr\/product\/gants-de-marin-musto-performance-dhiver-doigts-longs-taille-xs\/","title":{"rendered":"Gants de marin Musto Performance d\u2019hiver, doigts longs, taille XS"},"content":{"rendered":"<p>Gants de marin Musto Performance d\u2019hiver, doigts longs, taille XS &#8211; <\/p>\n<p>Gants d&#8217;hiver Musto Performance avec une construction ergonomique des doigts pour un confort et une dext\u00e9rit\u00e9 accrus. Fabriqu\u00e9s en n\u00e9opr\u00e8ne de haute qualit\u00e9, ils assurent une excellente adh\u00e9rence et une protection contre le froid. Doigts et paumes renforc\u00e9s pour minimiser les br\u00fblures par cordage, leur flexibilit\u00e9 est conserv\u00e9e m\u00eame apr\u00e8s s\u00e9chage. Avec un ajustement au niveau du poignet pour un meilleur maintien.<\/p>\n","protected":false},"excerpt":{"rendered":"<p>Gants de marin Musto Performance d\u2019hiver, doigts longs, taille XS &#8211; Gants d&#8217;hiver Musto Performance avec une construction ergonomique des<\/p>\n","protected":false},"featured_media":5946258,"comment_status":"open","ping_status":"closed","template":"","meta":[],"product_brand":[3154],"product_cat":[1284,1280],"product_tag":[],"class_list":{"0":"post-730870","1":"product","2":"type-product","3":"status-publish","4":"has-post-thumbnail","6":"product_brand-musto-fr","7":"product_cat-gants-de-voile","8":"product_cat-vetements-musto","10":"first","11":"instock","12":"shipping-taxable","13":"purchasable","14":"product-type-simple"},"_links":{"self":[{"href":"https:\/\/stoic-curie.212-227-153-4.plesk.page\/fr\/wp-json\/wp\/v2\/product\/730870","targetHints":{"allow":["GET"]}}],"collection":[{"href":"https:\/\/stoic-curie.212-227-153-4.plesk.page\/fr\/wp-json\/wp\/v2\/product"}],"about":[{"href":"https:\/\/stoic-curie.212-227-153-4.plesk.page\/fr\/wp-json\/wp\/v2\/types\/product"}],"replies":[{"embeddable":true,"href":"https:\/\/stoic-curie.212-227-153-4.plesk.page\/fr\/wp-json\/wp\/v2\/comments?post=730870"}],"version-history":[{"count":0,"href":"https:\/\/stoic-curie.212-227-153-4.plesk.page\/fr\/wp-json\/wp\/v2\/product\/730870\/revisions"}],"wp:featuredmedia":[{"embeddable":true,"href":"https:\/\/stoic-curie.212-227-153-4.plesk.page\/fr\/wp-json\/wp\/v2\/media\/5946258"}],"wp:attachment":[{"href":"https:\/\/stoic-curie.212-227-153-4.plesk.page\/fr\/wp-json\/wp\/v2\/media?parent=730870"}],"wp:term":[{"taxonomy":"product_brand","embeddable":true,"href":"https:\/\/stoic-curie.212-227-153-4.plesk.page\/fr\/wp-json\/wp\/v2\/product_brand?post=730870"},{"taxonomy":"product_cat","embeddable":true,"href":"https:\/\/stoic-curie.212-227-153-4.plesk.page\/fr\/wp-json\/wp\/v2\/product_cat?post=730870"},{"taxonomy":"product_tag","embeddable":true,"href":"https:\/\/stoic-curie.212-227-153-4.plesk.page\/fr\/wp-json\/wp\/v2\/product_tag?post=730870"}],"curies":[{"name":"wp","href":"https:\/\/api.w.org\/{rel}","templated":true}]}}