{"id":730877,"date":"2025-03-03T16:09:34","date_gmt":"2025-03-03T15:09:34","guid":{"rendered":"https:\/\/stoic-curie.212-227-153-4.plesk.page\/producto\/kit-dinstallation-pour-climatiseur-vitrifrigo-macs-7000\/"},"modified":"2026-02-24T23:08:43","modified_gmt":"2026-02-24T23:08:43","slug":"kit-dinstallation-pour-climatiseur-vitrifrigo-macs-7000","status":"publish","type":"product","link":"https:\/\/stoic-curie.212-227-153-4.plesk.page\/fr\/product\/kit-dinstallation-pour-climatiseur-vitrifrigo-macs-7000\/","title":{"rendered":"Kit d\u2019installation pour climatiseur Vitrifrigo MACS 7000"},"content":{"rendered":"<p>Kit d\u2019installation pour climatiseur Vitrifrigo MACS 7000 &#8211; <\/p>\n<p>Kit d&#8217;accessoires n\u00e9cessaire pour compl\u00e9ter les climatiseurs MACS.<\/p>\n<p>MACS 7000:<br \/>4 pi\u00e8ces de connecteur de tuyau \u00e0 flexible de 16 mm, prise d&#8217;eau de mer et vanne \u00e0 boule, tous en laiton avec filetage de 1\/2&#8243;<br \/>Connexion de coque en laiton chrom\u00e9 de 1\/2&#8243;<br \/>Filtre \u00e0 eau de mer avec connexions de 1\/2&#8243;<br \/>Pompe \u00e0 eau de mer de 220V\/40W\/0.2A avec 2 x connexions de 16 mm<br \/>Flexible d&#8217;eau spiral\u00e9 de 16 mm L 10 m\u00e8tres<br \/>Tuyau flexible d&#8217;air de 102 mm L 5 m\u00e8tres<br \/>Grille de retour d&#8217;air avec cadre de 280 x 280 mm \/ trou encastr\u00e9 de 250 x 250 mm<br \/>Grille de soufflage avec cadre de 130 x 280 mm \/ trou encastr\u00e9 de 100 x 250 mm<\/p>\n<p>MACS 12000:<br \/>4 pi\u00e8ces de connecteur de tuyau \u00e0 flexible de 20 mm, prise d&#8217;eau de mer et vanne \u00e0 boule, tous en laiton avec filetage de 3\/4&#8243;<br \/>Connexion de coque en laiton chrom\u00e9 de 3\/4&#8243;<br \/>Filtre \u00e0 eau de mer avec connexions de 3\/4&#8243;<br \/>Pompe \u00e0 eau de mer de 220V\/40W\/0.4A avec 2 x connexions de 20 mm<br \/>Flexible d&#8217;eau spiral\u00e9 de 20 mm L 10 m\u00e8tres<br \/>Tuyau flexible d&#8217;air de 152 mm L 5 m\u00e8tres<br \/>Grille de retour d&#8217;air avec cadre de 335 x 335 mm \/ trou encastr\u00e9 de 300 x 300 mm<br \/>Grille de soufflage avec cadre de 155 x 280 mm \/ trou encastr\u00e9 de 120 x 250 mm<\/p>\n<p>MACS 16000:<br \/>4 pi\u00e8ces de connecteur de tuyau \u00e0 flexible de 25 mm, prise d&#8217;eau de mer et vanne \u00e0 boule, tous en laiton avec filetage de 1&#8243;<br \/>Connexion de coque en laiton chrom\u00e9 de 1&#8243;<br \/>Filtre \u00e0 eau de mer avec connexions de 1&#8243;<br \/>Pompe \u00e0 eau de mer de 220V\/80W\/0.7A avec 2 x connexions de 25 mm<br \/>Flexible d&#8217;eau spiral\u00e9 de 25 mm L 10 m\u00e8tres<br \/>Tuyau flexible d&#8217;air de 152 mm L 5 m\u00e8tres<br \/>Grille de retour d&#8217;air avec cadre de 335 x 335 mm \/ trou encastr\u00e9 de 300 x 300 mm<br \/>Grille de soufflage avec cadre de 180 x 330 mm \/ trou encastr\u00e9 de 150 x 300 mm<\/p>\n","protected":false},"excerpt":{"rendered":"<p>Kit d\u2019installation pour climatiseur Vitrifrigo MACS 7000 &#8211; Kit d&#8217;accessoires n\u00e9cessaire pour compl\u00e9ter les climatiseurs MACS. MACS 7000:4 pi\u00e8ces de<\/p>\n","protected":false},"featured_media":5946261,"comment_status":"open","ping_status":"closed","template":"","meta":[],"product_brand":[3524],"product_cat":[1073],"product_tag":[],"class_list":{"0":"post-730877","1":"product","2":"type-product","3":"status-publish","4":"has-post-thumbnail","6":"product_brand-vitrifrigo-fr","7":"product_cat-appareils-electromenagers","9":"first","10":"instock","11":"shipping-taxable","12":"purchasable","13":"product-type-simple"},"_links":{"self":[{"href":"https:\/\/stoic-curie.212-227-153-4.plesk.page\/fr\/wp-json\/wp\/v2\/product\/730877","targetHints":{"allow":["GET"]}}],"collection":[{"href":"https:\/\/stoic-curie.212-227-153-4.plesk.page\/fr\/wp-json\/wp\/v2\/product"}],"about":[{"href":"https:\/\/stoic-curie.212-227-153-4.plesk.page\/fr\/wp-json\/wp\/v2\/types\/product"}],"replies":[{"embeddable":true,"href":"https:\/\/stoic-curie.212-227-153-4.plesk.page\/fr\/wp-json\/wp\/v2\/comments?post=730877"}],"version-history":[{"count":0,"href":"https:\/\/stoic-curie.212-227-153-4.plesk.page\/fr\/wp-json\/wp\/v2\/product\/730877\/revisions"}],"wp:featuredmedia":[{"embeddable":true,"href":"https:\/\/stoic-curie.212-227-153-4.plesk.page\/fr\/wp-json\/wp\/v2\/media\/5946261"}],"wp:attachment":[{"href":"https:\/\/stoic-curie.212-227-153-4.plesk.page\/fr\/wp-json\/wp\/v2\/media?parent=730877"}],"wp:term":[{"taxonomy":"product_brand","embeddable":true,"href":"https:\/\/stoic-curie.212-227-153-4.plesk.page\/fr\/wp-json\/wp\/v2\/product_brand?post=730877"},{"taxonomy":"product_cat","embeddable":true,"href":"https:\/\/stoic-curie.212-227-153-4.plesk.page\/fr\/wp-json\/wp\/v2\/product_cat?post=730877"},{"taxonomy":"product_tag","embeddable":true,"href":"https:\/\/stoic-curie.212-227-153-4.plesk.page\/fr\/wp-json\/wp\/v2\/product_tag?post=730877"}],"curies":[{"name":"wp","href":"https:\/\/api.w.org\/{rel}","templated":true}]}}