{"id":730878,"date":"2025-03-03T16:09:34","date_gmt":"2025-03-03T15:09:34","guid":{"rendered":"https:\/\/stoic-curie.212-227-153-4.plesk.page\/producto\/climatiseur-vitrifrigo-macs-16000\/"},"modified":"2026-02-24T23:08:43","modified_gmt":"2026-02-24T23:08:43","slug":"climatiseur-vitrifrigo-macs-16000","status":"publish","type":"product","link":"https:\/\/stoic-curie.212-227-153-4.plesk.page\/fr\/product\/climatiseur-vitrifrigo-macs-16000\/","title":{"rendered":"Climatiseur Vitrifrigo MACS 16000"},"content":{"rendered":"<p>Climatiseur Vitrifrigo MACS 16000 &#8211; <\/p>\n<p style=\"color: rgb(34, 34, 34); font-family: Arial, Helvetica, sans-serif; font-size: small;\">Le syst\u00e8me de climatisation VITRIFRIGO MACS 16000 garantit un confort et un bien-\u00eatre optimaux \u00e0 bord, m\u00eame dans les conditions m\u00e9t\u00e9orologiques les plus difficiles. Avec une capacit\u00e9 de refroidissement de 16 000 BTU\/h, cette unit\u00e9 est id\u00e9alement con\u00e7ue pour des espaces de 25 \u00e0 30 m\u00e8tres carr\u00e9s.<\/p>\n<p style=\"color: rgb(34, 34, 34); font-family: Arial, Helvetica, sans-serif; font-size: small;\">Sp\u00e9cialement con\u00e7u pour des applications maritimes, le Vitrifrigo MACS 16000 refroidit efficacement une seule pi\u00e8ce ou deux pi\u00e8ces adjacentes. Il fonctionne avec un circuit d&#8217;eau de mer, agissant \u00e0 la fois comme un climatiseur fournissant de l&#8217;air frais et comme un chauffage d\u00e9livrant de la chaleur. Ce syst\u00e8me monobloc compact comprend un compresseur, un condenseur, un \u00e9vaporateur, une sortie et un panneau de contr\u00f4le, complet avec un c\u00e2ble d&#8217;extension de 3 m\u00e8tres et une t\u00e9l\u00e9commande. Le panneau \u00e9lectrique dispose d&#8217;une extension de 1,2 m\u00e8tre et fonctionne \u00e0 220V\/1100W\/5A (1300W\/5.5A en mode chauffage), ce qui le rend compatible avec l&#8217;alimentation de quai ou un g\u00e9n\u00e9rateur. Le d\u00e9bit d&#8217;air est de 640 m\u00b3\/h. Veuillez noter que les accessoires d&#8217;installation ne sont pas inclus et doivent \u00eatre achet\u00e9s s\u00e9par\u00e9ment.<\/p>\n<p style=\"color: rgb(34, 34, 34); font-family: Arial, Helvetica, sans-serif; font-size: small;\">Cette unit\u00e9 de climatisation monobloc fonctionne \u00e0 16 000 BTU\/h et utilise le r\u00e9frig\u00e9rant R410A, fonctionnant avec une alimentation 230V AC, monophas\u00e9e, 50Hz. L&#8217;unit\u00e9 est fournie avec un panneau de contr\u00f4le et est con\u00e7ue pour une polyvalence tout au long de l&#8217;ann\u00e9e, ce qui la rend id\u00e9ale pour les installations marines.<\/p>\n<p style=\"color: rgb(34, 34, 34); font-family: Arial, Helvetica, sans-serif; font-size: small;\">Le contr\u00f4le num\u00e9rique de la temp\u00e9rature et l&#8217;affichage LCD garantissent un fonctionnement pr\u00e9cis et convivial. Son design respectueux de l&#8217;environnement utilise le r\u00e9frig\u00e9rant \u00e0 faibles \u00e9missions de gaz \u00e0 effet de serre R410A, conform\u00e9ment aux normes environnementales mondiales.<\/p>\n<p style=\"color: rgb(34, 34, 34); font-family: Arial, Helvetica, sans-serif; font-size: small;\">Le syst\u00e8me assure efficacement la circulation de l&#8217;air \u00e0 travers des conduits isol\u00e9s et le distribue via des grilles de diffusion, offrant un confort personnalis\u00e9.<\/p>\n<p style=\"color: rgb(34, 34, 34); font-family: Arial, Helvetica, sans-serif; font-size: small;\">En choisissant le VITRIFRIGO MACS 16000, vous optez pour une solution de refroidissement de haute qualit\u00e9 et respectueuse de l&#8217;environnement.<\/p>\n<p style=\"color: rgb(34, 34, 34); font-family: Arial, Helvetica, sans-serif; font-size: small;\"> <strong>S\u00e9rie :<\/strong>\u00a0MACS<br \/><strong>Porte R\u00e9versible :<\/strong>\u00a0Non<br \/><strong>Thermostat :<\/strong>\u00a0Num\u00e9rique<br \/><strong>Technologie de R\u00e9frig\u00e9ration :<\/strong>\u00a0Compresseur<br \/><strong>Tension :<\/strong>\u00a0230 VAC<\/p>\n","protected":false},"excerpt":{"rendered":"<p>Climatiseur Vitrifrigo MACS 16000 &#8211; Le syst\u00e8me de climatisation VITRIFRIGO MACS 16000 garantit un confort et un bien-\u00eatre optimaux \u00e0<\/p>\n","protected":false},"featured_media":5946264,"comment_status":"open","ping_status":"closed","template":"","meta":[],"product_brand":[3524],"product_cat":[1073],"product_tag":[],"class_list":{"0":"post-730878","1":"product","2":"type-product","3":"status-publish","4":"has-post-thumbnail","6":"product_brand-vitrifrigo-fr","7":"product_cat-appareils-electromenagers","9":"first","10":"instock","11":"shipping-taxable","12":"purchasable","13":"product-type-simple"},"_links":{"self":[{"href":"https:\/\/stoic-curie.212-227-153-4.plesk.page\/fr\/wp-json\/wp\/v2\/product\/730878","targetHints":{"allow":["GET"]}}],"collection":[{"href":"https:\/\/stoic-curie.212-227-153-4.plesk.page\/fr\/wp-json\/wp\/v2\/product"}],"about":[{"href":"https:\/\/stoic-curie.212-227-153-4.plesk.page\/fr\/wp-json\/wp\/v2\/types\/product"}],"replies":[{"embeddable":true,"href":"https:\/\/stoic-curie.212-227-153-4.plesk.page\/fr\/wp-json\/wp\/v2\/comments?post=730878"}],"version-history":[{"count":0,"href":"https:\/\/stoic-curie.212-227-153-4.plesk.page\/fr\/wp-json\/wp\/v2\/product\/730878\/revisions"}],"wp:featuredmedia":[{"embeddable":true,"href":"https:\/\/stoic-curie.212-227-153-4.plesk.page\/fr\/wp-json\/wp\/v2\/media\/5946264"}],"wp:attachment":[{"href":"https:\/\/stoic-curie.212-227-153-4.plesk.page\/fr\/wp-json\/wp\/v2\/media?parent=730878"}],"wp:term":[{"taxonomy":"product_brand","embeddable":true,"href":"https:\/\/stoic-curie.212-227-153-4.plesk.page\/fr\/wp-json\/wp\/v2\/product_brand?post=730878"},{"taxonomy":"product_cat","embeddable":true,"href":"https:\/\/stoic-curie.212-227-153-4.plesk.page\/fr\/wp-json\/wp\/v2\/product_cat?post=730878"},{"taxonomy":"product_tag","embeddable":true,"href":"https:\/\/stoic-curie.212-227-153-4.plesk.page\/fr\/wp-json\/wp\/v2\/product_tag?post=730878"}],"curies":[{"name":"wp","href":"https:\/\/api.w.org\/{rel}","templated":true}]}}