{"id":730881,"date":"2025-03-03T16:09:35","date_gmt":"2025-03-03T15:09:35","guid":{"rendered":"https:\/\/stoic-curie.212-227-153-4.plesk.page\/producto\/grille-daspiration-en-teck-pour-climatisation-vitrifrigo-250-x-250-mm\/"},"modified":"2026-02-24T23:08:43","modified_gmt":"2026-02-24T23:08:43","slug":"grille-daspiration-en-teck-pour-climatisation-vitrifrigo-250-x-250-mm","status":"publish","type":"product","link":"https:\/\/stoic-curie.212-227-153-4.plesk.page\/fr\/product\/grille-daspiration-en-teck-pour-climatisation-vitrifrigo-250-x-250-mm\/","title":{"rendered":"Grille d\u2019aspiration en teck pour climatisation Vitrifrigo, 250\u00a0x\u00a0250\u00a0mm"},"content":{"rendered":"<p>Grille d\u2019aspiration en teck pour climatisation Vitrifrigo, 250\u00a0x\u00a0250\u00a0mm &#8211; <\/p>\n<p>Grilles de retour d&#8217;air avec cadre en teck pour syst\u00e8mes de climatisation. Complet avec filtre, \u00e0 monter en contact avec le compartiment de climatisation et ne n\u00e9cessite pas de diviseur d&#8217;air ni de raccords.<\/p>\n","protected":false},"excerpt":{"rendered":"<p>Grille d\u2019aspiration en teck pour climatisation Vitrifrigo, 250\u00a0x\u00a0250\u00a0mm &#8211; Grilles de retour d&#8217;air avec cadre en teck pour syst\u00e8mes de<\/p>\n","protected":false},"featured_media":5946268,"comment_status":"open","ping_status":"closed","template":"","meta":[],"product_brand":[3524],"product_cat":[1073],"product_tag":[],"class_list":{"0":"post-730881","1":"product","2":"type-product","3":"status-publish","4":"has-post-thumbnail","6":"product_brand-vitrifrigo-fr","7":"product_cat-appareils-electromenagers","9":"first","10":"instock","11":"shipping-taxable","12":"purchasable","13":"product-type-simple"},"_links":{"self":[{"href":"https:\/\/stoic-curie.212-227-153-4.plesk.page\/fr\/wp-json\/wp\/v2\/product\/730881","targetHints":{"allow":["GET"]}}],"collection":[{"href":"https:\/\/stoic-curie.212-227-153-4.plesk.page\/fr\/wp-json\/wp\/v2\/product"}],"about":[{"href":"https:\/\/stoic-curie.212-227-153-4.plesk.page\/fr\/wp-json\/wp\/v2\/types\/product"}],"replies":[{"embeddable":true,"href":"https:\/\/stoic-curie.212-227-153-4.plesk.page\/fr\/wp-json\/wp\/v2\/comments?post=730881"}],"version-history":[{"count":0,"href":"https:\/\/stoic-curie.212-227-153-4.plesk.page\/fr\/wp-json\/wp\/v2\/product\/730881\/revisions"}],"wp:featuredmedia":[{"embeddable":true,"href":"https:\/\/stoic-curie.212-227-153-4.plesk.page\/fr\/wp-json\/wp\/v2\/media\/5946268"}],"wp:attachment":[{"href":"https:\/\/stoic-curie.212-227-153-4.plesk.page\/fr\/wp-json\/wp\/v2\/media?parent=730881"}],"wp:term":[{"taxonomy":"product_brand","embeddable":true,"href":"https:\/\/stoic-curie.212-227-153-4.plesk.page\/fr\/wp-json\/wp\/v2\/product_brand?post=730881"},{"taxonomy":"product_cat","embeddable":true,"href":"https:\/\/stoic-curie.212-227-153-4.plesk.page\/fr\/wp-json\/wp\/v2\/product_cat?post=730881"},{"taxonomy":"product_tag","embeddable":true,"href":"https:\/\/stoic-curie.212-227-153-4.plesk.page\/fr\/wp-json\/wp\/v2\/product_tag?post=730881"}],"curies":[{"name":"wp","href":"https:\/\/api.w.org\/{rel}","templated":true}]}}