{"id":730887,"date":"2025-03-03T16:09:36","date_gmt":"2025-03-03T15:09:36","guid":{"rendered":"https:\/\/stoic-curie.212-227-153-4.plesk.page\/producto\/grille-de-ventilation-en-teck-pour-climatisation-vitrifrigo-macs-250-x-150-mm\/"},"modified":"2026-02-24T23:08:43","modified_gmt":"2026-02-24T23:08:43","slug":"grille-de-ventilation-en-teck-pour-climatisation-vitrifrigo-macs-250-x-150-mm","status":"publish","type":"product","link":"https:\/\/stoic-curie.212-227-153-4.plesk.page\/fr\/product\/grille-de-ventilation-en-teck-pour-climatisation-vitrifrigo-macs-250-x-150-mm\/","title":{"rendered":"Grille de ventilation en teck pour climatisation Vitrifrigo MACS, 250\u00a0x\u00a0150\u00a0mm"},"content":{"rendered":"<p>Grille de ventilation en teck pour climatisation Vitrifrigo MACS, 250\u00a0x\u00a0150\u00a0mm &#8211; <\/p>\n<p>Grilles d&#8217;alimentation avec cadre en teck pour syst\u00e8mes de climatisation. Elles doivent \u00eatre connect\u00e9es au conduit d&#8217;air par le distributeur d&#8217;air et l&#8217;anneau de fixation du tuyau.<\/p>\n","protected":false},"excerpt":{"rendered":"<p>Grille de ventilation en teck pour climatisation Vitrifrigo MACS, 250\u00a0x\u00a0150\u00a0mm &#8211; Grilles d&#8217;alimentation avec cadre en teck pour syst\u00e8mes de<\/p>\n","protected":false},"featured_media":5946269,"comment_status":"open","ping_status":"closed","template":"","meta":[],"product_brand":[3524],"product_cat":[1073],"product_tag":[],"class_list":{"0":"post-730887","1":"product","2":"type-product","3":"status-publish","4":"has-post-thumbnail","6":"product_brand-vitrifrigo-fr","7":"product_cat-appareils-electromenagers","9":"first","10":"instock","11":"shipping-taxable","12":"purchasable","13":"product-type-simple"},"_links":{"self":[{"href":"https:\/\/stoic-curie.212-227-153-4.plesk.page\/fr\/wp-json\/wp\/v2\/product\/730887","targetHints":{"allow":["GET"]}}],"collection":[{"href":"https:\/\/stoic-curie.212-227-153-4.plesk.page\/fr\/wp-json\/wp\/v2\/product"}],"about":[{"href":"https:\/\/stoic-curie.212-227-153-4.plesk.page\/fr\/wp-json\/wp\/v2\/types\/product"}],"replies":[{"embeddable":true,"href":"https:\/\/stoic-curie.212-227-153-4.plesk.page\/fr\/wp-json\/wp\/v2\/comments?post=730887"}],"version-history":[{"count":0,"href":"https:\/\/stoic-curie.212-227-153-4.plesk.page\/fr\/wp-json\/wp\/v2\/product\/730887\/revisions"}],"wp:featuredmedia":[{"embeddable":true,"href":"https:\/\/stoic-curie.212-227-153-4.plesk.page\/fr\/wp-json\/wp\/v2\/media\/5946269"}],"wp:attachment":[{"href":"https:\/\/stoic-curie.212-227-153-4.plesk.page\/fr\/wp-json\/wp\/v2\/media?parent=730887"}],"wp:term":[{"taxonomy":"product_brand","embeddable":true,"href":"https:\/\/stoic-curie.212-227-153-4.plesk.page\/fr\/wp-json\/wp\/v2\/product_brand?post=730887"},{"taxonomy":"product_cat","embeddable":true,"href":"https:\/\/stoic-curie.212-227-153-4.plesk.page\/fr\/wp-json\/wp\/v2\/product_cat?post=730887"},{"taxonomy":"product_tag","embeddable":true,"href":"https:\/\/stoic-curie.212-227-153-4.plesk.page\/fr\/wp-json\/wp\/v2\/product_tag?post=730887"}],"curies":[{"name":"wp","href":"https:\/\/api.w.org\/{rel}","templated":true}]}}