{"id":730895,"date":"2025-03-03T16:09:37","date_gmt":"2025-03-03T15:09:37","guid":{"rendered":"https:\/\/stoic-curie.212-227-153-4.plesk.page\/producto\/boitier-de-direction-riviera-md45\/"},"modified":"2026-02-24T23:08:43","modified_gmt":"2026-02-24T23:08:43","slug":"boitier-de-direction-riviera-md45","status":"publish","type":"product","link":"https:\/\/stoic-curie.212-227-153-4.plesk.page\/fr\/product\/boitier-de-direction-riviera-md45\/","title":{"rendered":"Bo\u00eetier de direction Riviera MD45"},"content":{"rendered":"<p>Bo\u00eetier de direction Riviera MD45 &#8211; <\/p>\n<p>Syst\u00e8me de direction m\u00e9canique \u00e0 c\u00e2ble unique pour bateaux \u00e0 moteurs hors-bord jusqu&#8217;\u00e0 45 kW et d&#8217;une longueur maximale de 9 m. Con\u00e7u avec des mat\u00e9riaux \u00e0 haute r\u00e9sistance m\u00e9canique, avec un bo\u00eetier en r\u00e9sine Delrin 100 et un embrayage r\u00e9glable par un bouton externe. Utilise des c\u00e2bles T01, connexion standard compatible avec d&#8217;autres c\u00e2bles de direction sur le march\u00e9.<\/p>\n","protected":false},"excerpt":{"rendered":"<p>Bo\u00eetier de direction Riviera MD45 &#8211; Syst\u00e8me de direction m\u00e9canique \u00e0 c\u00e2ble unique pour bateaux \u00e0 moteurs hors-bord jusqu&#8217;\u00e0 45<\/p>\n","protected":false},"featured_media":5946272,"comment_status":"open","ping_status":"closed","template":"","meta":[],"product_brand":[3304],"product_cat":[1254],"product_tag":[],"class_list":{"0":"post-730895","1":"product","2":"type-product","3":"status-publish","4":"has-post-thumbnail","6":"product_brand-riviera-fr","7":"product_cat-direction-de-cable","9":"first","10":"instock","11":"shipping-taxable","12":"purchasable","13":"product-type-simple"},"_links":{"self":[{"href":"https:\/\/stoic-curie.212-227-153-4.plesk.page\/fr\/wp-json\/wp\/v2\/product\/730895","targetHints":{"allow":["GET"]}}],"collection":[{"href":"https:\/\/stoic-curie.212-227-153-4.plesk.page\/fr\/wp-json\/wp\/v2\/product"}],"about":[{"href":"https:\/\/stoic-curie.212-227-153-4.plesk.page\/fr\/wp-json\/wp\/v2\/types\/product"}],"replies":[{"embeddable":true,"href":"https:\/\/stoic-curie.212-227-153-4.plesk.page\/fr\/wp-json\/wp\/v2\/comments?post=730895"}],"version-history":[{"count":0,"href":"https:\/\/stoic-curie.212-227-153-4.plesk.page\/fr\/wp-json\/wp\/v2\/product\/730895\/revisions"}],"wp:featuredmedia":[{"embeddable":true,"href":"https:\/\/stoic-curie.212-227-153-4.plesk.page\/fr\/wp-json\/wp\/v2\/media\/5946272"}],"wp:attachment":[{"href":"https:\/\/stoic-curie.212-227-153-4.plesk.page\/fr\/wp-json\/wp\/v2\/media?parent=730895"}],"wp:term":[{"taxonomy":"product_brand","embeddable":true,"href":"https:\/\/stoic-curie.212-227-153-4.plesk.page\/fr\/wp-json\/wp\/v2\/product_brand?post=730895"},{"taxonomy":"product_cat","embeddable":true,"href":"https:\/\/stoic-curie.212-227-153-4.plesk.page\/fr\/wp-json\/wp\/v2\/product_cat?post=730895"},{"taxonomy":"product_tag","embeddable":true,"href":"https:\/\/stoic-curie.212-227-153-4.plesk.page\/fr\/wp-json\/wp\/v2\/product_tag?post=730895"}],"curies":[{"name":"wp","href":"https:\/\/api.w.org\/{rel}","templated":true}]}}