{"id":730896,"date":"2025-03-03T16:09:37","date_gmt":"2025-03-03T15:09:37","guid":{"rendered":"https:\/\/stoic-curie.212-227-153-4.plesk.page\/producto\/boitier-de-direction-riviera-mda100\/"},"modified":"2026-02-24T23:08:43","modified_gmt":"2026-02-24T23:08:43","slug":"boitier-de-direction-riviera-mda100","status":"publish","type":"product","link":"https:\/\/stoic-curie.212-227-153-4.plesk.page\/fr\/product\/boitier-de-direction-riviera-mda100\/","title":{"rendered":"Bo\u00eetier de direction Riviera MDA100"},"content":{"rendered":"<p>Bo\u00eetier de direction Riviera MDA100 &#8211; <\/p>\n<p>Syst\u00e8me de direction m\u00e9canique \u00e0 c\u00e2ble unique pour bateaux avec moteurs hors-bord et in-board jusqu&#8217;\u00e0 100 kW et longueur allant jusqu&#8217;\u00e0 9 m pour hors-bord et 10,5 m pour in-board. Fabriqu\u00e9 \u00e0 partir de mat\u00e9riaux \u00e0 haute r\u00e9sistance m\u00e9canique, avec corps en r\u00e9sine Delrin 100, r\u00e9ducteur plan\u00e9taire et embrayage r\u00e9glable \u00e0 l&#8217;aide d&#8217;un bouton externe. Utilise des c\u00e2bles T02, connexion standard compatible avec d&#8217;autres c\u00e2bles de direction sur le march\u00e9.<\/p>\n","protected":false},"excerpt":{"rendered":"<p>Bo\u00eetier de direction Riviera MDA100 &#8211; Syst\u00e8me de direction m\u00e9canique \u00e0 c\u00e2ble unique pour bateaux avec moteurs hors-bord et in-board<\/p>\n","protected":false},"featured_media":5946274,"comment_status":"open","ping_status":"closed","template":"","meta":[],"product_brand":[3304],"product_cat":[1254],"product_tag":[],"class_list":{"0":"post-730896","1":"product","2":"type-product","3":"status-publish","4":"has-post-thumbnail","6":"product_brand-riviera-fr","7":"product_cat-direction-de-cable","9":"first","10":"instock","11":"shipping-taxable","12":"purchasable","13":"product-type-simple"},"_links":{"self":[{"href":"https:\/\/stoic-curie.212-227-153-4.plesk.page\/fr\/wp-json\/wp\/v2\/product\/730896","targetHints":{"allow":["GET"]}}],"collection":[{"href":"https:\/\/stoic-curie.212-227-153-4.plesk.page\/fr\/wp-json\/wp\/v2\/product"}],"about":[{"href":"https:\/\/stoic-curie.212-227-153-4.plesk.page\/fr\/wp-json\/wp\/v2\/types\/product"}],"replies":[{"embeddable":true,"href":"https:\/\/stoic-curie.212-227-153-4.plesk.page\/fr\/wp-json\/wp\/v2\/comments?post=730896"}],"version-history":[{"count":0,"href":"https:\/\/stoic-curie.212-227-153-4.plesk.page\/fr\/wp-json\/wp\/v2\/product\/730896\/revisions"}],"wp:featuredmedia":[{"embeddable":true,"href":"https:\/\/stoic-curie.212-227-153-4.plesk.page\/fr\/wp-json\/wp\/v2\/media\/5946274"}],"wp:attachment":[{"href":"https:\/\/stoic-curie.212-227-153-4.plesk.page\/fr\/wp-json\/wp\/v2\/media?parent=730896"}],"wp:term":[{"taxonomy":"product_brand","embeddable":true,"href":"https:\/\/stoic-curie.212-227-153-4.plesk.page\/fr\/wp-json\/wp\/v2\/product_brand?post=730896"},{"taxonomy":"product_cat","embeddable":true,"href":"https:\/\/stoic-curie.212-227-153-4.plesk.page\/fr\/wp-json\/wp\/v2\/product_cat?post=730896"},{"taxonomy":"product_tag","embeddable":true,"href":"https:\/\/stoic-curie.212-227-153-4.plesk.page\/fr\/wp-json\/wp\/v2\/product_tag?post=730896"}],"curies":[{"name":"wp","href":"https:\/\/api.w.org\/{rel}","templated":true}]}}