{"id":730920,"date":"2025-03-03T16:09:41","date_gmt":"2025-03-03T15:09:41","guid":{"rendered":"https:\/\/stoic-curie.212-227-153-4.plesk.page\/producto\/cable-de-commande-riviera-t02-488-m\/"},"modified":"2026-02-24T23:08:43","modified_gmt":"2026-02-24T23:08:43","slug":"cable-de-commande-riviera-t02-488-m","status":"publish","type":"product","link":"https:\/\/stoic-curie.212-227-153-4.plesk.page\/fr\/product\/cable-de-commande-riviera-t02-488-m\/","title":{"rendered":"C\u00e2ble de commande Riviera T02, 4,88\u00a0m"},"content":{"rendered":"<p>C\u00e2ble de commande Riviera T02, 4,88\u00a0m &#8211; <\/p>\n<p>C\u00e2ble de commande T02 push\/pull pour syst\u00e8mes de direction m\u00e9canique Riviera MDA100. Rayon de courbure de 200 mm, course de 224 mm et diam\u00e8tre de gaine de 16 mm. Connexion compatible avec d&#8217;autres syst\u00e8mes de direction m\u00e9canique sur le march\u00e9.<\/p>\n","protected":false},"excerpt":{"rendered":"<p>C\u00e2ble de commande Riviera T02, 4,88\u00a0m &#8211; C\u00e2ble de commande T02 push\/pull pour syst\u00e8mes de direction m\u00e9canique Riviera MDA100. Rayon<\/p>\n","protected":false},"featured_media":5946278,"comment_status":"open","ping_status":"closed","template":"","meta":[],"product_brand":[3304],"product_cat":[1254],"product_tag":[],"class_list":{"0":"post-730920","1":"product","2":"type-product","3":"status-publish","4":"has-post-thumbnail","6":"product_brand-riviera-fr","7":"product_cat-direction-de-cable","9":"first","10":"instock","11":"shipping-taxable","12":"purchasable","13":"product-type-simple"},"_links":{"self":[{"href":"https:\/\/stoic-curie.212-227-153-4.plesk.page\/fr\/wp-json\/wp\/v2\/product\/730920","targetHints":{"allow":["GET"]}}],"collection":[{"href":"https:\/\/stoic-curie.212-227-153-4.plesk.page\/fr\/wp-json\/wp\/v2\/product"}],"about":[{"href":"https:\/\/stoic-curie.212-227-153-4.plesk.page\/fr\/wp-json\/wp\/v2\/types\/product"}],"replies":[{"embeddable":true,"href":"https:\/\/stoic-curie.212-227-153-4.plesk.page\/fr\/wp-json\/wp\/v2\/comments?post=730920"}],"version-history":[{"count":0,"href":"https:\/\/stoic-curie.212-227-153-4.plesk.page\/fr\/wp-json\/wp\/v2\/product\/730920\/revisions"}],"wp:featuredmedia":[{"embeddable":true,"href":"https:\/\/stoic-curie.212-227-153-4.plesk.page\/fr\/wp-json\/wp\/v2\/media\/5946278"}],"wp:attachment":[{"href":"https:\/\/stoic-curie.212-227-153-4.plesk.page\/fr\/wp-json\/wp\/v2\/media?parent=730920"}],"wp:term":[{"taxonomy":"product_brand","embeddable":true,"href":"https:\/\/stoic-curie.212-227-153-4.plesk.page\/fr\/wp-json\/wp\/v2\/product_brand?post=730920"},{"taxonomy":"product_cat","embeddable":true,"href":"https:\/\/stoic-curie.212-227-153-4.plesk.page\/fr\/wp-json\/wp\/v2\/product_cat?post=730920"},{"taxonomy":"product_tag","embeddable":true,"href":"https:\/\/stoic-curie.212-227-153-4.plesk.page\/fr\/wp-json\/wp\/v2\/product_tag?post=730920"}],"curies":[{"name":"wp","href":"https:\/\/api.w.org\/{rel}","templated":true}]}}