{"id":730926,"date":"2025-03-03T16:09:42","date_gmt":"2025-03-03T15:09:42","guid":{"rendered":"https:\/\/stoic-curie.212-227-153-4.plesk.page\/producto\/groupe-electrogene-paguro-4-my\/"},"modified":"2026-02-24T23:08:43","modified_gmt":"2026-02-24T23:08:43","slug":"groupe-electrogene-paguro-4-my","status":"publish","type":"product","link":"https:\/\/stoic-curie.212-227-153-4.plesk.page\/fr\/product\/groupe-electrogene-paguro-4-my\/","title":{"rendered":"Groupe \u00e9lectrog\u00e8ne Paguro 4\u00a0MY"},"content":{"rendered":"<p>Groupe \u00e9lectrog\u00e8ne Paguro 4\u00a0MY &#8211; <\/p>\n<p>Le g\u00e9n\u00e9rateur Paguro est aliment\u00e9 par un moteur diesel Yanmar avec un alternateur refroidi par eau. Alternateur sans balais et synchrone. Id\u00e9al pour les utilisations n\u00e9cessitant un courant de d\u00e9marrage \u00e9lev\u00e9. Composants marinis\u00e9s et bo\u00eetier en fibre de verre insonoris\u00e9. Inclus avec panneau de contr\u00f4le \u00e0 distance avec c\u00e2ble de 15 m, compteur d&#8217;heures, arr\u00eat automatique d&#8217;urgence\/de d\u00e9faut et kit de montages antivibrations.<\/p>\n<p><strong style=\"color: rgb(34, 34, 34); font-family: Arial, Helvetica, sans-serif; font-size: small;\">PAGURO 4 MY \u2013 4 KVA 3.5 KW<\/strong><\/p>\n<p style=\"color: rgb(34, 34, 34); font-family: Arial, Helvetica, sans-serif; font-size: small;\">Nous vous pr\u00e9sentons le g\u00e9n\u00e9rateur PAGURO 4 MY, une pi\u00e8ce d&#8217;ing\u00e9nierie remarquable qui se distingue sur le march\u00e9 maritime par ses performances exceptionnelles et son design compact. Ce g\u00e9n\u00e9rateur est \u00e9quip\u00e9 d&#8217;un alternateur \u00e0 aimant permanent, qui fournit une puissance continue de 3,5 kW tout en maintenant un poids remarquablement l\u00e9ger de seulement 60 kg. Il est aliment\u00e9 par le moteur \u00e0 simple cylindre Yanmar L70, ce qui en fait le plus petit et le plus l\u00e9ger des g\u00e9n\u00e9rateurs actuellement disponibles pour des applications maritimes. Cette combinaison de puissance et de portabilit\u00e9 en fait un choix id\u00e9al pour les propri\u00e9taires de bateaux \u00e0 la recherche de solutions \u00e9nerg\u00e9tiques fiables sur l&#8217;eau.<\/p>\n<p style=\"color: rgb(34, 34, 34); font-family: Arial, Helvetica, sans-serif; font-size: small;\"><strong>ALTERNATEUR<\/strong><\/p>\n<p style=\"color: rgb(34, 34, 34); font-family: Arial, Helvetica, sans-serif; font-size: small;\">Au c\u0153ur du PAGURO 4 MY se trouve son alternateur \u00e0 aimant permanent (PMG) avanc\u00e9, qui est con\u00e7u pour \u00eatre \u00e0 la fois compact et l\u00e9ger. Cet alternateur innovant est associ\u00e9 \u00e0 une bo\u00eete de contr\u00f4le \u00e9lectronique qui garantit la production d&#8217;une sortie d&#8217;onde sinuso\u00efdale propre. Ce caract\u00e8re est particuli\u00e8rement important pour ceux qui d\u00e9pendent de dispositifs \u00e9lectroniques sensibles, car il garantit qu&#8217;ils re\u00e7oivent une \u00e9nergie stable et s\u00fbre. De plus, le g\u00e9n\u00e9rateur comprend un chargeur de batterie d\u00e9di\u00e9 pour la batterie de d\u00e9marrage, d\u00e9livrant 12 V \u00e0 8 A, ce qui am\u00e9liore sa fonctionnalit\u00e9. L&#8217;isolation de l&#8217;alternateur est class\u00e9e Classe H, assurant qu&#8217;il est con\u00e7u pour r\u00e9sister aux rigueurs des environnements marins, offrant durabilit\u00e9 et fiabilit\u00e9 au fil du temps.<\/p>\n<p style=\"color: rgb(34, 34, 34); font-family: Arial, Helvetica, sans-serif; font-size: small;\"><strong>MOTEUR<\/strong><\/p>\n<p style=\"color: rgb(34, 34, 34); font-family: Arial, Helvetica, sans-serif; font-size: small;\">Le moteur du PAGURO 4 MY fonctionne au diesel et pr\u00e9sente un design monocylindre \u00e0 quatre temps. Cette configuration contribue non seulement \u00e0 sa taille compacte, mais am\u00e9liore \u00e9galement son efficacit\u00e9. Le moteur est \u00e9quip\u00e9 d&#8217;un \u00e9changeur de chaleur en acier inoxydable de haute qualit\u00e9, qui transf\u00e8re efficacement la chaleur entre l&#8217;eau et l&#8217;air, assurant un rendement optimal et une long\u00e9vit\u00e9.<\/p>\n<p style=\"color: rgb(34, 34, 34); font-family: Arial, Helvetica, sans-serif; font-size: small;\"><strong>CAPSULE INSONORISANTE<\/strong><\/p>\n<p style=\"color: rgb(34, 34, 34); font-family: Arial, Helvetica, sans-serif; font-size: small;\">L&#8217;une des caract\u00e9ristiques remarquables du PAGURO 4 MY est sa capsule insonorisante, qui est construite en GRP multicouche (Plastique Renforc\u00e9 de Verre). Ce mat\u00e9riau \u00e0 haute densit\u00e9 est sp\u00e9cifiquement con\u00e7u pour absorber le son de mani\u00e8re efficace, rendant le g\u00e9n\u00e9rateur plus silencieux en fonctionnement. La capsule est \u00e9galement am\u00e9lior\u00e9e avec un rev\u00eatement en mousse isolante thermique, ce qui contribue \u00e0 son efficacit\u00e9 globale. Con\u00e7ue pour le confort de l&#8217;utilisateur, la capsule insonorisante se divise en deux moiti\u00e9s, permettant un acc\u00e8s facile au g\u00e9n\u00e9rateur pour l&#8217;entretien, m\u00eame dans des espaces confin\u00e9s. De plus, elle int\u00e8gre un syst\u00e8me de double antivibrations, qui comprend quatre amortisseurs internes en caoutchouc et quatre supports de moteur captifs situ\u00e9s \u00e0 l&#8217;ext\u00e9rieur de la capsule. Ce design innovant garantit un fonctionnement avec un bruit et des vibrations minimaux, offrant une exp\u00e9rience plus agr\u00e9able pour les propri\u00e9taires de bateaux et leurs invit\u00e9s.<\/p>\n<p style=\"color: rgb(34, 34, 34); font-family: Arial, Helvetica, sans-serif; font-size: small;\"><strong>R\u00e9sum\u00e9:<\/strong> Le g\u00e9n\u00e9rateur PAGURO 4 MY est un excellent choix pour ceux qui ont besoin d&#8217;une source d&#8217;\u00e9nergie fiable, efficace et compacte pour leurs aventures maritimes.<\/p>\n","protected":false},"excerpt":{"rendered":"<p>Groupe \u00e9lectrog\u00e8ne Paguro 4\u00a0MY &#8211; Le g\u00e9n\u00e9rateur Paguro est aliment\u00e9 par un moteur diesel Yanmar avec un alternateur refroidi par<\/p>\n","protected":false},"featured_media":5946281,"comment_status":"open","ping_status":"closed","template":"","meta":[],"product_brand":[3239],"product_cat":[1154],"product_tag":[],"class_list":{"0":"post-730926","1":"product","2":"type-product","3":"status-publish","4":"has-post-thumbnail","6":"product_brand-paguro-fr","7":"product_cat-generateurs-marins","9":"first","10":"instock","11":"shipping-taxable","12":"purchasable","13":"product-type-simple"},"_links":{"self":[{"href":"https:\/\/stoic-curie.212-227-153-4.plesk.page\/fr\/wp-json\/wp\/v2\/product\/730926","targetHints":{"allow":["GET"]}}],"collection":[{"href":"https:\/\/stoic-curie.212-227-153-4.plesk.page\/fr\/wp-json\/wp\/v2\/product"}],"about":[{"href":"https:\/\/stoic-curie.212-227-153-4.plesk.page\/fr\/wp-json\/wp\/v2\/types\/product"}],"replies":[{"embeddable":true,"href":"https:\/\/stoic-curie.212-227-153-4.plesk.page\/fr\/wp-json\/wp\/v2\/comments?post=730926"}],"version-history":[{"count":0,"href":"https:\/\/stoic-curie.212-227-153-4.plesk.page\/fr\/wp-json\/wp\/v2\/product\/730926\/revisions"}],"wp:featuredmedia":[{"embeddable":true,"href":"https:\/\/stoic-curie.212-227-153-4.plesk.page\/fr\/wp-json\/wp\/v2\/media\/5946281"}],"wp:attachment":[{"href":"https:\/\/stoic-curie.212-227-153-4.plesk.page\/fr\/wp-json\/wp\/v2\/media?parent=730926"}],"wp:term":[{"taxonomy":"product_brand","embeddable":true,"href":"https:\/\/stoic-curie.212-227-153-4.plesk.page\/fr\/wp-json\/wp\/v2\/product_brand?post=730926"},{"taxonomy":"product_cat","embeddable":true,"href":"https:\/\/stoic-curie.212-227-153-4.plesk.page\/fr\/wp-json\/wp\/v2\/product_cat?post=730926"},{"taxonomy":"product_tag","embeddable":true,"href":"https:\/\/stoic-curie.212-227-153-4.plesk.page\/fr\/wp-json\/wp\/v2\/product_tag?post=730926"}],"curies":[{"name":"wp","href":"https:\/\/api.w.org\/{rel}","templated":true}]}}