{"id":730927,"date":"2025-03-03T16:09:42","date_gmt":"2025-03-03T15:09:42","guid":{"rendered":"https:\/\/stoic-curie.212-227-153-4.plesk.page\/producto\/levier-de-commande-moteur-morse-riviera-cm01-noir\/"},"modified":"2026-02-24T23:08:43","modified_gmt":"2026-02-24T23:08:43","slug":"levier-de-commande-moteur-morse-riviera-cm01-noir","status":"publish","type":"product","link":"https:\/\/stoic-curie.212-227-153-4.plesk.page\/fr\/product\/levier-de-commande-moteur-morse-riviera-cm01-noir\/","title":{"rendered":"Levier de commande moteur Morse Riviera CM01 noir"},"content":{"rendered":"<p>Levier de commande moteur Morse Riviera CM01 noir &#8211; <\/p>\n<p>Contr\u00f4le \u00e0 double action avec manette unique pour le contr\u00f4le de l&#8217;acc\u00e9l\u00e9rateur et du changement, id\u00e9al pour les voiliers. Montage int\u00e9gr\u00e9 sur cloison, bo\u00eetier Eltex avec pi\u00e8ces m\u00e9caniques en Delrin 100 et en acier inoxydable. D\u00e9placement de l&#8217;acc\u00e9l\u00e9rateur de 88 mm avec direction r\u00e9versible et acc\u00e9l\u00e9ration au point mort. D\u00e9placement de l&#8217;onduleur de 68 \u00e0 76 mm. Utilise des c\u00e2bles F02\/F08\/F05\/F14.<\/p>\n","protected":false},"excerpt":{"rendered":"<p>Levier de commande moteur Morse Riviera CM01 noir &#8211; Contr\u00f4le \u00e0 double action avec manette unique pour le contr\u00f4le de<\/p>\n","protected":false},"featured_media":5946282,"comment_status":"open","ping_status":"closed","template":"","meta":[],"product_brand":[3304],"product_cat":[1217],"product_tag":[],"class_list":{"0":"post-730927","1":"product","2":"type-product","3":"status-publish","4":"has-post-thumbnail","6":"product_brand-riviera-fr","7":"product_cat-commandes-morse","9":"first","10":"instock","11":"shipping-taxable","12":"purchasable","13":"product-type-simple"},"_links":{"self":[{"href":"https:\/\/stoic-curie.212-227-153-4.plesk.page\/fr\/wp-json\/wp\/v2\/product\/730927","targetHints":{"allow":["GET"]}}],"collection":[{"href":"https:\/\/stoic-curie.212-227-153-4.plesk.page\/fr\/wp-json\/wp\/v2\/product"}],"about":[{"href":"https:\/\/stoic-curie.212-227-153-4.plesk.page\/fr\/wp-json\/wp\/v2\/types\/product"}],"replies":[{"embeddable":true,"href":"https:\/\/stoic-curie.212-227-153-4.plesk.page\/fr\/wp-json\/wp\/v2\/comments?post=730927"}],"version-history":[{"count":0,"href":"https:\/\/stoic-curie.212-227-153-4.plesk.page\/fr\/wp-json\/wp\/v2\/product\/730927\/revisions"}],"wp:featuredmedia":[{"embeddable":true,"href":"https:\/\/stoic-curie.212-227-153-4.plesk.page\/fr\/wp-json\/wp\/v2\/media\/5946282"}],"wp:attachment":[{"href":"https:\/\/stoic-curie.212-227-153-4.plesk.page\/fr\/wp-json\/wp\/v2\/media?parent=730927"}],"wp:term":[{"taxonomy":"product_brand","embeddable":true,"href":"https:\/\/stoic-curie.212-227-153-4.plesk.page\/fr\/wp-json\/wp\/v2\/product_brand?post=730927"},{"taxonomy":"product_cat","embeddable":true,"href":"https:\/\/stoic-curie.212-227-153-4.plesk.page\/fr\/wp-json\/wp\/v2\/product_cat?post=730927"},{"taxonomy":"product_tag","embeddable":true,"href":"https:\/\/stoic-curie.212-227-153-4.plesk.page\/fr\/wp-json\/wp\/v2\/product_tag?post=730927"}],"curies":[{"name":"wp","href":"https:\/\/api.w.org\/{rel}","templated":true}]}}