{"id":730928,"date":"2025-03-03T16:09:43","date_gmt":"2025-03-03T15:09:43","guid":{"rendered":"https:\/\/stoic-curie.212-227-153-4.plesk.page\/producto\/levier-de-commande-moteur-morse-riviera-cm01-blanc\/"},"modified":"2026-02-24T23:08:43","modified_gmt":"2026-02-24T23:08:43","slug":"levier-de-commande-moteur-morse-riviera-cm01-blanc","status":"publish","type":"product","link":"https:\/\/stoic-curie.212-227-153-4.plesk.page\/fr\/product\/levier-de-commande-moteur-morse-riviera-cm01-blanc\/","title":{"rendered":"Levier de commande moteur Morse Riviera\u00a0CM01 blanc"},"content":{"rendered":"<p>Levier de commande moteur Morse Riviera\u00a0CM01 blanc &#8211; <\/p>\n<p>Contr\u00f4le \u00e0 double action avec levier unique pour le contr\u00f4le de l&#8217;acc\u00e9l\u00e9rateur et du changement, id\u00e9al pour les voiliers. Montage en saillie, bo\u00eetier Eltex avec pi\u00e8ces m\u00e9caniques en Delrin 100 et acier inoxydable. Course de l&#8217;acc\u00e9l\u00e9rateur de 88 mm avec direction r\u00e9versible et acc\u00e9l\u00e9ration au point mort. Course de l&#8217;inverseur de 68-76 mm. Utilise des c\u00e2bles F02\/F08\/F05\/F14.<\/p>\n","protected":false},"excerpt":{"rendered":"<p>Levier de commande moteur Morse Riviera\u00a0CM01 blanc &#8211; Contr\u00f4le \u00e0 double action avec levier unique pour le contr\u00f4le de l&#8217;acc\u00e9l\u00e9rateur<\/p>\n","protected":false},"featured_media":5946284,"comment_status":"open","ping_status":"closed","template":"","meta":[],"product_brand":[3304],"product_cat":[1217],"product_tag":[],"class_list":{"0":"post-730928","1":"product","2":"type-product","3":"status-publish","4":"has-post-thumbnail","6":"product_brand-riviera-fr","7":"product_cat-commandes-morse","9":"first","10":"instock","11":"shipping-taxable","12":"purchasable","13":"product-type-simple"},"_links":{"self":[{"href":"https:\/\/stoic-curie.212-227-153-4.plesk.page\/fr\/wp-json\/wp\/v2\/product\/730928","targetHints":{"allow":["GET"]}}],"collection":[{"href":"https:\/\/stoic-curie.212-227-153-4.plesk.page\/fr\/wp-json\/wp\/v2\/product"}],"about":[{"href":"https:\/\/stoic-curie.212-227-153-4.plesk.page\/fr\/wp-json\/wp\/v2\/types\/product"}],"replies":[{"embeddable":true,"href":"https:\/\/stoic-curie.212-227-153-4.plesk.page\/fr\/wp-json\/wp\/v2\/comments?post=730928"}],"version-history":[{"count":0,"href":"https:\/\/stoic-curie.212-227-153-4.plesk.page\/fr\/wp-json\/wp\/v2\/product\/730928\/revisions"}],"wp:featuredmedia":[{"embeddable":true,"href":"https:\/\/stoic-curie.212-227-153-4.plesk.page\/fr\/wp-json\/wp\/v2\/media\/5946284"}],"wp:attachment":[{"href":"https:\/\/stoic-curie.212-227-153-4.plesk.page\/fr\/wp-json\/wp\/v2\/media?parent=730928"}],"wp:term":[{"taxonomy":"product_brand","embeddable":true,"href":"https:\/\/stoic-curie.212-227-153-4.plesk.page\/fr\/wp-json\/wp\/v2\/product_brand?post=730928"},{"taxonomy":"product_cat","embeddable":true,"href":"https:\/\/stoic-curie.212-227-153-4.plesk.page\/fr\/wp-json\/wp\/v2\/product_cat?post=730928"},{"taxonomy":"product_tag","embeddable":true,"href":"https:\/\/stoic-curie.212-227-153-4.plesk.page\/fr\/wp-json\/wp\/v2\/product_tag?post=730928"}],"curies":[{"name":"wp","href":"https:\/\/api.w.org\/{rel}","templated":true}]}}