{"id":730933,"date":"2025-03-03T16:09:44","date_gmt":"2025-03-03T15:09:44","guid":{"rendered":"https:\/\/stoic-curie.212-227-153-4.plesk.page\/producto\/cable-de-commande-morse-riviera-f08-733-m\/"},"modified":"2026-02-24T23:08:43","modified_gmt":"2026-02-24T23:08:43","slug":"cable-de-commande-morse-riviera-f08-733-m","status":"publish","type":"product","link":"https:\/\/stoic-curie.212-227-153-4.plesk.page\/fr\/product\/cable-de-commande-morse-riviera-f08-733-m\/","title":{"rendered":"C\u00e2ble de commande Morse Riviera F08, 7,33\u00a0m"},"content":{"rendered":"<p>C\u00e2ble de commande Morse Riviera F08, 7,33\u00a0m &#8211; <\/p>\n<p>C\u00e2bles de t\u00e9l\u00e9commande universels pour tous les moteurs inboard, outboard et \u00e0 arbre arri\u00e8re avec les accessoires appropri\u00e9s. Bornes en acier inoxydable filet\u00e9es 10-32 UNF, c\u0153ur en acier inoxydable de 2 mm, course de 88 mm et diam\u00e8tre de gaine de 8 mm.<\/p>\n","protected":false},"excerpt":{"rendered":"<p>C\u00e2ble de commande Morse Riviera F08, 7,33\u00a0m &#8211; C\u00e2bles de t\u00e9l\u00e9commande universels pour tous les moteurs inboard, outboard et \u00e0<\/p>\n","protected":false},"featured_media":5946294,"comment_status":"open","ping_status":"closed","template":"","meta":[],"product_brand":[3304,2160],"product_cat":[1210],"product_tag":[],"class_list":{"0":"post-730933","1":"product","2":"type-product","3":"status-publish","4":"has-post-thumbnail","6":"product_brand-riviera-fr","7":"product_brand-riviera","8":"product_cat-cables-de-commande-morse","10":"first","11":"instock","12":"shipping-taxable","13":"purchasable","14":"product-type-simple"},"_links":{"self":[{"href":"https:\/\/stoic-curie.212-227-153-4.plesk.page\/fr\/wp-json\/wp\/v2\/product\/730933","targetHints":{"allow":["GET"]}}],"collection":[{"href":"https:\/\/stoic-curie.212-227-153-4.plesk.page\/fr\/wp-json\/wp\/v2\/product"}],"about":[{"href":"https:\/\/stoic-curie.212-227-153-4.plesk.page\/fr\/wp-json\/wp\/v2\/types\/product"}],"replies":[{"embeddable":true,"href":"https:\/\/stoic-curie.212-227-153-4.plesk.page\/fr\/wp-json\/wp\/v2\/comments?post=730933"}],"version-history":[{"count":0,"href":"https:\/\/stoic-curie.212-227-153-4.plesk.page\/fr\/wp-json\/wp\/v2\/product\/730933\/revisions"}],"wp:featuredmedia":[{"embeddable":true,"href":"https:\/\/stoic-curie.212-227-153-4.plesk.page\/fr\/wp-json\/wp\/v2\/media\/5946294"}],"wp:attachment":[{"href":"https:\/\/stoic-curie.212-227-153-4.plesk.page\/fr\/wp-json\/wp\/v2\/media?parent=730933"}],"wp:term":[{"taxonomy":"product_brand","embeddable":true,"href":"https:\/\/stoic-curie.212-227-153-4.plesk.page\/fr\/wp-json\/wp\/v2\/product_brand?post=730933"},{"taxonomy":"product_cat","embeddable":true,"href":"https:\/\/stoic-curie.212-227-153-4.plesk.page\/fr\/wp-json\/wp\/v2\/product_cat?post=730933"},{"taxonomy":"product_tag","embeddable":true,"href":"https:\/\/stoic-curie.212-227-153-4.plesk.page\/fr\/wp-json\/wp\/v2\/product_tag?post=730933"}],"curies":[{"name":"wp","href":"https:\/\/api.w.org\/{rel}","templated":true}]}}