{"id":730941,"date":"2025-03-03T16:09:45","date_gmt":"2025-03-03T15:09:45","guid":{"rendered":"https:\/\/stoic-curie.212-227-153-4.plesk.page\/producto\/jonction-chaine-ancre-sidermarine-en-acier-g70-pour-chaine-d-10-12-mm-8500-kg\/"},"modified":"2026-02-24T23:08:43","modified_gmt":"2026-02-24T23:08:43","slug":"jonction-chaine-ancre-sidermarine-en-acier-g70-pour-chaine-d-10-12-mm-8500-kg","status":"publish","type":"product","link":"https:\/\/stoic-curie.212-227-153-4.plesk.page\/fr\/product\/jonction-chaine-ancre-sidermarine-en-acier-g70-pour-chaine-d-10-12-mm-8500-kg\/","title":{"rendered":"Jonction cha\u00eene-ancre Sidermarine en acier G70, pour cha\u00eene D\u00a010-12\u00a0mm, 8500\u00a0kg"},"content":{"rendered":"<p>Jonction cha\u00eene-ancre Sidermarine en acier G70, pour cha\u00eene D\u00a010-12\u00a0mm, 8500\u00a0kg &#8211; <\/p>\n<p>Connecteur d&#8217;ancre SiderMarine pour une s\u00e9curit\u00e9 compl\u00e8te du bateau et de l&#8217;\u00e9quipage. Id\u00e9al pour les ancres et les cha\u00eenes avec de fortes charges de rupture. La charge de flexion lat\u00e9rale est essentiellement \u00e9gale \u00e0 la verticale.<br \/>&#8211; Corps en acier inoxydable forg\u00e9 haute r\u00e9sistance avec goupilles auto-bloquantes<br \/>&#8211; Goupilles en acier inoxydable 174-PH avec une charge 3 fois sup\u00e9rieure \u00e0 celle de l&#8217;acier inoxydable 316<br \/>&#8211; Goupille de cha\u00eene avec douilles en bronze anti-friction<br \/>&#8211; Rotation sur un flasque en bronze haute r\u00e9sistance sp\u00e9cial<br \/>&#8211; Enti\u00e8rement inspectable pour v\u00e9rifications et nettoyage<\/p>\n","protected":false},"excerpt":{"rendered":"<p>Jonction cha\u00eene-ancre Sidermarine en acier G70, pour cha\u00eene D\u00a010-12\u00a0mm, 8500\u00a0kg &#8211; Connecteur d&#8217;ancre SiderMarine pour une s\u00e9curit\u00e9 compl\u00e8te du bateau<\/p>\n","protected":false},"featured_media":5943751,"comment_status":"open","ping_status":"closed","template":"","meta":[],"product_brand":[3384],"product_cat":[1291],"product_tag":[],"class_list":{"0":"post-730941","1":"product","2":"type-product","3":"status-publish","4":"has-post-thumbnail","6":"product_brand-sidermarine-fr","7":"product_cat-connecteurs-de-chaine-dancrage","9":"first","10":"instock","11":"shipping-taxable","12":"purchasable","13":"product-type-simple"},"_links":{"self":[{"href":"https:\/\/stoic-curie.212-227-153-4.plesk.page\/fr\/wp-json\/wp\/v2\/product\/730941","targetHints":{"allow":["GET"]}}],"collection":[{"href":"https:\/\/stoic-curie.212-227-153-4.plesk.page\/fr\/wp-json\/wp\/v2\/product"}],"about":[{"href":"https:\/\/stoic-curie.212-227-153-4.plesk.page\/fr\/wp-json\/wp\/v2\/types\/product"}],"replies":[{"embeddable":true,"href":"https:\/\/stoic-curie.212-227-153-4.plesk.page\/fr\/wp-json\/wp\/v2\/comments?post=730941"}],"version-history":[{"count":0,"href":"https:\/\/stoic-curie.212-227-153-4.plesk.page\/fr\/wp-json\/wp\/v2\/product\/730941\/revisions"}],"wp:featuredmedia":[{"embeddable":true,"href":"https:\/\/stoic-curie.212-227-153-4.plesk.page\/fr\/wp-json\/wp\/v2\/media\/5943751"}],"wp:attachment":[{"href":"https:\/\/stoic-curie.212-227-153-4.plesk.page\/fr\/wp-json\/wp\/v2\/media?parent=730941"}],"wp:term":[{"taxonomy":"product_brand","embeddable":true,"href":"https:\/\/stoic-curie.212-227-153-4.plesk.page\/fr\/wp-json\/wp\/v2\/product_brand?post=730941"},{"taxonomy":"product_cat","embeddable":true,"href":"https:\/\/stoic-curie.212-227-153-4.plesk.page\/fr\/wp-json\/wp\/v2\/product_cat?post=730941"},{"taxonomy":"product_tag","embeddable":true,"href":"https:\/\/stoic-curie.212-227-153-4.plesk.page\/fr\/wp-json\/wp\/v2\/product_tag?post=730941"}],"curies":[{"name":"wp","href":"https:\/\/api.w.org\/{rel}","templated":true}]}}