{"id":730942,"date":"2025-03-03T16:09:45","date_gmt":"2025-03-03T15:09:45","guid":{"rendered":"https:\/\/stoic-curie.212-227-153-4.plesk.page\/producto\/amortisseur-damarre-sidermarine-mpp-k-pour-bateaux-jusqua-16-t\/"},"modified":"2026-02-24T23:08:43","modified_gmt":"2026-02-24T23:08:43","slug":"amortisseur-damarre-sidermarine-mpp-k-pour-bateaux-jusqua-16-t","status":"publish","type":"product","link":"https:\/\/stoic-curie.212-227-153-4.plesk.page\/fr\/product\/amortisseur-damarre-sidermarine-mpp-k-pour-bateaux-jusqua-16-t\/","title":{"rendered":"Sidermarine MK45 Hybride pour 4 \u00e0 16 tonnes"},"content":{"rendered":"<p>Sidermarine MK45 Hybride pour 4 \u00e0 16 tonnes &#8211; <\/p>\n<p style=\"color: rgb(34, 34, 34); font-family: Arial, Helvetica, sans-serif; font-size: small;\">Ressort d&#8217;amarrage MK 45 Hybride<\/p>\n<p style=\"color: rgb(34, 34, 34); font-family: Arial, Helvetica, sans-serif; font-size: small;\">Le ressort d&#8217;amarrage MK 45 Hybride est con\u00e7u pour des bateaux pesant entre 4 et 16 tonnes.<\/p>\n<p style=\"color: rgb(34, 34, 34); font-family: Arial, Helvetica, sans-serif; font-size: small;\">Ce ressort int\u00e8gre des \u00e9lastom\u00e8res qui am\u00e9liorent sa charge inertielle, offrant plusieurs avantages cl\u00e9s :<\/p>\n<ul style=\"color: rgb(34, 34, 34); font-family: Arial, Helvetica, sans-serif; font-size: small;\">\n<li>Force d&#8217;amortissement progressive<\/li>\n<li>Fonctionnement silencieux et r\u00e9sistance au stress<\/li>\n<li>Composants internes en acier inoxydable 316, sans soudures<\/li>\n<li>Performance fiable sur une large plage de temp\u00e9ratures, de -20\u00b0 \u00e0 +80\u00b0<\/li>\n<\/ul>\n<p style=\"color: rgb(34, 34, 34); font-family: Arial, Helvetica, sans-serif; font-size: small;\">Les amortisseurs hybrides MK brevet\u00e9s utilisent des \u00e9lastom\u00e8res cylindriques qui offrent une forte charge inertielle non progressive par eux-m\u00eames. Lorsqu&#8217;ils sont combin\u00e9s avec le ressort\u2014qu&#8217;il s&#8217;agisse d&#8217;un ressort central unique ou de quatre \u00e0 chaque extr\u00e9mit\u00e9\u2014ils am\u00e9liorent la capacit\u00e9 du syst\u00e8me \u00e0 g\u00e9rer des contraintes importantes. Ce design permet un mouvement progressif qui s&#8217;adapte au mouvement du bateau.<\/p>\n<p style=\"color: rgb(34, 34, 34); font-family: Arial, Helvetica, sans-serif; font-size: small;\">Ces ressorts d&#8217;amarrage sont sp\u00e9cialement con\u00e7us pour r\u00e9duire la tension dans les lignes d&#8217;amarrage. Ils constituent la seule solution efficace pour minimiser l&#8217;oscillation d&#8217;un bateau lorsqu&#8217;il est amarr\u00e9, garantissant la s\u00e9curit\u00e9 en amortissant correctement la tension dans les lignes. Cela r\u00e9duit consid\u00e9rablement les forces exerc\u00e9es sur les taquets de la poupe, cr\u00e9ant un environnement plus stable et confortable pour les utilisateurs.<\/p>\n<p style=\"color: rgb(34, 34, 34); font-family: Arial, Helvetica, sans-serif; font-size: small;\">Sp\u00e9cifications :<\/p>\n<ul style=\"color: rgb(34, 34, 34); font-family: Arial, Helvetica, sans-serif; font-size: small;\">\n<li>Longueur : 96 x 452 mm (3,78 x 17,80 pouces)<\/li>\n<li>Poids : 6,5 kg (14,33 lb)<\/li>\n<li>Convient pour des bateaux pesant de 4 \u00e0 16 tonnes.<\/li>\n<\/ul>\n","protected":false},"excerpt":{"rendered":"<p>Sidermarine MK45 Hybride pour 4 \u00e0 16 tonnes &#8211; Ressort d&#8217;amarrage MK 45 Hybride Le ressort d&#8217;amarrage MK 45 Hybride<\/p>\n","protected":false},"featured_media":5946298,"comment_status":"open","ping_status":"closed","template":"","meta":[],"product_brand":[3384],"product_cat":[1050],"product_tag":[],"class_list":{"0":"post-730942","1":"product","2":"type-product","3":"status-publish","4":"has-post-thumbnail","6":"product_brand-sidermarine-fr","7":"product_cat-amortisseurs-mooring-springs","9":"first","10":"instock","11":"shipping-taxable","12":"purchasable","13":"product-type-simple"},"_links":{"self":[{"href":"https:\/\/stoic-curie.212-227-153-4.plesk.page\/fr\/wp-json\/wp\/v2\/product\/730942","targetHints":{"allow":["GET"]}}],"collection":[{"href":"https:\/\/stoic-curie.212-227-153-4.plesk.page\/fr\/wp-json\/wp\/v2\/product"}],"about":[{"href":"https:\/\/stoic-curie.212-227-153-4.plesk.page\/fr\/wp-json\/wp\/v2\/types\/product"}],"replies":[{"embeddable":true,"href":"https:\/\/stoic-curie.212-227-153-4.plesk.page\/fr\/wp-json\/wp\/v2\/comments?post=730942"}],"version-history":[{"count":0,"href":"https:\/\/stoic-curie.212-227-153-4.plesk.page\/fr\/wp-json\/wp\/v2\/product\/730942\/revisions"}],"wp:featuredmedia":[{"embeddable":true,"href":"https:\/\/stoic-curie.212-227-153-4.plesk.page\/fr\/wp-json\/wp\/v2\/media\/5946298"}],"wp:attachment":[{"href":"https:\/\/stoic-curie.212-227-153-4.plesk.page\/fr\/wp-json\/wp\/v2\/media?parent=730942"}],"wp:term":[{"taxonomy":"product_brand","embeddable":true,"href":"https:\/\/stoic-curie.212-227-153-4.plesk.page\/fr\/wp-json\/wp\/v2\/product_brand?post=730942"},{"taxonomy":"product_cat","embeddable":true,"href":"https:\/\/stoic-curie.212-227-153-4.plesk.page\/fr\/wp-json\/wp\/v2\/product_cat?post=730942"},{"taxonomy":"product_tag","embeddable":true,"href":"https:\/\/stoic-curie.212-227-153-4.plesk.page\/fr\/wp-json\/wp\/v2\/product_tag?post=730942"}],"curies":[{"name":"wp","href":"https:\/\/api.w.org\/{rel}","templated":true}]}}