{"id":730943,"date":"2025-03-03T16:09:45","date_gmt":"2025-03-03T15:09:45","guid":{"rendered":"https:\/\/stoic-curie.212-227-153-4.plesk.page\/producto\/amortisseur-damarre-sidermarine-mpp-k-pour-bateaux-jusqua-20-t-440-mm\/"},"modified":"2026-02-24T23:08:43","modified_gmt":"2026-02-24T23:08:43","slug":"amortisseur-damarre-sidermarine-mpp-k-pour-bateaux-jusqua-20-t-440-mm","status":"publish","type":"product","link":"https:\/\/stoic-curie.212-227-153-4.plesk.page\/fr\/product\/amortisseur-damarre-sidermarine-mpp-k-pour-bateaux-jusqua-20-t-440-mm\/","title":{"rendered":"Sidermarine MK50 Hybride pour 16 \u00e0 20 tonnes"},"content":{"rendered":"<p>Sidermarine MK50 Hybride pour 16 \u00e0 20 tonnes &#8211; <\/p>\n<p style=\"color: rgb(34, 34, 34); font-family: Arial, Helvetica, sans-serif; font-size: small;\">Nous sommes heureux de vous pr\u00e9senter le ressort d&#8217;amarrage hybride MK 50, sp\u00e9cialement con\u00e7u pour les navires pesant entre 16 et 20 tonnes. Ce ressort d&#8217;amarrage int\u00e8gre des \u00e9lastom\u00e8res cylindriques qui am\u00e9liorent sa capacit\u00e9 de charge inertielle et fournissent une force progressive.<\/p>\n<p style=\"color: rgb(34, 34, 34); font-family: Arial, Helvetica, sans-serif; font-size: small;\">Caract\u00e9ristiques principales :<\/p>\n<ul style=\"color: rgb(34, 34, 34); font-family: Arial, Helvetica, sans-serif; font-size: small;\">\n<li>Offre une force d\u2019amortissement progressive<\/li>\n<li>Fonctionne silencieusement et r\u00e9siste au stress<\/li>\n<li>Construit avec des composants internes en acier inoxydable 316, sans sections soud\u00e9es<\/li>\n<li>Fonctionne efficacement dans des plages de temp\u00e9rature de -20\u00b0 \u00e0 +80\u00b0<\/li>\n<\/ul>\n<p style=\"color: rgb(34, 34, 34); font-family: Arial, Helvetica, sans-serif; font-size: small;\">Les amortisseurs de chocs hybrides MK innovants utilisent des \u00e9lastom\u00e8res dans une configuration cylindrique, qui fournissent ind\u00e9pendamment une charge inertielle substantielle. Associ\u00e9s au ressort \u2014 qu&#8217;il s&#8217;agisse d&#8217;un seul ressort central ou de quatre ressorts \u00e0 chaque extr\u00e9mit\u00e9 \u2014 ces composants am\u00e9liorent consid\u00e9rablement les performances sous une contrainte importante. Ce design r\u00e9fl\u00e9chi permet un mouvement progressif qui s&#8217;ajuste aux exigences sp\u00e9cifiques du bateau.<\/p>\n<p style=\"color: rgb(34, 34, 34); font-family: Arial, Helvetica, sans-serif; font-size: small;\">Les ressorts d&#8217;amarrage jouent un r\u00f4le crucial dans l&#8217;all\u00e8gement de la tension des lignes d&#8217;amarrage. Ils repr\u00e9sentent le moyen le plus efficace de r\u00e9duire l&#8217;oscillation d&#8217;un bateau lorsqu&#8217;il est amarr\u00e9, garantissant ainsi la s\u00e9curit\u00e9 en absorbant la tension dans les lignes. Cette action diminue consid\u00e9rablement les forces exerc\u00e9es sur les bollards de poupe, offrant ainsi une exp\u00e9rience plus stable et confortable pour les utilisateurs.<\/p>\n<p style=\"color: rgb(34, 34, 34); font-family: Arial, Helvetica, sans-serif; font-size: small;\">Sp\u00e9cifications :<\/p>\n<ul style=\"color: rgb(34, 34, 34); font-family: Arial, Helvetica, sans-serif; font-size: small;\">\n<li>Dimensions : 96 x 452 mm (3.78 x 17.80 pouces)<\/li>\n<li>Poids : 6,5 kg (14,33 lbs)<\/li>\n<li>Con\u00e7u pour des bateaux pesant entre 16 et 20 tonnes.<\/li>\n<\/ul>\n","protected":false},"excerpt":{"rendered":"<p>Sidermarine MK50 Hybride pour 16 \u00e0 20 tonnes &#8211; Nous sommes heureux de vous pr\u00e9senter le ressort d&#8217;amarrage hybride MK<\/p>\n","protected":false},"featured_media":5946299,"comment_status":"open","ping_status":"closed","template":"","meta":[],"product_brand":[3384],"product_cat":[1050],"product_tag":[],"class_list":{"0":"post-730943","1":"product","2":"type-product","3":"status-publish","4":"has-post-thumbnail","6":"product_brand-sidermarine-fr","7":"product_cat-amortisseurs-mooring-springs","9":"first","10":"instock","11":"shipping-taxable","12":"purchasable","13":"product-type-simple"},"_links":{"self":[{"href":"https:\/\/stoic-curie.212-227-153-4.plesk.page\/fr\/wp-json\/wp\/v2\/product\/730943","targetHints":{"allow":["GET"]}}],"collection":[{"href":"https:\/\/stoic-curie.212-227-153-4.plesk.page\/fr\/wp-json\/wp\/v2\/product"}],"about":[{"href":"https:\/\/stoic-curie.212-227-153-4.plesk.page\/fr\/wp-json\/wp\/v2\/types\/product"}],"replies":[{"embeddable":true,"href":"https:\/\/stoic-curie.212-227-153-4.plesk.page\/fr\/wp-json\/wp\/v2\/comments?post=730943"}],"version-history":[{"count":0,"href":"https:\/\/stoic-curie.212-227-153-4.plesk.page\/fr\/wp-json\/wp\/v2\/product\/730943\/revisions"}],"wp:featuredmedia":[{"embeddable":true,"href":"https:\/\/stoic-curie.212-227-153-4.plesk.page\/fr\/wp-json\/wp\/v2\/media\/5946299"}],"wp:attachment":[{"href":"https:\/\/stoic-curie.212-227-153-4.plesk.page\/fr\/wp-json\/wp\/v2\/media?parent=730943"}],"wp:term":[{"taxonomy":"product_brand","embeddable":true,"href":"https:\/\/stoic-curie.212-227-153-4.plesk.page\/fr\/wp-json\/wp\/v2\/product_brand?post=730943"},{"taxonomy":"product_cat","embeddable":true,"href":"https:\/\/stoic-curie.212-227-153-4.plesk.page\/fr\/wp-json\/wp\/v2\/product_cat?post=730943"},{"taxonomy":"product_tag","embeddable":true,"href":"https:\/\/stoic-curie.212-227-153-4.plesk.page\/fr\/wp-json\/wp\/v2\/product_tag?post=730943"}],"curies":[{"name":"wp","href":"https:\/\/api.w.org\/{rel}","templated":true}]}}