{"id":730944,"date":"2025-03-03T16:09:45","date_gmt":"2025-03-03T15:09:45","guid":{"rendered":"https:\/\/stoic-curie.212-227-153-4.plesk.page\/producto\/amortisseur-damarre-sidermarine-mpp-k-pour-bateaux-jusqua-25-t-440-mm\/"},"modified":"2026-02-24T23:08:43","modified_gmt":"2026-02-24T23:08:43","slug":"amortisseur-damarre-sidermarine-mpp-k-pour-bateaux-jusqua-25-t-440-mm","status":"publish","type":"product","link":"https:\/\/stoic-curie.212-227-153-4.plesk.page\/fr\/product\/amortisseur-damarre-sidermarine-mpp-k-pour-bateaux-jusqua-25-t-440-mm\/","title":{"rendered":"Sidermarine MK50s Hybride pour 20 \u00e0 25 tonnes"},"content":{"rendered":"<p>Sidermarine MK50s Hybride pour 20 \u00e0 25 tonnes &#8211; <\/p>\n<p style=\"color: rgb(34, 34, 34); font-family: Arial, Helvetica, sans-serif; font-size: small;\">D\u00e9couvrez le ressort de mouillage sp\u00e9cial MK 50. Ce ressort de mouillage hybride est con\u00e7u pour les bateaux pesant entre 20 et 25 tonnes. Il est \u00e9quip\u00e9 d&#8217;\u00e9lastom\u00e8res cylindriques qui augmentent sa charge inertielle et offrent une force progressive.<\/p>\n<p style=\"color: rgb(34, 34, 34); font-family: Arial, Helvetica, sans-serif; font-size: small;\">Caract\u00e9ristiques principales :<\/p>\n<ul style=\"color: rgb(34, 34, 34); font-family: Arial, Helvetica, sans-serif; font-size: small;\">\n<li>Force d&#8217;amortissement progressive<\/li>\n<li>Silencieux et r\u00e9sistant au stress<\/li>\n<li>Composants internes en acier inoxydable 316, sans pi\u00e8ces soud\u00e9es<\/li>\n<li>Fonctionne efficacement dans des temp\u00e9ratures allant de -20\u00b0 \u00e0 +80\u00b0<\/li>\n<\/ul>\n<p style=\"color: rgb(34, 34, 34); font-family: Arial, Helvetica, sans-serif; font-size: small;\">Les amortisseurs hybrides MK brevet\u00e9s utilisent des \u00e9lastom\u00e8res de forme cylindrique, qui fournissent \u00e0 eux seuls une charge inertielle \u00e9lev\u00e9e. Lorsqu&#8217;ils sont associ\u00e9s au ressort\u2014qu&#8217;il s&#8217;agisse d&#8217;un ressort central unique ou de quatre \u00e0 chaque extr\u00e9mit\u00e9\u2014ils am\u00e9liorent de mani\u00e8re significative les performances sous forte contrainte. Ce design permet un mouvement progressif qui s&#8217;adapte aux besoins du bateau.<\/p>\n<p style=\"color: rgb(34, 34, 34); font-family: Arial, Helvetica, sans-serif; font-size: small;\">Les ressorts de mouillage sont essentiels pour r\u00e9duire la tension dans les lignes d&#8217;amarrage. Ils constituent la seule solution efficace pour minimiser les oscillations d&#8217;un bateau lorsqu&#8217;il est amarr\u00e9, garantissant la s\u00e9curit\u00e9 en att\u00e9nuant la tension dans les lignes. Cela r\u00e9duit significativement les forces exerc\u00e9es sur les bollards arri\u00e8re, cr\u00e9ant un environnement plus stable et confortable pour les utilisateurs.<\/p>\n<p style=\"color: rgb(34, 34, 34); font-family: Arial, Helvetica, sans-serif; font-size: small;\">Sp\u00e9cifications :<\/p>\n<ul style=\"color: rgb(34, 34, 34); font-family: Arial, Helvetica, sans-serif; font-size: small;\">\n<li>Longueur : 96 x 452 mm (3,78 x 17,80 pouces)<\/li>\n<li>Poids : 6,5 kg (14,33 lbs)<\/li>\n<li>Convient pour les bateaux pesant entre 20 et 25 tonnes.<\/li>\n<\/ul>\n","protected":false},"excerpt":{"rendered":"<p>Sidermarine MK50s Hybride pour 20 \u00e0 25 tonnes &#8211; D\u00e9couvrez le ressort de mouillage sp\u00e9cial MK 50. Ce ressort de<\/p>\n","protected":false},"featured_media":5946300,"comment_status":"open","ping_status":"closed","template":"","meta":[],"product_brand":[3384],"product_cat":[1050],"product_tag":[],"class_list":{"0":"post-730944","1":"product","2":"type-product","3":"status-publish","4":"has-post-thumbnail","6":"product_brand-sidermarine-fr","7":"product_cat-amortisseurs-mooring-springs","9":"first","10":"instock","11":"shipping-taxable","12":"purchasable","13":"product-type-simple"},"_links":{"self":[{"href":"https:\/\/stoic-curie.212-227-153-4.plesk.page\/fr\/wp-json\/wp\/v2\/product\/730944","targetHints":{"allow":["GET"]}}],"collection":[{"href":"https:\/\/stoic-curie.212-227-153-4.plesk.page\/fr\/wp-json\/wp\/v2\/product"}],"about":[{"href":"https:\/\/stoic-curie.212-227-153-4.plesk.page\/fr\/wp-json\/wp\/v2\/types\/product"}],"replies":[{"embeddable":true,"href":"https:\/\/stoic-curie.212-227-153-4.plesk.page\/fr\/wp-json\/wp\/v2\/comments?post=730944"}],"version-history":[{"count":0,"href":"https:\/\/stoic-curie.212-227-153-4.plesk.page\/fr\/wp-json\/wp\/v2\/product\/730944\/revisions"}],"wp:featuredmedia":[{"embeddable":true,"href":"https:\/\/stoic-curie.212-227-153-4.plesk.page\/fr\/wp-json\/wp\/v2\/media\/5946300"}],"wp:attachment":[{"href":"https:\/\/stoic-curie.212-227-153-4.plesk.page\/fr\/wp-json\/wp\/v2\/media?parent=730944"}],"wp:term":[{"taxonomy":"product_brand","embeddable":true,"href":"https:\/\/stoic-curie.212-227-153-4.plesk.page\/fr\/wp-json\/wp\/v2\/product_brand?post=730944"},{"taxonomy":"product_cat","embeddable":true,"href":"https:\/\/stoic-curie.212-227-153-4.plesk.page\/fr\/wp-json\/wp\/v2\/product_cat?post=730944"},{"taxonomy":"product_tag","embeddable":true,"href":"https:\/\/stoic-curie.212-227-153-4.plesk.page\/fr\/wp-json\/wp\/v2\/product_tag?post=730944"}],"curies":[{"name":"wp","href":"https:\/\/api.w.org\/{rel}","templated":true}]}}