{"id":730947,"date":"2025-03-03T16:09:46","date_gmt":"2025-03-03T15:09:46","guid":{"rendered":"https:\/\/stoic-curie.212-227-153-4.plesk.page\/producto\/deshumidificateur-portable-190-x-45-x-h-125-mm\/"},"modified":"2026-02-24T23:08:43","modified_gmt":"2026-02-24T23:08:43","slug":"deshumidificateur-portable-190-x-45-x-h-125-mm","status":"publish","type":"product","link":"https:\/\/stoic-curie.212-227-153-4.plesk.page\/fr\/product\/deshumidificateur-portable-190-x-45-x-h-125-mm\/","title":{"rendered":"D\u00e9shumidificateur portable, 190\u00a0x\u00a045\u00a0x\u00a0H\u00a0125\u00a0mm"},"content":{"rendered":"<p>D\u00e9shumidificateur portable, 190\u00a0x\u00a045\u00a0x\u00a0H\u00a0125\u00a0mm &#8211; <\/p>\n<p>Syst\u00e8me innovant rechargeable d&#8217;absorption d&#8217;humidit\u00e9 sans besoin de remplacer les cristaux. Pr\u00e9vient la moisissure, l&#8217;humidit\u00e9 et les odeurs d\u00e9sagr\u00e9ables dans n&#8217;importe quelle pi\u00e8ce de jusqu&#8217;\u00e0 20 m\u00b3. Il absorbe jusqu&#8217;\u00e0 250 ml d&#8217;humidit\u00e9, qui est ensuite \u00e9limin\u00e9e simplement en connectant l&#8217;appareil \u00e0 une alimentation de 220V pendant quelques heures.<\/p>\n","protected":false},"excerpt":{"rendered":"<p>D\u00e9shumidificateur portable, 190\u00a0x\u00a045\u00a0x\u00a0H\u00a0125\u00a0mm &#8211; Syst\u00e8me innovant rechargeable d&#8217;absorption d&#8217;humidit\u00e9 sans besoin de remplacer les cristaux. Pr\u00e9vient la moisissure, l&#8217;humidit\u00e9 et<\/p>\n","protected":false},"featured_media":5946301,"comment_status":"open","ping_status":"closed","template":"","meta":[],"product_brand":[3234],"product_cat":[1073],"product_tag":[],"class_list":{"0":"post-730947","1":"product","2":"type-product","3":"status-publish","4":"has-post-thumbnail","6":"product_brand-osculati-fr","7":"product_cat-appareils-electromenagers","9":"first","10":"instock","11":"shipping-taxable","12":"purchasable","13":"product-type-simple"},"_links":{"self":[{"href":"https:\/\/stoic-curie.212-227-153-4.plesk.page\/fr\/wp-json\/wp\/v2\/product\/730947","targetHints":{"allow":["GET"]}}],"collection":[{"href":"https:\/\/stoic-curie.212-227-153-4.plesk.page\/fr\/wp-json\/wp\/v2\/product"}],"about":[{"href":"https:\/\/stoic-curie.212-227-153-4.plesk.page\/fr\/wp-json\/wp\/v2\/types\/product"}],"replies":[{"embeddable":true,"href":"https:\/\/stoic-curie.212-227-153-4.plesk.page\/fr\/wp-json\/wp\/v2\/comments?post=730947"}],"version-history":[{"count":0,"href":"https:\/\/stoic-curie.212-227-153-4.plesk.page\/fr\/wp-json\/wp\/v2\/product\/730947\/revisions"}],"wp:featuredmedia":[{"embeddable":true,"href":"https:\/\/stoic-curie.212-227-153-4.plesk.page\/fr\/wp-json\/wp\/v2\/media\/5946301"}],"wp:attachment":[{"href":"https:\/\/stoic-curie.212-227-153-4.plesk.page\/fr\/wp-json\/wp\/v2\/media?parent=730947"}],"wp:term":[{"taxonomy":"product_brand","embeddable":true,"href":"https:\/\/stoic-curie.212-227-153-4.plesk.page\/fr\/wp-json\/wp\/v2\/product_brand?post=730947"},{"taxonomy":"product_cat","embeddable":true,"href":"https:\/\/stoic-curie.212-227-153-4.plesk.page\/fr\/wp-json\/wp\/v2\/product_cat?post=730947"},{"taxonomy":"product_tag","embeddable":true,"href":"https:\/\/stoic-curie.212-227-153-4.plesk.page\/fr\/wp-json\/wp\/v2\/product_tag?post=730947"}],"curies":[{"name":"wp","href":"https:\/\/api.w.org\/{rel}","templated":true}]}}