{"id":730949,"date":"2025-03-03T16:09:46","date_gmt":"2025-03-03T15:09:46","guid":{"rendered":"https:\/\/stoic-curie.212-227-153-4.plesk.page\/producto\/panneau-de-pont-saralon-gris-330-x-760-mm\/"},"modified":"2026-02-24T23:08:43","modified_gmt":"2026-02-24T23:08:43","slug":"panneau-de-pont-saralon-gris-330-x-760-mm","status":"publish","type":"product","link":"https:\/\/stoic-curie.212-227-153-4.plesk.page\/fr\/product\/panneau-de-pont-saralon-gris-330-x-760-mm\/","title":{"rendered":"Panneau de pont Saralon gris, 330\u00a0x\u00a0760\u00a0mm"},"content":{"rendered":"<p>Panneau de pont Saralon gris, 330\u00a0x\u00a0760\u00a0mm &#8211; <\/p>\n<p>Porte de trappe presque indestructible en Saralon (r\u00e9sine de polypropyl\u00e8ne). Marchable, anti-choc et r\u00e9sistant aux rayons UV, solvants et carburants. Joint int\u00e9gr\u00e9 pour un \u00e9tanch\u00e9it\u00e9 parfaite. Certifi\u00e9 CE.<\/p>\n","protected":false},"excerpt":{"rendered":"<p>Panneau de pont Saralon gris, 330\u00a0x\u00a0760\u00a0mm &#8211; Porte de trappe presque indestructible en Saralon (r\u00e9sine de polypropyl\u00e8ne). Marchable, anti-choc et<\/p>\n","protected":false},"featured_media":5946328,"comment_status":"open","ping_status":"closed","template":"","meta":[],"product_brand":[3034],"product_cat":[1121],"product_tag":[],"class_list":{"0":"post-730949","1":"product","2":"type-product","3":"status-publish","4":"has-post-thumbnail","6":"product_brand-jba-marine-fr","7":"product_cat-trappes-de-plastique","9":"first","10":"instock","11":"shipping-taxable","12":"purchasable","13":"product-type-simple"},"_links":{"self":[{"href":"https:\/\/stoic-curie.212-227-153-4.plesk.page\/fr\/wp-json\/wp\/v2\/product\/730949","targetHints":{"allow":["GET"]}}],"collection":[{"href":"https:\/\/stoic-curie.212-227-153-4.plesk.page\/fr\/wp-json\/wp\/v2\/product"}],"about":[{"href":"https:\/\/stoic-curie.212-227-153-4.plesk.page\/fr\/wp-json\/wp\/v2\/types\/product"}],"replies":[{"embeddable":true,"href":"https:\/\/stoic-curie.212-227-153-4.plesk.page\/fr\/wp-json\/wp\/v2\/comments?post=730949"}],"version-history":[{"count":0,"href":"https:\/\/stoic-curie.212-227-153-4.plesk.page\/fr\/wp-json\/wp\/v2\/product\/730949\/revisions"}],"wp:featuredmedia":[{"embeddable":true,"href":"https:\/\/stoic-curie.212-227-153-4.plesk.page\/fr\/wp-json\/wp\/v2\/media\/5946328"}],"wp:attachment":[{"href":"https:\/\/stoic-curie.212-227-153-4.plesk.page\/fr\/wp-json\/wp\/v2\/media?parent=730949"}],"wp:term":[{"taxonomy":"product_brand","embeddable":true,"href":"https:\/\/stoic-curie.212-227-153-4.plesk.page\/fr\/wp-json\/wp\/v2\/product_brand?post=730949"},{"taxonomy":"product_cat","embeddable":true,"href":"https:\/\/stoic-curie.212-227-153-4.plesk.page\/fr\/wp-json\/wp\/v2\/product_cat?post=730949"},{"taxonomy":"product_tag","embeddable":true,"href":"https:\/\/stoic-curie.212-227-153-4.plesk.page\/fr\/wp-json\/wp\/v2\/product_tag?post=730949"}],"curies":[{"name":"wp","href":"https:\/\/api.w.org\/{rel}","templated":true}]}}