{"id":730950,"date":"2025-03-03T16:09:46","date_gmt":"2025-03-03T15:09:46","guid":{"rendered":"https:\/\/stoic-curie.212-227-153-4.plesk.page\/producto\/panneau-de-commande-plat-a-boutons-vetus-bpas\/"},"modified":"2026-02-24T23:08:43","modified_gmt":"2026-02-24T23:08:43","slug":"panneau-de-commande-plat-a-boutons-vetus-bpas","status":"publish","type":"product","link":"https:\/\/stoic-curie.212-227-153-4.plesk.page\/fr\/product\/panneau-de-commande-plat-a-boutons-vetus-bpas\/","title":{"rendered":"Panneau de commande plat \u00e0 boutons Vetus BPAS"},"content":{"rendered":"<p>Panneau de commande plat \u00e0 boutons Vetus BPAS &#8211; <\/p>\n<p>Panneaux de contr\u00f4le \u00e9tanches Vetus 12\/24V. BPSE2 : panneau plat pour \u00e9viter que les c\u00e2bles ne s&#8217;emm\u00ealent, id\u00e9al pour les voiliers. BPAS : panneau en aluminium plat avec touches tactiles temporis\u00e9es. BPSR : panneau rond plat avec touches tactiles temporis\u00e9es. BPJE2 : panneau avec joystick et alarme temporis\u00e9s. BPJR : panneau rond avec joystick et alarme temporis\u00e9s.<\/p>\n","protected":false},"excerpt":{"rendered":"<p>Panneau de commande plat \u00e0 boutons Vetus BPAS &#8211; Panneaux de contr\u00f4le \u00e9tanches Vetus 12\/24V. BPSE2 : panneau plat pour<\/p>\n","protected":false},"featured_media":5946330,"comment_status":"open","ping_status":"closed","template":"","meta":[],"product_brand":[3519],"product_cat":[1035],"product_tag":[],"class_list":{"0":"post-730950","1":"product","2":"type-product","3":"status-publish","4":"has-post-thumbnail","6":"product_brand-vetus-fr","7":"product_cat-propulseurs-detrave-vetus","9":"first","10":"instock","11":"shipping-taxable","12":"purchasable","13":"product-type-simple"},"_links":{"self":[{"href":"https:\/\/stoic-curie.212-227-153-4.plesk.page\/fr\/wp-json\/wp\/v2\/product\/730950","targetHints":{"allow":["GET"]}}],"collection":[{"href":"https:\/\/stoic-curie.212-227-153-4.plesk.page\/fr\/wp-json\/wp\/v2\/product"}],"about":[{"href":"https:\/\/stoic-curie.212-227-153-4.plesk.page\/fr\/wp-json\/wp\/v2\/types\/product"}],"replies":[{"embeddable":true,"href":"https:\/\/stoic-curie.212-227-153-4.plesk.page\/fr\/wp-json\/wp\/v2\/comments?post=730950"}],"version-history":[{"count":0,"href":"https:\/\/stoic-curie.212-227-153-4.plesk.page\/fr\/wp-json\/wp\/v2\/product\/730950\/revisions"}],"wp:featuredmedia":[{"embeddable":true,"href":"https:\/\/stoic-curie.212-227-153-4.plesk.page\/fr\/wp-json\/wp\/v2\/media\/5946330"}],"wp:attachment":[{"href":"https:\/\/stoic-curie.212-227-153-4.plesk.page\/fr\/wp-json\/wp\/v2\/media?parent=730950"}],"wp:term":[{"taxonomy":"product_brand","embeddable":true,"href":"https:\/\/stoic-curie.212-227-153-4.plesk.page\/fr\/wp-json\/wp\/v2\/product_brand?post=730950"},{"taxonomy":"product_cat","embeddable":true,"href":"https:\/\/stoic-curie.212-227-153-4.plesk.page\/fr\/wp-json\/wp\/v2\/product_cat?post=730950"},{"taxonomy":"product_tag","embeddable":true,"href":"https:\/\/stoic-curie.212-227-153-4.plesk.page\/fr\/wp-json\/wp\/v2\/product_tag?post=730950"}],"curies":[{"name":"wp","href":"https:\/\/api.w.org\/{rel}","templated":true}]}}