{"id":730951,"date":"2025-03-03T16:09:47","date_gmt":"2025-03-03T15:09:47","guid":{"rendered":"https:\/\/stoic-curie.212-227-153-4.plesk.page\/producto\/panneau-de-commande-plat-a-bouton-vetus-bpsr-d-52-mm\/"},"modified":"2026-02-24T23:08:43","modified_gmt":"2026-02-24T23:08:43","slug":"panneau-de-commande-plat-a-bouton-vetus-bpsr-d-52-mm","status":"publish","type":"product","link":"https:\/\/stoic-curie.212-227-153-4.plesk.page\/fr\/product\/panneau-de-commande-plat-a-bouton-vetus-bpsr-d-52-mm\/","title":{"rendered":"Panneau de commande plat \u00e0 bouton Vetus BPSR, D\u00a052\u00a0mm"},"content":{"rendered":"<p>Panneau de commande plat \u00e0 bouton Vetus BPSR, D\u00a052\u00a0mm &#8211; <\/p>\n<p>Panneaux de contr\u00f4le \u00e9tanches Vetus 12\/24V \u00e0 commande unique.<br \/>BPSE2 : panneau plat pour \u00e9viter les enchev\u00eatrements, id\u00e9al pour les voiliers.<br \/>BPAS : panneau en aluminium plat avec touches tactiles temporis\u00e9es.<br \/>BPSR : panneau plat rond avec touches tactiles temporis\u00e9es.<br \/>BPJE2 : panneau avec joystick et alarme temporis\u00e9e.<br \/>BPJR : panneau rond avec joystick et alarme temporis\u00e9e.<\/p>\n","protected":false},"excerpt":{"rendered":"<p>Panneau de commande plat \u00e0 bouton Vetus BPSR, D\u00a052\u00a0mm &#8211; Panneaux de contr\u00f4le \u00e9tanches Vetus 12\/24V \u00e0 commande unique.BPSE2 :<\/p>\n","protected":false},"featured_media":5946335,"comment_status":"open","ping_status":"closed","template":"","meta":[],"product_brand":[3519],"product_cat":[1035],"product_tag":[],"class_list":{"0":"post-730951","1":"product","2":"type-product","3":"status-publish","4":"has-post-thumbnail","6":"product_brand-vetus-fr","7":"product_cat-propulseurs-detrave-vetus","9":"first","10":"instock","11":"shipping-taxable","12":"purchasable","13":"product-type-simple"},"_links":{"self":[{"href":"https:\/\/stoic-curie.212-227-153-4.plesk.page\/fr\/wp-json\/wp\/v2\/product\/730951","targetHints":{"allow":["GET"]}}],"collection":[{"href":"https:\/\/stoic-curie.212-227-153-4.plesk.page\/fr\/wp-json\/wp\/v2\/product"}],"about":[{"href":"https:\/\/stoic-curie.212-227-153-4.plesk.page\/fr\/wp-json\/wp\/v2\/types\/product"}],"replies":[{"embeddable":true,"href":"https:\/\/stoic-curie.212-227-153-4.plesk.page\/fr\/wp-json\/wp\/v2\/comments?post=730951"}],"version-history":[{"count":0,"href":"https:\/\/stoic-curie.212-227-153-4.plesk.page\/fr\/wp-json\/wp\/v2\/product\/730951\/revisions"}],"wp:featuredmedia":[{"embeddable":true,"href":"https:\/\/stoic-curie.212-227-153-4.plesk.page\/fr\/wp-json\/wp\/v2\/media\/5946335"}],"wp:attachment":[{"href":"https:\/\/stoic-curie.212-227-153-4.plesk.page\/fr\/wp-json\/wp\/v2\/media?parent=730951"}],"wp:term":[{"taxonomy":"product_brand","embeddable":true,"href":"https:\/\/stoic-curie.212-227-153-4.plesk.page\/fr\/wp-json\/wp\/v2\/product_brand?post=730951"},{"taxonomy":"product_cat","embeddable":true,"href":"https:\/\/stoic-curie.212-227-153-4.plesk.page\/fr\/wp-json\/wp\/v2\/product_cat?post=730951"},{"taxonomy":"product_tag","embeddable":true,"href":"https:\/\/stoic-curie.212-227-153-4.plesk.page\/fr\/wp-json\/wp\/v2\/product_tag?post=730951"}],"curies":[{"name":"wp","href":"https:\/\/api.w.org\/{rel}","templated":true}]}}