{"id":730954,"date":"2025-03-03T16:09:47","date_gmt":"2025-03-03T15:09:47","guid":{"rendered":"https:\/\/stoic-curie.212-227-153-4.plesk.page\/producto\/orbitrade-19097-water-hose-for-volvo-penta-sx-and-dp-s-sterndrives\/"},"modified":"2026-02-24T23:08:43","modified_gmt":"2026-02-24T23:08:43","slug":"orbitrade-19097-water-hose-for-volvo-penta-sx-and-dp-s-sterndrives","status":"publish","type":"product","link":"https:\/\/stoic-curie.212-227-153-4.plesk.page\/fr\/product\/orbitrade-19097-water-hose-for-volvo-penta-sx-and-dp-s-sterndrives\/","title":{"rendered":"Orbitrade 19097 Water Hose for Volvo Penta SX and DP-S Sterndrives"},"content":{"rendered":"<p>Orbitrade 19097 Water Hose for Volvo Penta SX and DP-S Sterndrives &#8211; <\/p>\n<div class=\"col-24 col-md-15\">\n<p>Le tuyau d&#8217;eau Orbitrade Marine est con\u00e7u pour remplacer le num\u00e9ro de pi\u00e8ce Volvo 3852352. Le tuyau d&#8217;eau n\u00e9cessite des colliers de serrage pour \u00eatre fix\u00e9 en place (non inclus). Il est adapt\u00e9 pour les mod\u00e8les de sterndrive Volvo Penta suivants :<\/p>\n<p>SX, DP-S.<\/p>\n<\/div>\n<p><\/p>\n<table class=\"table\">\n<tbody>\n<tr>\n<td><strong>Application<\/strong><\/td>\n<td>Convient aux sterndrives marins Volvo Penta SX et DP-S<\/td>\n<\/tr>\n<tr>\n<td><strong>Marque<\/strong><\/td>\n<td>Orbitrade<\/td>\n<\/tr>\n<tr>\n<td><strong>Convient pour<\/strong><\/td>\n<td>Volvo<\/td>\n<\/tr>\n<tr>\n<td><strong>Remplace<\/strong><\/td>\n<td>Volvo 3852352<\/td>\n<\/tr>\n<\/tbody>\n<\/table>\n","protected":false},"excerpt":{"rendered":"<p>Orbitrade 19097 Water Hose for Volvo Penta SX and DP-S Sterndrives &#8211; Le tuyau d&#8217;eau Orbitrade Marine est con\u00e7u pour<\/p>\n","protected":false},"featured_media":5946342,"comment_status":"open","ping_status":"closed","template":"","meta":[],"product_brand":[2244,3224],"product_cat":[1255],"product_tag":[],"class_list":{"0":"post-730954","1":"product","2":"type-product","3":"status-publish","4":"has-post-thumbnail","6":"product_brand-orbitrade-marine","7":"product_brand-orbitrade-marine-fr","8":"product_cat-pieces-detachees-pour-moteurs-volvo-penta","10":"first","11":"instock","12":"shipping-taxable","13":"purchasable","14":"product-type-simple"},"_links":{"self":[{"href":"https:\/\/stoic-curie.212-227-153-4.plesk.page\/fr\/wp-json\/wp\/v2\/product\/730954","targetHints":{"allow":["GET"]}}],"collection":[{"href":"https:\/\/stoic-curie.212-227-153-4.plesk.page\/fr\/wp-json\/wp\/v2\/product"}],"about":[{"href":"https:\/\/stoic-curie.212-227-153-4.plesk.page\/fr\/wp-json\/wp\/v2\/types\/product"}],"replies":[{"embeddable":true,"href":"https:\/\/stoic-curie.212-227-153-4.plesk.page\/fr\/wp-json\/wp\/v2\/comments?post=730954"}],"version-history":[{"count":0,"href":"https:\/\/stoic-curie.212-227-153-4.plesk.page\/fr\/wp-json\/wp\/v2\/product\/730954\/revisions"}],"wp:featuredmedia":[{"embeddable":true,"href":"https:\/\/stoic-curie.212-227-153-4.plesk.page\/fr\/wp-json\/wp\/v2\/media\/5946342"}],"wp:attachment":[{"href":"https:\/\/stoic-curie.212-227-153-4.plesk.page\/fr\/wp-json\/wp\/v2\/media?parent=730954"}],"wp:term":[{"taxonomy":"product_brand","embeddable":true,"href":"https:\/\/stoic-curie.212-227-153-4.plesk.page\/fr\/wp-json\/wp\/v2\/product_brand?post=730954"},{"taxonomy":"product_cat","embeddable":true,"href":"https:\/\/stoic-curie.212-227-153-4.plesk.page\/fr\/wp-json\/wp\/v2\/product_cat?post=730954"},{"taxonomy":"product_tag","embeddable":true,"href":"https:\/\/stoic-curie.212-227-153-4.plesk.page\/fr\/wp-json\/wp\/v2\/product_tag?post=730954"}],"curies":[{"name":"wp","href":"https:\/\/api.w.org\/{rel}","templated":true}]}}