{"id":730957,"date":"2025-03-03T16:09:48","date_gmt":"2025-03-03T15:09:48","guid":{"rendered":"https:\/\/stoic-curie.212-227-153-4.plesk.page\/producto\/vetus-lt40-plastic-exhaust-gooseneck-40mm-diameter\/"},"modified":"2026-02-24T23:08:43","modified_gmt":"2026-02-24T23:08:43","slug":"vetus-lt40-plastic-exhaust-gooseneck-40mm-diameter","status":"publish","type":"product","link":"https:\/\/stoic-curie.212-227-153-4.plesk.page\/fr\/product\/vetus-lt40-plastic-exhaust-gooseneck-40mm-diameter\/","title":{"rendered":"Vetus LT40 Plastic Exhaust Gooseneck (40mm Diameter)"},"content":{"rendered":"<p>Vetus LT40 Plastic Exhaust Gooseneck (40mm Diameter) &#8211; <\/p>\n<div class=\"col-24 col-md-15\">\n<p>Le gooseneck d&#8217;\u00e9chappement marin Vetus LT40 est fabriqu\u00e9 en plastique et est con\u00e7u pour emp\u00eacher le reflux d&#8217;eau vers le moteur dans un syst\u00e8me d&#8217;\u00e9chappement humide. Ce gooseneck sur\u00e9l\u00e8ve la ligne de tuyau d&#8217;\u00e9chappement au-dessus de la ligne de flottaison, permettant \u00e0 l&#8217;eau de s&#8217;\u00e9couler vers le bas jusqu&#8217;au point le plus bas, o\u00f9 se trouve le verrou d&#8217;eau.<\/p>\n<p>Veuillez noter : les composants d&#8217;\u00e9chappement Vetus sont en plastique et doivent \u00eatre install\u00e9s uniquement dans des syst\u00e8mes d&#8217;\u00e9chappement humides. La temp\u00e9rature maximale ne doit pas d\u00e9passer 70\u00b0C, sinon les composants d&#8217;\u00e9chappement peuvent \u00eatre endommag\u00e9s.<\/p>\n<\/div>\n<p><\/p>\n<table class=\"table\">\n<tbody>\n<tr>\n<td><strong>Hauteur<\/strong><\/td>\n<td>502mm<\/td>\n<\/tr>\n<tr>\n<td><strong>Mat\u00e9riau<\/strong><\/td>\n<td>Plastique<\/td>\n<\/tr>\n<tr>\n<td><strong>Largeur<\/strong><\/td>\n<td>135mm<\/td>\n<\/tr>\n<tr>\n<td><strong>Marque<\/strong><\/td>\n<td>Vetus<\/td>\n<\/tr>\n<tr>\n<td><strong>Taille du port<\/strong><\/td>\n<td>40mm<\/td>\n<\/tr>\n<tr>\n<td><strong>Construction principale<\/strong><\/td>\n<td>Plastique<\/td>\n<\/tr>\n<tr>\n<td><strong>Taille du port d&#8217;entr\u00e9e\/sortie<\/strong><\/td>\n<td>40mm<\/td>\n<\/tr>\n<tr>\n<td><strong>Profondeur<\/strong><\/td>\n<td>182mm<\/td>\n<\/tr>\n<\/tbody>\n<\/table>\n","protected":false},"excerpt":{"rendered":"<p>Vetus LT40 Plastic Exhaust Gooseneck (40mm Diameter) &#8211; Le gooseneck d&#8217;\u00e9chappement marin Vetus LT40 est fabriqu\u00e9 en plastique et est<\/p>\n","protected":false},"featured_media":5946347,"comment_status":"open","ping_status":"closed","template":"","meta":[],"product_brand":[3519],"product_cat":[1220],"product_tag":[],"class_list":{"0":"post-730957","1":"product","2":"type-product","3":"status-publish","4":"has-post-thumbnail","6":"product_brand-vetus-fr","7":"product_cat-waterlocks-et-et-silencieux-dechappement","9":"first","10":"instock","11":"shipping-taxable","12":"purchasable","13":"product-type-simple"},"_links":{"self":[{"href":"https:\/\/stoic-curie.212-227-153-4.plesk.page\/fr\/wp-json\/wp\/v2\/product\/730957","targetHints":{"allow":["GET"]}}],"collection":[{"href":"https:\/\/stoic-curie.212-227-153-4.plesk.page\/fr\/wp-json\/wp\/v2\/product"}],"about":[{"href":"https:\/\/stoic-curie.212-227-153-4.plesk.page\/fr\/wp-json\/wp\/v2\/types\/product"}],"replies":[{"embeddable":true,"href":"https:\/\/stoic-curie.212-227-153-4.plesk.page\/fr\/wp-json\/wp\/v2\/comments?post=730957"}],"version-history":[{"count":0,"href":"https:\/\/stoic-curie.212-227-153-4.plesk.page\/fr\/wp-json\/wp\/v2\/product\/730957\/revisions"}],"wp:featuredmedia":[{"embeddable":true,"href":"https:\/\/stoic-curie.212-227-153-4.plesk.page\/fr\/wp-json\/wp\/v2\/media\/5946347"}],"wp:attachment":[{"href":"https:\/\/stoic-curie.212-227-153-4.plesk.page\/fr\/wp-json\/wp\/v2\/media?parent=730957"}],"wp:term":[{"taxonomy":"product_brand","embeddable":true,"href":"https:\/\/stoic-curie.212-227-153-4.plesk.page\/fr\/wp-json\/wp\/v2\/product_brand?post=730957"},{"taxonomy":"product_cat","embeddable":true,"href":"https:\/\/stoic-curie.212-227-153-4.plesk.page\/fr\/wp-json\/wp\/v2\/product_cat?post=730957"},{"taxonomy":"product_tag","embeddable":true,"href":"https:\/\/stoic-curie.212-227-153-4.plesk.page\/fr\/wp-json\/wp\/v2\/product_tag?post=730957"}],"curies":[{"name":"wp","href":"https:\/\/api.w.org\/{rel}","templated":true}]}}