{"id":730958,"date":"2025-03-03T16:09:48","date_gmt":"2025-03-03T15:09:48","guid":{"rendered":"https:\/\/stoic-curie.212-227-153-4.plesk.page\/producto\/centek-vernalift-grp-exhaust-waterlock-inline-127mm-hose\/"},"modified":"2026-02-24T23:08:43","modified_gmt":"2026-02-24T23:08:43","slug":"centek-vernalift-grp-exhaust-waterlock-inline-127mm-hose","status":"publish","type":"product","link":"https:\/\/stoic-curie.212-227-153-4.plesk.page\/fr\/product\/centek-vernalift-grp-exhaust-waterlock-inline-127mm-hose\/","title":{"rendered":"Centek Vernalift GRP Exhaust Waterlock (Inline \/ 127mm Hose)"},"content":{"rendered":"<p>Centek Vernalift GRP Exhaust Waterlock (Inline \/ 127mm Hose) &#8211; <\/p>\n<div class=\"col-24 col-md-15\">\n<p>Le Centek 1500100 Vernalift est \u00e9quip\u00e9 d&#8217;une configuration &#8216;Inline&#8217;. Ce waterlock est adapt\u00e9 \u00e0 une utilisation avec des moteurs inboard, des voiliers et des g\u00e9n\u00e9rateurs, mais doit \u00eatre install\u00e9 sous le moteur en tant que point le plus bas du syst\u00e8me d&#8217;\u00e9chappement. Il peut \u00eatre install\u00e9 au-dessus ou en dessous de la ligne de flottaison et est adapt\u00e9 aux applications \u00e0 essence (gaz) ou diesel. Il poss\u00e8de de meilleures propri\u00e9t\u00e9s d&#8217;absorption sonore de 22 \u00e0 28 dB selon le moteur utilis\u00e9.<\/p>\n<p>La gamme de waterlocks d&#8217;\u00e9chappement Centek est fabriqu\u00e9e \u00e0 partir de GRP (plastique renforc\u00e9 de verre) r\u00e9sistant \u00e0 la chaleur, ainsi que le reste de leurs composants du syst\u00e8me d&#8217;\u00e9chappement humide. Gr\u00e2ce \u00e0 cette construction, les waterlocks sont r\u00e9sistants \u00e0 la corrosion et peuvent supporter des temp\u00e9ratures allant jusqu&#8217;\u00e0 177 \u00b0C (350 \u00b0F). La gamme d&#8217;\u00e9chappement Centek est approuv\u00e9e par l&#8217;ABS, l&#8217;ABYC, Lloyds et UL.<\/p>\n<p>Le Vernalift de Centek n&#8217;est adapt\u00e9 qu&#8217;\u00e0 une utilisation dans des syst\u00e8mes d&#8217;\u00e9chappement humide et doit \u00eatre utilis\u00e9 avec un tuyau d&#8217;\u00e9chappement marin en caoutchouc approuv\u00e9.<\/p>\n<\/div>\n<p><\/p>\n<table class=\"table\">\n<tbody>\n<tr>\n<td><strong>Application<\/strong><\/td>\n<td>Moteurs inboard, Voiliers &#038; G\u00e9n\u00e9rateurs<\/td>\n<\/tr>\n<tr>\n<td><strong>Longueur<\/strong><\/td>\n<td>Port: 127mm, Total: 559mm<\/td>\n<\/tr>\n<tr>\n<td><strong>Mat\u00e9riau<\/strong><\/td>\n<td>GRP<\/td>\n<\/tr>\n<tr>\n<td><strong>Marque<\/strong><\/td>\n<td>Centek<\/td>\n<\/tr>\n<tr>\n<td><strong>Configuration du Port<\/strong><\/td>\n<td>Inline<\/td>\n<\/tr>\n<tr>\n<td><strong>Taille du Port<\/strong><\/td>\n<td>127mm<\/td>\n<\/tr>\n<tr>\n<td><strong>Construction Principale<\/strong><\/td>\n<td>GRP<\/td>\n<\/tr>\n<tr>\n<td><strong>Convient pour<\/strong><\/td>\n<td>Essence \/ Diesel<\/td>\n<\/tr>\n<tr>\n<td><strong>Pays d&#8217;origine<\/strong><\/td>\n<td>\u00c9tats-Unis<\/td>\n<\/tr>\n<tr>\n<td><strong>R\u00e9duction sonore typique<\/strong><\/td>\n<td>22-28dB<\/td>\n<\/tr>\n<tr>\n<td><strong>Diam\u00e8tre<\/strong><\/td>\n<td>Corps: 313mm<\/td>\n<\/tr>\n<tr>\n<td><strong>Taille du Port d&#8217;Entr\u00e9e et de Sortie<\/strong><\/td>\n<td>127mm (5&#8243;)<\/td>\n<\/tr>\n<tr>\n<td><strong>D\u00e9calage de Port<\/strong><\/td>\n<td>233mm<\/td>\n<\/tr>\n<tr>\n<td><strong>Ligne d&#8217;Eau<\/strong><\/td>\n<td>Au-dessus ou En Dessous<\/td>\n<\/tr>\n<\/tbody>\n<\/table>\n","protected":false},"excerpt":{"rendered":"<p>Centek Vernalift GRP Exhaust Waterlock (Inline \/ 127mm Hose) &#8211; Le Centek 1500100 Vernalift est \u00e9quip\u00e9 d&#8217;une configuration &#8216;Inline&#8217;. Ce<\/p>\n","protected":false},"featured_media":5946348,"comment_status":"open","ping_status":"closed","template":"","meta":[],"product_brand":[3224],"product_cat":[1220],"product_tag":[],"class_list":{"0":"post-730958","1":"product","2":"type-product","3":"status-publish","4":"has-post-thumbnail","6":"product_brand-orbitrade-marine-fr","7":"product_cat-waterlocks-et-et-silencieux-dechappement","9":"first","10":"instock","11":"shipping-taxable","12":"purchasable","13":"product-type-simple"},"_links":{"self":[{"href":"https:\/\/stoic-curie.212-227-153-4.plesk.page\/fr\/wp-json\/wp\/v2\/product\/730958","targetHints":{"allow":["GET"]}}],"collection":[{"href":"https:\/\/stoic-curie.212-227-153-4.plesk.page\/fr\/wp-json\/wp\/v2\/product"}],"about":[{"href":"https:\/\/stoic-curie.212-227-153-4.plesk.page\/fr\/wp-json\/wp\/v2\/types\/product"}],"replies":[{"embeddable":true,"href":"https:\/\/stoic-curie.212-227-153-4.plesk.page\/fr\/wp-json\/wp\/v2\/comments?post=730958"}],"version-history":[{"count":0,"href":"https:\/\/stoic-curie.212-227-153-4.plesk.page\/fr\/wp-json\/wp\/v2\/product\/730958\/revisions"}],"wp:featuredmedia":[{"embeddable":true,"href":"https:\/\/stoic-curie.212-227-153-4.plesk.page\/fr\/wp-json\/wp\/v2\/media\/5946348"}],"wp:attachment":[{"href":"https:\/\/stoic-curie.212-227-153-4.plesk.page\/fr\/wp-json\/wp\/v2\/media?parent=730958"}],"wp:term":[{"taxonomy":"product_brand","embeddable":true,"href":"https:\/\/stoic-curie.212-227-153-4.plesk.page\/fr\/wp-json\/wp\/v2\/product_brand?post=730958"},{"taxonomy":"product_cat","embeddable":true,"href":"https:\/\/stoic-curie.212-227-153-4.plesk.page\/fr\/wp-json\/wp\/v2\/product_cat?post=730958"},{"taxonomy":"product_tag","embeddable":true,"href":"https:\/\/stoic-curie.212-227-153-4.plesk.page\/fr\/wp-json\/wp\/v2\/product_tag?post=730958"}],"curies":[{"name":"wp","href":"https:\/\/api.w.org\/{rel}","templated":true}]}}